{"id":7858,"date":"2025-11-18T12:54:06","date_gmt":"2025-11-18T11:54:06","guid":{"rendered":"https:\/\/www.kode-solutions.net\/?page_id=7858"},"modified":"2025-11-18T12:54:07","modified_gmt":"2025-11-18T11:54:07","slug":"circular-economy-cable","status":"publish","type":"page","link":"https:\/\/www.kode-solutions.net\/it\/progetti-e-case-studies\/circular-economy-cable\/","title":{"rendered":"Circular Economy Cable &#8211; progetto finanziato"},"content":{"rendered":"\r\n\t<div class=\"main-column\" data-target=\"\" data-wrap=\"panel\">\r\n\t\t<div data-animate=\"\" class=\"qzr-dynamic-blocks  white-txt turquoise-health-bkg\" data-block=\"panel\" data-fullscreen=\"1\" data-type=\"card\">\r\n\t\t\t\n\n<div class=\"wp-block-columns is-layout-flex wp-container-core-columns-is-layout-9d6595d7 wp-block-columns-is-layout-flex\"><html><body><div class=\"wp-block-column is-layout-flow wp-block-column-is-layout-flow\" style=\"flex-basis:50%\" data-align-wide-vertical=\"1\">\n<div class=\"wp-block-group\"><div class=\"wp-block-group__inner-container is-layout-constrained wp-block-group-is-layout-constrained\">\n<div class=\"wp-block-group is-vertical is-layout-flex wp-container-core-group-is-layout-8cf370e7 wp-block-group-is-layout-flex\">\n<div class=\"wp-block-group is-vertical is-layout-flex wp-container-core-group-is-layout-8cf370e7 wp-block-group-is-layout-flex\">\n<h1 class=\"qzr-add-controls-is-panel-title qzr-add-controls-is-panel-title-true is-style-font-kode-md-128 wp-block-heading\">Circular Economy Cable<\/h1>\n<\/div>\n<\/div>\n<\/div><\/div>\n\n\n\n<div class=\"wp-block-group is-vertical is-layout-flex wp-container-core-group-is-layout-8cf370e7 wp-block-group-is-layout-flex\">\n<h2 class=\"qzr-add-controls-is-panel-title qzr-add-controls-is-panel-title-true wp-block-heading\"><\/h2>\n\n\n\n<div class=\"wp-block-group is-vertical is-layout-flex wp-container-core-group-is-layout-8cf370e7 wp-block-group-is-layout-flex\">\n<h2 class=\"qzr-add-controls-is-panel-title qzr-add-controls-is-panel-title-true wp-block-heading\">per la piena attuazione dei principi <\/h2>\n\n\n\n<h2 class=\"qzr-add-controls-is-panel-title wp-block-heading\">della circular economy e della <\/h2>\n<\/div>\n\n\n\n<div class=\"wp-block-group is-vertical is-layout-flex wp-container-core-group-is-layout-8cf370e7 wp-block-group-is-layout-flex\">\n<h2 class=\"qzr-add-controls-is-panel-title wp-block-heading\">transizione digitale nei settori  <\/h2>\n\n\n\n<h2 class=\"qzr-add-controls-is-panel-title qzr-add-controls-is-panel-title-true wp-block-heading\">trasporto, energia e connettivit\u00e0<\/h2>\n<\/div>\n\n\n\n<h2 class=\"qzr-add-controls-is-panel-title wp-block-heading\"><\/h2>\n<\/div>\n<\/div>\n<\/body><\/html>\n\n\n<div class=\"wp-block-column is-vertically-aligned-center is-layout-flow wp-block-column-is-layout-flow\" style=\"flex-basis:50%\"><html><body><figure class=\"wp-block-image size-full\" data-fullscreen=\"1\" data-has-live-image=\"1\"><img loading=\"lazy\" decoding=\"async\" width=\"702\" height=\"700\" src=\"https:\/\/www.kode-solutions.net\/site\/wp-content\/uploads\/2023\/10\/unsplash_9vQG6v1md1s.png\" alt=\"\" class=\"wp-image-3157\" srcset=\"https:\/\/www.kode-solutions.net\/site\/wp-content\/uploads\/2023\/10\/unsplash_9vQG6v1md1s.png 702w, https:\/\/www.kode-solutions.net\/site\/wp-content\/uploads\/2023\/10\/unsplash_9vQG6v1md1s-300x300.png 300w, https:\/\/www.kode-solutions.net\/site\/wp-content\/uploads\/2023\/10\/unsplash_9vQG6v1md1s-150x150.png 150w, https:\/\/www.kode-solutions.net\/site\/wp-content\/uploads\/2023\/10\/unsplash_9vQG6v1md1s-36x36.png 36w, https:\/\/www.kode-solutions.net\/site\/wp-content\/uploads\/2023\/10\/unsplash_9vQG6v1md1s-64x64.png 64w\" sizes=\"auto, (max-width: 702px) 100vw, 702px\" \/><\/img><\/figure>\n<\/body><\/html><\/div>\n<\/div>\n\n\t\t\t\t\t<\/div>\r\n\t<\/div>\r\n\r\n\t\n\n\r\n\t<div class=\"main-column\" data-target=\"\" data-wrap=\"panel\">\r\n\t\t<div data-animate=\"\" class=\"qzr-dynamic-blocks   \" data-block=\"panel\" data-fullscreen=\"\" data-type=\"\">\r\n\t\t\t\n<html><body><figure class=\"wp-block-image size-large\" data-fullscreen=\"1\" data-round=\"1\"><img loading=\"lazy\" decoding=\"async\" width=\"1024\" height=\"101\" src=\"https:\/\/www.kode-solutions.net\/site\/wp-content\/uploads\/2025\/11\/Fascia-loghi-AI-1024x101.png\" alt=\"\" class=\"wp-image-7863\" srcset=\"https:\/\/www.kode-solutions.net\/site\/wp-content\/uploads\/2025\/11\/Fascia-loghi-AI-1024x101.png 1024w, https:\/\/www.kode-solutions.net\/site\/wp-content\/uploads\/2025\/11\/Fascia-loghi-AI-300x30.png 300w, https:\/\/www.kode-solutions.net\/site\/wp-content\/uploads\/2025\/11\/Fascia-loghi-AI-768x76.png 768w, https:\/\/www.kode-solutions.net\/site\/wp-content\/uploads\/2025\/11\/Fascia-loghi-AI-1536x152.png 1536w, https:\/\/www.kode-solutions.net\/site\/wp-content\/uploads\/2025\/11\/Fascia-loghi-AI-2048x203.png 2048w, https:\/\/www.kode-solutions.net\/site\/wp-content\/uploads\/2025\/11\/Fascia-loghi-AI-1920x190.png 1920w, https:\/\/www.kode-solutions.net\/site\/wp-content\/uploads\/2025\/11\/Fascia-loghi-AI-36x4.png 36w, https:\/\/www.kode-solutions.net\/site\/wp-content\/uploads\/2025\/11\/Fascia-loghi-AI-64x6.png 64w\" sizes=\"auto, (max-width: 1024px) 100vw, 1024px\" \/><\/img><\/figure>\n<\/body><\/html>\n\t\t\t\t\t<\/div>\r\n\t<\/div>\r\n\r\n\t\n\n\r\n\t<div class=\"main-column\" data-target=\"\" data-wrap=\"panel\">\r\n\t\t<div data-animate=\"\" class=\"qzr-dynamic-blocks  black-txt white-bkg\" data-block=\"panel\" data-fullscreen=\"\" data-type=\"card\">\r\n\t\t\t\n\n<div class=\"wp-block-columns is-layout-flex wp-container-core-columns-is-layout-9d6595d7 wp-block-columns-is-layout-flex\">\n<div class=\"wp-block-column is-layout-flow wp-block-column-is-layout-flow\" style=\"flex-basis:33.33%\">\n<h2 class=\"qzr-add-controls-is-panel-title qzr-add-controls-is-panel-title-true is-style-font-kode-md-48 wp-block-heading\">Il progetto<\/h2>\n<\/div>\n\n\n\n<div class=\"wp-block-column is-layout-flow wp-block-column-is-layout-flow\" style=\"flex-basis:66.66%\">\r\n\t<div class=\"qzr-dynamic-blocks\" data-block=\"accordion\">\r\n\t\t<div class=\"accordion\">\r\n\t\t\t\t\t\t\t<div class=\"element  active\">\r\n\t\t\t\t\t<div class=\"element-title\">\r\n\t\t\t\t\t\t\t\t\t\t\t\t<h3 class=\"is-style-font-kode-md-36 fix-font\">\r\n\t\t\t\t\t\t\tLa Sfida\t\t\t\t\t\t\t\t\t\t\t\t\t<\/h3>\r\n\t\t\t\t\t<\/div> \r\n\t\t\t\t\t<div class=\"element-content is-style-font-kode-md-18\">\r\n\t\t\t\t\t\t<p>Il progetto prevede la progettazione, lo sviluppo e la prototipazione di cavi innovativi per il trasporto di energia e per le telecomunicazioni capaci di integrare nuove funzionalit\u00e0 non esistenti allo stato dell\u2019arte internazionale.<\/p>\n<p><br><\/p>\n<p>L&#8217;obiettivo \u00e8 sviluppare prodotti caratterizzati da una &nbsp;composizione in grado di garantire processi di produzione e di gestione del fine vita con livelli di sostenibilit\u00e0 ambientale superiori a quelli attuali del settore.&nbsp;<\/p>\n<p><br><\/p>\n<p>In particolare, il progetto mira a studiare, con l&#8217;ausilio di tecniche di Design of Experiment e Intelligenza Artificiale,&nbsp;una gamma di guaine ad altissima tecnologia da utilizzare per i nuovi prototipi di cavi pi\u00f9 sostenibili.<\/p>\t\t\t\t\t\t<div class=\"mobile-only\">\r\n\t\t\t\t\t\t\t\t\t\t\t\t\t<\/div>\r\n\t\t\t\t\t<\/div>\r\n\t\t\t\t<\/div>\r\n\t\t\t\t\t\t\t<div class=\"element  active\">\r\n\t\t\t\t\t<div class=\"element-title\">\r\n\t\t\t\t\t\t\t\t\t\t\t\t<h3 class=\"is-style-font-kode-md-36 fix-font\">\r\n\t\t\t\t\t\t\tQuadro di progetto\t\t\t\t\t\t\t\t\t\t\t\t\t<\/h3>\r\n\t\t\t\t\t<\/div> \r\n\t\t\t\t\t<div class=\"element-content is-style-font-kode-md-18\">\r\n\t\t\t\t\t\t<p>Progetto co-finanziato dal POR FESR 2021-2027 \u2013 azione 1.1.4 Ricerca e sviluppo per le imprese anche in raggruppamento con organismi di ricerca \u2013 Bando 1 \u201cProgetti Strategici di ricerca e sviluppo\u201d approvato con Decreto Dirigenziale n. 27716 del 29\/12\/2023 e ss.mm.ii. \u2013 Progetto \u201cSviluppo e prototipazione di innovativi cavi elettrici e per telecomunicazioni a elevata circolarit\u00e0, tracciabilit\u00e0 e visibilit\u00e0, in attuazione dei principi di circular economy e di transizione digitale nei settori del trasporto energia e connettivit\u00e0 dati\u201d Acronimo: \u201cCircularEconomyCable\u201d &#8211; Domanda CUP 27716.29122023.042000136&nbsp;<\/p>\n<p>&nbsp;<\/p>\n<p>Periodo di realizzazione del progetto: 2024-2026<\/p>\n<p>Budget totale del progetto: \u20ac 2.991.125,95<\/p>\n<p>Budget di KODE S.r.l.: \u20ac. 319.787,40<\/p>\n<p>Sostegno finanziario ricevuto da KODE S.r.l.: \u20ac 143.904,33<\/p>\t\t\t\t\t\t<div class=\"mobile-only\">\r\n\t\t\t\t\t\t\t\t\t\t\t\t\t<\/div>\r\n\t\t\t\t\t<\/div>\r\n\t\t\t\t<\/div>\r\n\t\t\t\t\t<\/div>\r\n\t<\/div>\r\n\r\n\t\n\n\n<p><\/p>\n<\/div>\n<\/div>\n\n\t\t\t\t\t<\/div>\r\n\t<\/div>\r\n\r\n\t\n\n\r\n\t<div class=\"main-column\" data-target=\"\" data-wrap=\"panel\">\r\n\t\t<div data-animate=\"fade-in\" class=\"qzr-dynamic-blocks  black-txt dark-gray-bkg\" data-block=\"panel\" data-fullscreen=\"\" data-type=\"card\">\r\n\t\t\t\n\n<div class=\"wp-block-columns is-layout-flex wp-container-core-columns-is-layout-9d6595d7 wp-block-columns-is-layout-flex\"><html><body><div class=\"wp-block-column is-vertically-aligned-center is-layout-flow wp-block-column-is-layout-flow\" style=\"&#13;&#10;&#9;&#9;&#9;&#9;display: flex; &#13;&#10;&#9;&#9;&#9;&#9;min-height:400px; &#13;&#10;&#9;&#9;&#9;&#9;justify-content: center;&#13;&#10;&#9;&#9;&#9;&#9;flex-direction: column;&#13;&#10;&#9;&#9;&#9;\">\n<h2 class=\"qzr-add-controls-is-panel-title qzr-add-controls-is-panel-title-true is-style-font-kode-md-48 wp-block-heading\">I Risultati<\/h2>\n\n\n\n<p class=\"is-style-font-kode-md-18\">Lo studio ha condotto allo sviluppo di una nuova tipologia di guaine basate su matrici polimeriche provenienti sia da fonti bio-based sia dal riciclo chimico e meccanico di materiale plastico. <\/p>\n\n\n\n<p class=\"is-style-font-kode-md-18\">Grazie a queste nuove soluzioni, sar\u00e0 possibile\u00a0riprogettare la produzione del cavo utilizzando materiali altamente sostenibili e rispettando i pi\u00f9 avanzati principi della bioeconomia e della economia circolare, rendendo al tempo stesso maggiormente resiliente l\u2019apparato produttivo rispetto a possibili problematiche di approvvigionamento grazie alla diversificazione delle fonti e delle materie prime utilizzate.<\/p>\n<\/div>\n<\/body><\/html>\n\n\n<div class=\"wp-block-column is-layout-flow wp-block-column-is-layout-flow\"><html><body><figure class=\"wp-block-image size-full\" data-has-live-image=\"1\"><img loading=\"lazy\" decoding=\"async\" width=\"1281\" height=\"700\" src=\"https:\/\/www.kode-solutions.net\/site\/wp-content\/uploads\/2024\/05\/unsplash_bcqDxjddPGk.png\" alt=\"\" class=\"wp-image-4803\" srcset=\"https:\/\/www.kode-solutions.net\/site\/wp-content\/uploads\/2024\/05\/unsplash_bcqDxjddPGk.png 1281w, https:\/\/www.kode-solutions.net\/site\/wp-content\/uploads\/2024\/05\/unsplash_bcqDxjddPGk-300x164.png 300w, https:\/\/www.kode-solutions.net\/site\/wp-content\/uploads\/2024\/05\/unsplash_bcqDxjddPGk-1024x560.png 1024w, https:\/\/www.kode-solutions.net\/site\/wp-content\/uploads\/2024\/05\/unsplash_bcqDxjddPGk-768x420.png 768w, https:\/\/www.kode-solutions.net\/site\/wp-content\/uploads\/2024\/05\/unsplash_bcqDxjddPGk-36x20.png 36w, https:\/\/www.kode-solutions.net\/site\/wp-content\/uploads\/2024\/05\/unsplash_bcqDxjddPGk-64x35.png 64w\" sizes=\"auto, (max-width: 1281px) 100vw, 1281px\" \/><\/img><\/figure>\n<\/body><\/html><\/div>\n<\/div>\n\n\t\t\t\t\t<\/div>\r\n\t<\/div>\r\n\r\n\t\n\n\t\t<div class=\"main-column\">\r\n\t\t\t<div data-animate=\"\" class=\"qzr-dynamic-blocks black-txt white-bkg\" data-block=\"call-to-action\">\r\n\t\t\t\t<div class=\"content\">\r\n\t\t\t\t\t\t\t\t\t\t<div class=\"is-style-font-kode-md-36\">\r\n\t\t\t\t\t\t<p>Vuoi saperne di pi\u00f9 di questa Case history?<\/p>\n<p>Scrivici subito!<\/p>\t\t\t\t\t<\/div>\r\n\t\t\t\t<\/div>\r\n\t\t\t\t<div class=\"actions\">\r\n\t\t\t\t\t\t\t\t\t\t\t\t\t\t\t\t\t\t<div class=\"action\">\r\n\t\t\t\t\t\t\t\t<a class=\"button purple-bkg gray-txt\" href=\"#contactus\" title=\"Contact Us\" target=\"_blank\">\r\n\t\t\t\t\t\t\t\t\t\t\t\t\t\t\t\t\t\tContact Us\t\t\t\t\t\t\t\t<\/a>\r\n\t\t\t\t\t\t\t<\/div>\r\n\t\t\t\t\t\t\t\t\t\t\t\t\t\t\t<\/div>\r\n\t\t\t<\/div>\r\n\t\t<\/div>\r\n\r\n\t","protected":false},"excerpt":{"rendered":"","protected":false},"author":6,"featured_media":3157,"parent":5042,"menu_order":0,"comment_status":"closed","ping_status":"closed","template":"","meta":{"footnotes":""},"class_list":["post-7858","page","type-page","status-publish","has-post-thumbnail","hentry"],"qzr_fp_pages_ids":{"news":{"page_id":5040,"label":"Pagina news"}},"yoast_head":"<!-- This site is optimized with the Yoast SEO plugin v23.4 - https:\/\/yoast.com\/wordpress\/plugins\/seo\/ -->\n<title>Progetto finanziato: Circular Economy Cable<\/title>\n<meta name=\"description\" content=\"Progetto per l&#039;attuazione dei principi della circular economy e della transizione digitale nei settori trasporto, energia e connettivit\u00e0\" \/>\n<meta name=\"robots\" content=\"index, follow, max-snippet:-1, max-image-preview:large, max-video-preview:-1\" \/>\n<link rel=\"canonical\" href=\"https:\/\/www.kode-solutions.net\/it\/progetti-e-case-studies\/circular-economy-cable\/\" \/>\n<meta property=\"og:locale\" content=\"it_IT\" \/>\n<meta property=\"og:type\" content=\"article\" \/>\n<meta property=\"og:title\" content=\"Progetto finanziato: Circular Economy Cable\" \/>\n<meta property=\"og:description\" content=\"Progetto per l&#039;attuazione dei principi della circular economy e della transizione digitale nei settori trasporto, energia e connettivit\u00e0\" \/>\n<meta property=\"og:url\" content=\"https:\/\/www.kode-solutions.net\/it\/progetti-e-case-studies\/circular-economy-cable\/\" \/>\n<meta property=\"og:site_name\" content=\"Kode\" \/>\n<meta property=\"article:publisher\" content=\"https:\/\/www.facebook.com\/kode.solutions\" \/>\n<meta property=\"article:modified_time\" content=\"2025-11-18T11:54:07+00:00\" \/>\n<meta property=\"og:image\" content=\"https:\/\/www.kode-solutions.net\/site\/wp-content\/uploads\/2023\/10\/unsplash_9vQG6v1md1s.png\" \/>\n\t<meta property=\"og:image:width\" content=\"702\" \/>\n\t<meta property=\"og:image:height\" content=\"700\" \/>\n\t<meta property=\"og:image:type\" content=\"image\/png\" \/>\n<meta name=\"twitter:card\" content=\"summary_large_image\" \/>\n<meta name=\"twitter:site\" content=\"@kode_solutions\" \/>\n<meta name=\"twitter:label1\" content=\"Tempo di lettura stimato\" \/>\n\t<meta name=\"twitter:data1\" content=\"2 minuti\" \/>\n<script type=\"application\/ld+json\" class=\"yoast-schema-graph\">{\"@context\":\"https:\/\/schema.org\",\"@graph\":[{\"@type\":\"WebPage\",\"@id\":\"https:\/\/www.kode-solutions.net\/it\/progetti-e-case-studies\/circular-economy-cable\/\",\"url\":\"https:\/\/www.kode-solutions.net\/it\/progetti-e-case-studies\/circular-economy-cable\/\",\"name\":\"Progetto finanziato: Circular Economy Cable\",\"isPartOf\":{\"@id\":\"https:\/\/www.kode-solutions.net\/#website\"},\"primaryImageOfPage\":{\"@id\":\"https:\/\/www.kode-solutions.net\/it\/progetti-e-case-studies\/circular-economy-cable\/#primaryimage\"},\"image\":{\"@id\":\"https:\/\/www.kode-solutions.net\/it\/progetti-e-case-studies\/circular-economy-cable\/#primaryimage\"},\"thumbnailUrl\":\"https:\/\/www.kode-solutions.net\/site\/wp-content\/uploads\/2023\/10\/unsplash_9vQG6v1md1s.png\",\"datePublished\":\"2025-11-18T11:54:06+00:00\",\"dateModified\":\"2025-11-18T11:54:07+00:00\",\"description\":\"Progetto per l'attuazione dei principi della circular economy e della transizione digitale nei settori trasporto, energia e connettivit\u00e0\",\"breadcrumb\":{\"@id\":\"https:\/\/www.kode-solutions.net\/it\/progetti-e-case-studies\/circular-economy-cable\/#breadcrumb\"},\"inLanguage\":\"it-IT\",\"potentialAction\":[{\"@type\":\"ReadAction\",\"target\":[\"https:\/\/www.kode-solutions.net\/it\/progetti-e-case-studies\/circular-economy-cable\/\"]}]},{\"@type\":\"ImageObject\",\"inLanguage\":\"it-IT\",\"@id\":\"https:\/\/www.kode-solutions.net\/it\/progetti-e-case-studies\/circular-economy-cable\/#primaryimage\",\"url\":\"https:\/\/www.kode-solutions.net\/site\/wp-content\/uploads\/2023\/10\/unsplash_9vQG6v1md1s.png\",\"contentUrl\":\"https:\/\/www.kode-solutions.net\/site\/wp-content\/uploads\/2023\/10\/unsplash_9vQG6v1md1s.png\",\"width\":702,\"height\":700},{\"@type\":\"BreadcrumbList\",\"@id\":\"https:\/\/www.kode-solutions.net\/it\/progetti-e-case-studies\/circular-economy-cable\/#breadcrumb\",\"itemListElement\":[{\"@type\":\"ListItem\",\"position\":1,\"name\":\"Home\",\"item\":\"https:\/\/www.kode-solutions.net\/it\/\"},{\"@type\":\"ListItem\",\"position\":2,\"name\":\"Progetti\",\"item\":\"https:\/\/www.kode-solutions.net\/it\/progetti-e-case-studies\/\"},{\"@type\":\"ListItem\",\"position\":3,\"name\":\"Circular Economy Cable &#8211; progetto finanziato\"}]},{\"@type\":\"WebSite\",\"@id\":\"https:\/\/www.kode-solutions.net\/#website\",\"url\":\"https:\/\/www.kode-solutions.net\/\",\"name\":\"Kode\",\"description\":\"From Data to Knowledge\",\"publisher\":{\"@id\":\"https:\/\/www.kode-solutions.net\/#organization\"},\"potentialAction\":[{\"@type\":\"SearchAction\",\"target\":{\"@type\":\"EntryPoint\",\"urlTemplate\":\"https:\/\/www.kode-solutions.net\/?s={search_term_string}\"},\"query-input\":{\"@type\":\"PropertyValueSpecification\",\"valueRequired\":true,\"valueName\":\"search_term_string\"}}],\"inLanguage\":\"it-IT\"},{\"@type\":\"Organization\",\"@id\":\"https:\/\/www.kode-solutions.net\/#organization\",\"name\":\"Kode s.r.l.\",\"url\":\"https:\/\/www.kode-solutions.net\/\",\"logo\":{\"@type\":\"ImageObject\",\"inLanguage\":\"it-IT\",\"@id\":\"https:\/\/www.kode-solutions.net\/#\/schema\/logo\/image\/\",\"url\":\"https:\/\/www.kode-solutions.net\/site\/wp-content\/uploads\/2022\/10\/kode.svg\",\"contentUrl\":\"https:\/\/www.kode-solutions.net\/site\/wp-content\/uploads\/2022\/10\/kode.svg\",\"width\":121,\"height\":27,\"caption\":\"Kode s.r.l.\"},\"image\":{\"@id\":\"https:\/\/www.kode-solutions.net\/#\/schema\/logo\/image\/\"},\"sameAs\":[\"https:\/\/www.facebook.com\/kode.solutions\",\"https:\/\/x.com\/kode_solutions\",\"https:\/\/www.instagram.com\/kode_solutions\/\",\"https:\/\/www.linkedin.com\/company\/kode\/\"]}]}<\/script>\n<!-- \/ Yoast SEO plugin. -->","yoast_head_json":{"title":"Progetto finanziato: Circular Economy Cable","description":"Progetto per l'attuazione dei principi della circular economy e della transizione digitale nei settori trasporto, energia e connettivit\u00e0","robots":{"index":"index","follow":"follow","max-snippet":"max-snippet:-1","max-image-preview":"max-image-preview:large","max-video-preview":"max-video-preview:-1"},"canonical":"https:\/\/www.kode-solutions.net\/it\/progetti-e-case-studies\/circular-economy-cable\/","og_locale":"it_IT","og_type":"article","og_title":"Progetto finanziato: Circular Economy Cable","og_description":"Progetto per l'attuazione dei principi della circular economy e della transizione digitale nei settori trasporto, energia e connettivit\u00e0","og_url":"https:\/\/www.kode-solutions.net\/it\/progetti-e-case-studies\/circular-economy-cable\/","og_site_name":"Kode","article_publisher":"https:\/\/www.facebook.com\/kode.solutions","article_modified_time":"2025-11-18T11:54:07+00:00","og_image":[{"width":702,"height":700,"url":"https:\/\/www.kode-solutions.net\/site\/wp-content\/uploads\/2023\/10\/unsplash_9vQG6v1md1s.png","type":"image\/png"}],"twitter_card":"summary_large_image","twitter_site":"@kode_solutions","twitter_misc":{"Tempo di lettura stimato":"2 minuti"},"schema":{"@context":"https:\/\/schema.org","@graph":[{"@type":"WebPage","@id":"https:\/\/www.kode-solutions.net\/it\/progetti-e-case-studies\/circular-economy-cable\/","url":"https:\/\/www.kode-solutions.net\/it\/progetti-e-case-studies\/circular-economy-cable\/","name":"Progetto finanziato: Circular Economy Cable","isPartOf":{"@id":"https:\/\/www.kode-solutions.net\/#website"},"primaryImageOfPage":{"@id":"https:\/\/www.kode-solutions.net\/it\/progetti-e-case-studies\/circular-economy-cable\/#primaryimage"},"image":{"@id":"https:\/\/www.kode-solutions.net\/it\/progetti-e-case-studies\/circular-economy-cable\/#primaryimage"},"thumbnailUrl":"https:\/\/www.kode-solutions.net\/site\/wp-content\/uploads\/2023\/10\/unsplash_9vQG6v1md1s.png","datePublished":"2025-11-18T11:54:06+00:00","dateModified":"2025-11-18T11:54:07+00:00","description":"Progetto per l'attuazione dei principi della circular economy e della transizione digitale nei settori trasporto, energia e connettivit\u00e0","breadcrumb":{"@id":"https:\/\/www.kode-solutions.net\/it\/progetti-e-case-studies\/circular-economy-cable\/#breadcrumb"},"inLanguage":"it-IT","potentialAction":[{"@type":"ReadAction","target":["https:\/\/www.kode-solutions.net\/it\/progetti-e-case-studies\/circular-economy-cable\/"]}]},{"@type":"ImageObject","inLanguage":"it-IT","@id":"https:\/\/www.kode-solutions.net\/it\/progetti-e-case-studies\/circular-economy-cable\/#primaryimage","url":"https:\/\/www.kode-solutions.net\/site\/wp-content\/uploads\/2023\/10\/unsplash_9vQG6v1md1s.png","contentUrl":"https:\/\/www.kode-solutions.net\/site\/wp-content\/uploads\/2023\/10\/unsplash_9vQG6v1md1s.png","width":702,"height":700},{"@type":"BreadcrumbList","@id":"https:\/\/www.kode-solutions.net\/it\/progetti-e-case-studies\/circular-economy-cable\/#breadcrumb","itemListElement":[{"@type":"ListItem","position":1,"name":"Home","item":"https:\/\/www.kode-solutions.net\/it\/"},{"@type":"ListItem","position":2,"name":"Progetti","item":"https:\/\/www.kode-solutions.net\/it\/progetti-e-case-studies\/"},{"@type":"ListItem","position":3,"name":"Circular Economy Cable &#8211; progetto finanziato"}]},{"@type":"WebSite","@id":"https:\/\/www.kode-solutions.net\/#website","url":"https:\/\/www.kode-solutions.net\/","name":"Kode","description":"From Data to Knowledge","publisher":{"@id":"https:\/\/www.kode-solutions.net\/#organization"},"potentialAction":[{"@type":"SearchAction","target":{"@type":"EntryPoint","urlTemplate":"https:\/\/www.kode-solutions.net\/?s={search_term_string}"},"query-input":{"@type":"PropertyValueSpecification","valueRequired":true,"valueName":"search_term_string"}}],"inLanguage":"it-IT"},{"@type":"Organization","@id":"https:\/\/www.kode-solutions.net\/#organization","name":"Kode s.r.l.","url":"https:\/\/www.kode-solutions.net\/","logo":{"@type":"ImageObject","inLanguage":"it-IT","@id":"https:\/\/www.kode-solutions.net\/#\/schema\/logo\/image\/","url":"https:\/\/www.kode-solutions.net\/site\/wp-content\/uploads\/2022\/10\/kode.svg","contentUrl":"https:\/\/www.kode-solutions.net\/site\/wp-content\/uploads\/2022\/10\/kode.svg","width":121,"height":27,"caption":"Kode s.r.l."},"image":{"@id":"https:\/\/www.kode-solutions.net\/#\/schema\/logo\/image\/"},"sameAs":["https:\/\/www.facebook.com\/kode.solutions","https:\/\/x.com\/kode_solutions","https:\/\/www.instagram.com\/kode_solutions\/","https:\/\/www.linkedin.com\/company\/kode\/"]}]}},"_links":{"self":[{"href":"https:\/\/www.kode-solutions.net\/it\/wp-json\/wp\/v2\/pages\/7858","targetHints":{"allow":["GET"]}}],"collection":[{"href":"https:\/\/www.kode-solutions.net\/it\/wp-json\/wp\/v2\/pages"}],"about":[{"href":"https:\/\/www.kode-solutions.net\/it\/wp-json\/wp\/v2\/types\/page"}],"author":[{"embeddable":true,"href":"https:\/\/www.kode-solutions.net\/it\/wp-json\/wp\/v2\/users\/6"}],"replies":[{"embeddable":true,"href":"https:\/\/www.kode-solutions.net\/it\/wp-json\/wp\/v2\/comments?post=7858"}],"version-history":[{"count":19,"href":"https:\/\/www.kode-solutions.net\/it\/wp-json\/wp\/v2\/pages\/7858\/revisions"}],"predecessor-version":[{"id":7880,"href":"https:\/\/www.kode-solutions.net\/it\/wp-json\/wp\/v2\/pages\/7858\/revisions\/7880"}],"up":[{"embeddable":true,"href":"https:\/\/www.kode-solutions.net\/it\/wp-json\/wp\/v2\/pages\/5042"}],"wp:featuredmedia":[{"embeddable":true,"href":"https:\/\/www.kode-solutions.net\/it\/wp-json\/wp\/v2\/media\/3157"}],"wp:attachment":[{"href":"https:\/\/www.kode-solutions.net\/it\/wp-json\/wp\/v2\/media?parent=7858"}],"curies":[{"name":"wp","href":"https:\/\/api.w.org\/{rel}","templated":true}]}}