{"id":5092,"date":"2023-09-01T14:46:08","date_gmt":"2023-09-01T12:46:08","guid":{"rendered":"https:\/\/www.kode-solutions.net\/?page_id=5092"},"modified":"2024-07-31T11:30:39","modified_gmt":"2024-07-31T09:30:39","slug":"fast","status":"publish","type":"page","link":"https:\/\/www.kode-solutions.net\/it\/prodotti-e-framework-di-ai\/alchemy\/fast\/","title":{"rendered":"Fast"},"content":{"rendered":"\r\n\t<div class=\"main-column\" data-target=\"\" data-wrap=\"panel\">\r\n\t\t<div data-animate=\"\" class=\"qzr-dynamic-blocks  white-txt black-bkg\" data-block=\"panel\" data-fullscreen=\"1\" data-type=\"card\">\r\n\t\t\t\n\n<div class=\"wp-block-columns is-layout-flex wp-container-core-columns-is-layout-9d6595d7 wp-block-columns-is-layout-flex\"><html><body><div class=\"wp-block-column is-layout-flow wp-block-column-is-layout-flow\" style=\"flex-basis:50%\" data-align-wide-vertical=\"1\">\n<div class=\"wp-block-group\"><div class=\"wp-block-group__inner-container is-layout-constrained wp-block-group-is-layout-constrained\">\n<h1 class=\"qzr-add-controls-is-panel-title qzr-add-controls-is-panel-title-true is-style-font-kode-md-80 wp-block-heading\">Feature Selection<br><\/br>nella modellazione QSAR<\/h1>\n<\/div><\/div>\n\n\n\n<p>FAST, uno strumento basato sull\u2019approccio full-search per eseguire rapidamente la selezione delle caratteristiche, \u00e8 il primo software di una suite progettata per guidare chimici computazionali, laboratori e aziende lungo l&#8217;intero processo di modellazione QSAR<\/p>\n\n\n\n<p><\/p>\n\n\n\n<p><\/p>\n\n\n\n<figure class=\"wp-block-image size-full is-resized\"><img loading=\"lazy\" decoding=\"async\" width=\"212\" height=\"110\" src=\"https:\/\/www.kode-solutions.net\/site\/wp-content\/uploads\/2023\/08\/Badge-Presentation-1.png\" alt=\"\" class=\"wp-image-2831\" style=\"width:94px;height:49px\" srcset=\"https:\/\/www.kode-solutions.net\/site\/wp-content\/uploads\/2023\/08\/Badge-Presentation-1.png 212w, https:\/\/www.kode-solutions.net\/site\/wp-content\/uploads\/2023\/08\/Badge-Presentation-1-36x19.png 36w, https:\/\/www.kode-solutions.net\/site\/wp-content\/uploads\/2023\/08\/Badge-Presentation-1-64x33.png 64w\" sizes=\"auto, (max-width: 212px) 100vw, 212px\" \/><\/img><\/figure>\n\n\n\n<p class=\"is-style-font-kode-md-24 has-white-color has-text-color\">Scopri di pi\u00f9 su <a href=\"https:\/\/www.kode-solutions.net\/queen\/\">QUEEN<\/a> e l&#8217;intera <a href=\"https:\/\/www.kode-solutions.net\/products\/alchemy\/\">Suite ALChemy<\/a><\/p>\n<\/div>\n<\/body><\/html>\n\n\n<div class=\"wp-block-column is-vertically-aligned-center is-layout-flow wp-block-column-is-layout-flow\" style=\"flex-basis:50%\"><html><body><figure class=\"wp-block-image size-large\" data-fullscreen=\"1\" data-has-live-image=\"1\"><img loading=\"lazy\" decoding=\"async\" width=\"1024\" height=\"940\" src=\"https:\/\/www.kode-solutions.net\/site\/wp-content\/uploads\/2023\/08\/unsplash_tGYrlchfObE-4-1024x940.png\" alt=\"\" class=\"wp-image-2850\" srcset=\"https:\/\/www.kode-solutions.net\/site\/wp-content\/uploads\/2023\/08\/unsplash_tGYrlchfObE-4-1024x940.png 1024w, https:\/\/www.kode-solutions.net\/site\/wp-content\/uploads\/2023\/08\/unsplash_tGYrlchfObE-4-300x275.png 300w, https:\/\/www.kode-solutions.net\/site\/wp-content\/uploads\/2023\/08\/unsplash_tGYrlchfObE-4-768x705.png 768w, https:\/\/www.kode-solutions.net\/site\/wp-content\/uploads\/2023\/08\/unsplash_tGYrlchfObE-4-1536x1410.png 1536w\" sizes=\"auto, (max-width: 1024px) 100vw, 1024px\" \/><\/img><\/figure>\n<\/body><\/html><\/div>\n<\/div>\n\n\t\t\t\t\t<\/div>\r\n\t<\/div>\r\n\r\n\t\n\n\t\t<div class=\"main-column\">\r\n\t\t\t<div data-animate=\"\" class=\"qzr-dynamic-blocks white-txt verde-chemo-bkg\" data-block=\"call-to-action\">\r\n\t\t\t\t<div class=\"content\">\r\n\t\t\t\t\t\t\t\t\t\t\t<div class=\"icon\"><img decoding=\"async\" src=\"https:\/\/www.kode-solutions.net\/site\/wp-content\/uploads\/2022\/11\/search.png\" alt=\"Call to action\"\/><\/div>\r\n\t\t\t\t\t\t\t\t\t\t<div class=\"is-style-font-kode-md-36\">\r\n\t\t\t\t\t\t<p>&nbsp;Vuoi saperne di pi\u00f9? Prenota una presentazione con il nostro team&nbsp;<\/p>\t\t\t\t\t<\/div>\r\n\t\t\t\t<\/div>\r\n\t\t\t\t<div class=\"actions\">\r\n\t\t\t\t\t\t\t\t\t\t\t\t\t\t\t\t\t\t<div class=\"action\">\r\n\t\t\t\t\t\t\t\t<a class=\"button white-bkg black-txt\" href=\"https:\/\/calendly.com\/a-sommovigo-kode\/alchemy_suite_intro?month=2024-02\" title=\"Prendi appuntamento\" target=\"_blank\">\r\n\t\t\t\t\t\t\t\t\t\t\t\t\t\t\t\t\t\tPrendi appuntamento\t\t\t\t\t\t\t\t<\/a>\r\n\t\t\t\t\t\t\t<\/div>\r\n\t\t\t\t\t\t\t\t\t\t\t\t\t\t\t<\/div>\r\n\t\t\t<\/div>\r\n\t\t<\/div>\r\n\r\n\t\n\n\r\n\t<div class=\"main-column\" data-target=\"\" data-wrap=\"panel\">\r\n\t\t<div data-animate=\"fade-in\" class=\"qzr-dynamic-blocks   white-bkg\" data-block=\"panel\" data-fullscreen=\"\" data-type=\"card\">\r\n\t\t\t\n\n<div class=\"wp-block-columns is-layout-flex wp-container-core-columns-is-layout-9d6595d7 wp-block-columns-is-layout-flex\">\n<div class=\"wp-block-column is-layout-flow wp-block-column-is-layout-flow\"><html><body><figure class=\"wp-block-image size-full\" data-has-live-image=\"1\"><img loading=\"lazy\" decoding=\"async\" width=\"630\" height=\"405\" src=\"https:\/\/www.kode-solutions.net\/site\/wp-content\/uploads\/2024\/02\/fast_screen.png\" alt=\"\" class=\"wp-image-3957\" srcset=\"https:\/\/www.kode-solutions.net\/site\/wp-content\/uploads\/2024\/02\/fast_screen.png 630w, https:\/\/www.kode-solutions.net\/site\/wp-content\/uploads\/2024\/02\/fast_screen-300x193.png 300w, https:\/\/www.kode-solutions.net\/site\/wp-content\/uploads\/2024\/02\/fast_screen-36x23.png 36w, https:\/\/www.kode-solutions.net\/site\/wp-content\/uploads\/2024\/02\/fast_screen-64x41.png 64w\" sizes=\"auto, (max-width: 630px) 100vw, 630px\" \/><\/img><\/figure>\n<\/body><\/html><\/div>\n\n\n<html><body><div class=\"wp-block-column is-vertically-aligned-center is-layout-flow wp-block-column-is-layout-flow\" style=\"&#13;&#10;&#9;&#9;&#9;&#9;display: flex; &#13;&#10;&#9;&#9;&#9;&#9;min-height:500px; &#13;&#10;&#9;&#9;&#9;&#9;justify-content: center;&#13;&#10;&#9;&#9;&#9;&#9;flex-direction: column;&#13;&#10;&#9;&#9;&#9;\">\n<h2 class=\"qzr-add-controls-is-panel-title qzr-add-controls-is-panel-title-true is-style-font-kode-md-48 wp-block-heading\">Features Selection: un passaggio fondamentale nel controllo della qualit\u00e0 di un modello di machine learning<\/h2>\n\n\n\n<p><\/p>\n\n\n\n<div style=\"height:40px\" aria-hidden=\"true\" class=\"wp-block-spacer\"><\/div>\n\n\n\n<p class=\"is-style-font-inter-md-18 has-white-color has-text-color\"><mark style=\"background-color:rgba(0, 0, 0, 0)\" class=\"has-inline-color has-black-color\">Durante la creazione di un modello di machine learning, l&#8217;identificazione di un sottoinsieme appropriato di features gioca un ruolo cruciale. Nella modellazione QSAR, in cui la quantit\u00e0 di descrittori molecolari disponibili nel dataset iniziale \u00e8 enorme, questo passaggio \u00e8 quello che influenza maggiormente le prestazioni finali. Poich\u00e9 in letteratura non \u00e8 stato individuato un criterio per determinare a priori l\u2019approccio migliore tra i tanti disponibili, abbiamo sviluppato uno strumento che ne utilizza sistematicamente molti e sceglie quello che, caso per caso, mostra la migliore performance<\/mark><\/p>\n\n\n\n<div style=\"height:40px\" aria-hidden=\"true\" class=\"wp-block-spacer\"><\/div>\n\n\n\n<p class=\"is-style-font-inter-md-18\">FAST \u00e8 il primo strumento della suite che Kode Chemoinformatics ha sviluppato sviluppando per supportare chimici computazionali, laboratori e organizzazioni nei settori chimico, farmaceutico, alimentare e delle biotecnologie. Il cliente viene quindi guidato attraverso l&#8217;intero processo di creazione, gestione e implementazione dei modelli QSAR, dalla selezione delle caratteristiche alla predizione.<\/p>\n<\/div>\n<\/body><\/html><\/div>\n\n\t\t\t\t\t<\/div>\r\n\t<\/div>\r\n\r\n\t\n\n\r\n\t<div class=\"main-column\" data-target=\"\" data-wrap=\"panel\">\r\n\t\t<div data-animate=\"\" class=\"qzr-dynamic-blocks   white-bkg\" data-block=\"panel\" data-fullscreen=\"\" data-type=\"card\">\r\n\t\t\t\n\n<div class=\"wp-block-columns is-layout-flex wp-container-core-columns-is-layout-9d6595d7 wp-block-columns-is-layout-flex\"><html><body><div class=\"wp-block-column is-vertically-aligned-center is-layout-flow wp-block-column-is-layout-flow\" style=\"&#13;&#10;&#9;&#9;&#9;&#9;display: flex; &#13;&#10;&#9;&#9;&#9;&#9;min-height:500px; &#13;&#10;&#9;&#9;&#9;&#9;justify-content: center;&#13;&#10;&#9;&#9;&#9;&#9;flex-direction: column;&#13;&#10;&#9;&#9;&#9;\">\n<h2 class=\"qzr-add-controls-is-panel-title qzr-add-controls-is-panel-title-true is-style-font-kode-md-48 wp-block-heading\">Un percorso passo-passo per la selezione delle funzionalit\u00e0<\/h2>\n\n\n\n<p class=\"is-style-font-kode-md-18\"><br><\/br><\/p>\n\n\n\n<p class=\"is-style-font-inter-md-18\">Al fine di garantire il miglior sottoinsieme di features, minimizzando l&#8217;errore previsionale, FAST affronta la Featiires Selection attraverso tre passaggi sequenziali. Ogni passaggio ha costo computazionale e rigore crescenti, riducendo progressivamente la dimensione del dataset. L&#8217;approccio sequenziale consente di concentrare lo sforzo computazionale di ogni passaggio su un adeguato set di dati, rendendo il nuovo dataset accessibile per il passaggio successivo. Il tempo risparmiato consente di testare un gran numero di soluzioni diverse anche su un normale laptop. Infine, FAST calcola la qualit\u00e0 di ciascun set in termini di prestazioni delle previsioni attraverso uno o pi\u00f9 modelli di machine learning.<\/p>\n<\/div>\n<\/body><\/html>\n\n\n<div class=\"wp-block-column is-layout-flow wp-block-column-is-layout-flow\"><html><body><figure class=\"wp-block-image size-large\" data-has-live-image=\"1\"><img loading=\"lazy\" decoding=\"async\" width=\"1024\" height=\"716\" src=\"https:\/\/www.kode-solutions.net\/site\/wp-content\/uploads\/2022\/12\/unsplash_qvT_629hapk-5-1024x716.png\" alt=\"\" class=\"wp-image-1316\" srcset=\"https:\/\/www.kode-solutions.net\/site\/wp-content\/uploads\/2022\/12\/unsplash_qvT_629hapk-5-1024x716.png 1024w, https:\/\/www.kode-solutions.net\/site\/wp-content\/uploads\/2022\/12\/unsplash_qvT_629hapk-5-300x210.png 300w, https:\/\/www.kode-solutions.net\/site\/wp-content\/uploads\/2022\/12\/unsplash_qvT_629hapk-5-768x537.png 768w, https:\/\/www.kode-solutions.net\/site\/wp-content\/uploads\/2022\/12\/unsplash_qvT_629hapk-5-1536x1073.png 1536w, https:\/\/www.kode-solutions.net\/site\/wp-content\/uploads\/2022\/12\/unsplash_qvT_629hapk-5-2048x1431.png 2048w, https:\/\/www.kode-solutions.net\/site\/wp-content\/uploads\/2022\/12\/unsplash_qvT_629hapk-5-1545x1080.png 1545w\" sizes=\"auto, (max-width: 1024px) 100vw, 1024px\" \/><\/img><\/figure>\n<\/body><\/html><\/div>\n<\/div>\n\n\t\t\t\t\t<\/div>\r\n\t<\/div>\r\n\r\n\t\n\n\r\n\t<div class=\"main-column\" data-target=\"\" data-wrap=\"panel\">\r\n\t\t<div data-animate=\"\" class=\"qzr-dynamic-blocks  white-txt black-bkg\" data-block=\"panel\" data-fullscreen=\"\" data-type=\"card\">\r\n\t\t\t\n\n<div class=\"wp-block-columns is-layout-flex wp-container-core-columns-is-layout-9d6595d7 wp-block-columns-is-layout-flex\">\n<div class=\"wp-block-column is-layout-flow wp-block-column-is-layout-flow\" style=\"flex-basis:33.33%\">\n<h2 class=\"qzr-add-controls-is-panel-title qzr-add-controls-is-panel-title-true is-style-font-kode-md-48 wp-block-heading\">Il metodo dei tre passaggi<\/h2>\n<\/div>\n\n\n\n<div class=\"wp-block-column is-layout-flow wp-block-column-is-layout-flow\" style=\"flex-basis:66.66%\">\n<p>FAST identifica un insieme di soluzioni. Ciascuna di esse \u00e8 accompagnata da un indice di Accuracy, che permette di determinare quale set funziona meglio. Questo risultato si ottiene con un metodo in tre fasi<\/p>\n\n\n\n<div style=\"height:28px\" aria-hidden=\"true\" class=\"wp-block-spacer\"><\/div>\n\n\n\r\n\t<div class=\"qzr-dynamic-blocks\" data-block=\"accordion\">\r\n\t\t<div class=\"accordion\">\r\n\t\t\t\t\t\t\t<div class=\"element  active\">\r\n\t\t\t\t\t<div class=\"element-title\">\r\n\t\t\t\t\t\t\t\t\t\t\t\t<h3 class=\"is-style-font-kode-md-36 fix-font\">\r\n\t\t\t\t\t\t\tFiltering\t\t\t\t\t\t\t\t\t\t\t\t\t<\/h3>\r\n\t\t\t\t\t<\/div> \r\n\t\t\t\t\t<div class=\"element-content is-style-font-kode-md-18\">\r\n\t\t\t\t\t\t<p>Rimozione di quelle features che sono ridondanti o che presentano caratteristiche non compatibili con la modellazione&nbsp;<\/p>\t\t\t\t\t\t<div class=\"mobile-only\">\r\n\t\t\t\t\t\t\t\t\t\t\t\t\t<\/div>\r\n\t\t\t\t\t<\/div>\r\n\t\t\t\t<\/div>\r\n\t\t\t\t\t\t\t<div class=\"element  active\">\r\n\t\t\t\t\t<div class=\"element-title\">\r\n\t\t\t\t\t\t\t\t\t\t\t\t<h3 class=\"is-style-font-kode-md-36 fix-font\">\r\n\t\t\t\t\t\t\tPruning\t\t\t\t\t\t\t\t\t\t\t\t\t<\/h3>\r\n\t\t\t\t\t<\/div> \r\n\t\t\t\t\t<div class=\"element-content is-style-font-kode-md-18\">\r\n\t\t\t\t\t\t<p>Rimozione di tutte le caratteristiche con importanza bassa o insufficiente all&#8217;interno dei modelli&nbsp;<\/p>\t\t\t\t\t\t<div class=\"mobile-only\">\r\n\t\t\t\t\t\t\t\t\t\t\t\t\t<\/div>\r\n\t\t\t\t\t<\/div>\r\n\t\t\t\t<\/div>\r\n\t\t\t\t\t\t\t<div class=\"element  active\">\r\n\t\t\t\t\t<div class=\"element-title\">\r\n\t\t\t\t\t\t\t\t\t\t\t\t<h3 class=\"is-style-font-kode-md-36 fix-font\">\r\n\t\t\t\t\t\t\tSelection\t\t\t\t\t\t\t\t\t\t\t\t\t<\/h3>\r\n\t\t\t\t\t<\/div> \r\n\t\t\t\t\t<div class=\"element-content is-style-font-kode-md-18\">\r\n\t\t\t\t\t\t<p>Selezione di features, con convalida incrociata, che garantiscono il compromesso ottimale tra bias e varianza&nbsp;<\/p>\t\t\t\t\t\t<div class=\"mobile-only\">\r\n\t\t\t\t\t\t\t\t\t\t\t\t\t<\/div>\r\n\t\t\t\t\t<\/div>\r\n\t\t\t\t<\/div>\r\n\t\t\t\t\t<\/div>\r\n\t<\/div>\r\n\r\n\t<\/div>\n<\/div>\n\n\t\t\t\t\t<\/div>\r\n\t<\/div>\r\n\r\n\t\n\n\t\t<div class=\"main-column\">\r\n\t\t\t<div data-animate=\"\" class=\"qzr-dynamic-blocks black-txt white-bkg\" data-block=\"call-to-action\">\r\n\t\t\t\t<div class=\"content\">\r\n\t\t\t\t\t\t\t\t\t\t<div class=\"is-style-font-kode-md-36\">\r\n\t\t\t\t\t\t<p>Hai domande sui nostri prodotti?<\/p>\n<p>Scrivici via email!<\/p>\t\t\t\t\t<\/div>\r\n\t\t\t\t<\/div>\r\n\t\t\t\t<div class=\"actions\">\r\n\t\t\t\t\t\t\t\t\t\t\t\t\t\t\t\t\t\t<div class=\"action\">\r\n\t\t\t\t\t\t\t\t<a class=\"button purple-bkg gray-txt\" href=\"#contactus\" title=\"Contattaci\" target=\"_blank\">\r\n\t\t\t\t\t\t\t\t\t\t\t\t\t\t\t\t\t\tContattaci\t\t\t\t\t\t\t\t<\/a>\r\n\t\t\t\t\t\t\t<\/div>\r\n\t\t\t\t\t\t\t\t\t\t\t\t\t\t\t<\/div>\r\n\t\t\t<\/div>\r\n\t\t<\/div>\r\n\r\n\t","protected":false},"excerpt":{"rendered":"","protected":false},"author":6,"featured_media":0,"parent":5089,"menu_order":0,"comment_status":"closed","ping_status":"closed","template":"","meta":{"footnotes":""},"class_list":["post-5092","page","type-page","status-publish","hentry"],"qzr_fp_pages_ids":{"news":{"page_id":5040,"label":"Pagina news"}},"yoast_head":"<!-- This site is optimized with the Yoast SEO plugin v23.4 - https:\/\/yoast.com\/wordpress\/plugins\/seo\/ -->\n<title>Features selection made easy with FAST by KodeFast - Kode<\/title>\n<meta name=\"description\" content=\"FAST: the full-search based tool to rapidly execute your features selection by Kode Chemoinformatics\" \/>\n<meta name=\"robots\" content=\"index, follow, max-snippet:-1, max-image-preview:large, max-video-preview:-1\" \/>\n<link rel=\"canonical\" href=\"https:\/\/www.kode-solutions.net\/it\/prodotti-e-framework-di-ai\/alchemy\/fast\/\" \/>\n<meta property=\"og:locale\" content=\"it_IT\" \/>\n<meta property=\"og:type\" content=\"article\" \/>\n<meta property=\"og:title\" content=\"Features selection made easy with FAST by KodeFast - Kode\" \/>\n<meta property=\"og:description\" content=\"FAST: the full-search based tool to rapidly execute your features selection by Kode Chemoinformatics\" \/>\n<meta property=\"og:url\" content=\"https:\/\/www.kode-solutions.net\/it\/prodotti-e-framework-di-ai\/alchemy\/fast\/\" \/>\n<meta property=\"og:site_name\" content=\"Kode\" \/>\n<meta property=\"article:publisher\" content=\"https:\/\/www.facebook.com\/kode.solutions\" \/>\n<meta property=\"article:modified_time\" content=\"2024-07-31T09:30:39+00:00\" \/>\n<meta property=\"og:image\" content=\"https:\/\/www.kode-solutions.net\/site\/wp-content\/uploads\/2023\/08\/Badge-Presentation-1.png\" \/>\n<meta name=\"twitter:card\" content=\"summary_large_image\" \/>\n<meta name=\"twitter:site\" content=\"@kode_solutions\" \/>\n<meta name=\"twitter:label1\" content=\"Tempo di lettura stimato\" \/>\n\t<meta name=\"twitter:data1\" content=\"3 minuti\" \/>\n<script type=\"application\/ld+json\" class=\"yoast-schema-graph\">{\"@context\":\"https:\/\/schema.org\",\"@graph\":[{\"@type\":\"WebPage\",\"@id\":\"https:\/\/www.kode-solutions.net\/it\/prodotti-e-framework-di-ai\/alchemy\/fast\/\",\"url\":\"https:\/\/www.kode-solutions.net\/it\/prodotti-e-framework-di-ai\/alchemy\/fast\/\",\"name\":\"Features selection made easy with FAST by KodeFast - Kode\",\"isPartOf\":{\"@id\":\"https:\/\/www.kode-solutions.net\/#website\"},\"primaryImageOfPage\":{\"@id\":\"https:\/\/www.kode-solutions.net\/it\/prodotti-e-framework-di-ai\/alchemy\/fast\/#primaryimage\"},\"image\":{\"@id\":\"https:\/\/www.kode-solutions.net\/it\/prodotti-e-framework-di-ai\/alchemy\/fast\/#primaryimage\"},\"thumbnailUrl\":\"https:\/\/www.kode-solutions.net\/site\/wp-content\/uploads\/2023\/08\/Badge-Presentation-1.png\",\"datePublished\":\"2023-09-01T12:46:08+00:00\",\"dateModified\":\"2024-07-31T09:30:39+00:00\",\"description\":\"FAST: the full-search based tool to rapidly execute your features selection by Kode Chemoinformatics\",\"breadcrumb\":{\"@id\":\"https:\/\/www.kode-solutions.net\/it\/prodotti-e-framework-di-ai\/alchemy\/fast\/#breadcrumb\"},\"inLanguage\":\"it-IT\",\"potentialAction\":[{\"@type\":\"ReadAction\",\"target\":[\"https:\/\/www.kode-solutions.net\/it\/prodotti-e-framework-di-ai\/alchemy\/fast\/\"]}]},{\"@type\":\"ImageObject\",\"inLanguage\":\"it-IT\",\"@id\":\"https:\/\/www.kode-solutions.net\/it\/prodotti-e-framework-di-ai\/alchemy\/fast\/#primaryimage\",\"url\":\"https:\/\/www.kode-solutions.net\/site\/wp-content\/uploads\/2023\/08\/Badge-Presentation-1.png\",\"contentUrl\":\"https:\/\/www.kode-solutions.net\/site\/wp-content\/uploads\/2023\/08\/Badge-Presentation-1.png\"},{\"@type\":\"BreadcrumbList\",\"@id\":\"https:\/\/www.kode-solutions.net\/it\/prodotti-e-framework-di-ai\/alchemy\/fast\/#breadcrumb\",\"itemListElement\":[{\"@type\":\"ListItem\",\"position\":1,\"name\":\"Home\",\"item\":\"https:\/\/www.kode-solutions.net\/it\/\"},{\"@type\":\"ListItem\",\"position\":2,\"name\":\"Prodotti\",\"item\":\"https:\/\/www.kode-solutions.net\/it\/prodotti-e-framework-di-ai\/\"},{\"@type\":\"ListItem\",\"position\":3,\"name\":\"Alchemy\",\"item\":\"https:\/\/www.kode-solutions.net\/it\/prodotti-e-framework-di-ai\/alchemy\/\"},{\"@type\":\"ListItem\",\"position\":4,\"name\":\"Fast\"}]},{\"@type\":\"WebSite\",\"@id\":\"https:\/\/www.kode-solutions.net\/#website\",\"url\":\"https:\/\/www.kode-solutions.net\/\",\"name\":\"Kode\",\"description\":\"From Data to Knowledge\",\"publisher\":{\"@id\":\"https:\/\/www.kode-solutions.net\/#organization\"},\"potentialAction\":[{\"@type\":\"SearchAction\",\"target\":{\"@type\":\"EntryPoint\",\"urlTemplate\":\"https:\/\/www.kode-solutions.net\/?s={search_term_string}\"},\"query-input\":{\"@type\":\"PropertyValueSpecification\",\"valueRequired\":true,\"valueName\":\"search_term_string\"}}],\"inLanguage\":\"it-IT\"},{\"@type\":\"Organization\",\"@id\":\"https:\/\/www.kode-solutions.net\/#organization\",\"name\":\"Kode s.r.l.\",\"url\":\"https:\/\/www.kode-solutions.net\/\",\"logo\":{\"@type\":\"ImageObject\",\"inLanguage\":\"it-IT\",\"@id\":\"https:\/\/www.kode-solutions.net\/#\/schema\/logo\/image\/\",\"url\":\"https:\/\/www.kode-solutions.net\/site\/wp-content\/uploads\/2022\/10\/kode.svg\",\"contentUrl\":\"https:\/\/www.kode-solutions.net\/site\/wp-content\/uploads\/2022\/10\/kode.svg\",\"width\":121,\"height\":27,\"caption\":\"Kode s.r.l.\"},\"image\":{\"@id\":\"https:\/\/www.kode-solutions.net\/#\/schema\/logo\/image\/\"},\"sameAs\":[\"https:\/\/www.facebook.com\/kode.solutions\",\"https:\/\/x.com\/kode_solutions\",\"https:\/\/www.instagram.com\/kode_solutions\/\",\"https:\/\/www.linkedin.com\/company\/kode\/\"]}]}<\/script>\n<!-- \/ Yoast SEO plugin. -->","yoast_head_json":{"title":"Features selection made easy with FAST by KodeFast - Kode","description":"FAST: the full-search based tool to rapidly execute your features selection by Kode Chemoinformatics","robots":{"index":"index","follow":"follow","max-snippet":"max-snippet:-1","max-image-preview":"max-image-preview:large","max-video-preview":"max-video-preview:-1"},"canonical":"https:\/\/www.kode-solutions.net\/it\/prodotti-e-framework-di-ai\/alchemy\/fast\/","og_locale":"it_IT","og_type":"article","og_title":"Features selection made easy with FAST by KodeFast - Kode","og_description":"FAST: the full-search based tool to rapidly execute your features selection by Kode Chemoinformatics","og_url":"https:\/\/www.kode-solutions.net\/it\/prodotti-e-framework-di-ai\/alchemy\/fast\/","og_site_name":"Kode","article_publisher":"https:\/\/www.facebook.com\/kode.solutions","article_modified_time":"2024-07-31T09:30:39+00:00","og_image":[{"url":"https:\/\/www.kode-solutions.net\/site\/wp-content\/uploads\/2023\/08\/Badge-Presentation-1.png"}],"twitter_card":"summary_large_image","twitter_site":"@kode_solutions","twitter_misc":{"Tempo di lettura stimato":"3 minuti"},"schema":{"@context":"https:\/\/schema.org","@graph":[{"@type":"WebPage","@id":"https:\/\/www.kode-solutions.net\/it\/prodotti-e-framework-di-ai\/alchemy\/fast\/","url":"https:\/\/www.kode-solutions.net\/it\/prodotti-e-framework-di-ai\/alchemy\/fast\/","name":"Features selection made easy with FAST by KodeFast - Kode","isPartOf":{"@id":"https:\/\/www.kode-solutions.net\/#website"},"primaryImageOfPage":{"@id":"https:\/\/www.kode-solutions.net\/it\/prodotti-e-framework-di-ai\/alchemy\/fast\/#primaryimage"},"image":{"@id":"https:\/\/www.kode-solutions.net\/it\/prodotti-e-framework-di-ai\/alchemy\/fast\/#primaryimage"},"thumbnailUrl":"https:\/\/www.kode-solutions.net\/site\/wp-content\/uploads\/2023\/08\/Badge-Presentation-1.png","datePublished":"2023-09-01T12:46:08+00:00","dateModified":"2024-07-31T09:30:39+00:00","description":"FAST: the full-search based tool to rapidly execute your features selection by Kode Chemoinformatics","breadcrumb":{"@id":"https:\/\/www.kode-solutions.net\/it\/prodotti-e-framework-di-ai\/alchemy\/fast\/#breadcrumb"},"inLanguage":"it-IT","potentialAction":[{"@type":"ReadAction","target":["https:\/\/www.kode-solutions.net\/it\/prodotti-e-framework-di-ai\/alchemy\/fast\/"]}]},{"@type":"ImageObject","inLanguage":"it-IT","@id":"https:\/\/www.kode-solutions.net\/it\/prodotti-e-framework-di-ai\/alchemy\/fast\/#primaryimage","url":"https:\/\/www.kode-solutions.net\/site\/wp-content\/uploads\/2023\/08\/Badge-Presentation-1.png","contentUrl":"https:\/\/www.kode-solutions.net\/site\/wp-content\/uploads\/2023\/08\/Badge-Presentation-1.png"},{"@type":"BreadcrumbList","@id":"https:\/\/www.kode-solutions.net\/it\/prodotti-e-framework-di-ai\/alchemy\/fast\/#breadcrumb","itemListElement":[{"@type":"ListItem","position":1,"name":"Home","item":"https:\/\/www.kode-solutions.net\/it\/"},{"@type":"ListItem","position":2,"name":"Prodotti","item":"https:\/\/www.kode-solutions.net\/it\/prodotti-e-framework-di-ai\/"},{"@type":"ListItem","position":3,"name":"Alchemy","item":"https:\/\/www.kode-solutions.net\/it\/prodotti-e-framework-di-ai\/alchemy\/"},{"@type":"ListItem","position":4,"name":"Fast"}]},{"@type":"WebSite","@id":"https:\/\/www.kode-solutions.net\/#website","url":"https:\/\/www.kode-solutions.net\/","name":"Kode","description":"From Data to Knowledge","publisher":{"@id":"https:\/\/www.kode-solutions.net\/#organization"},"potentialAction":[{"@type":"SearchAction","target":{"@type":"EntryPoint","urlTemplate":"https:\/\/www.kode-solutions.net\/?s={search_term_string}"},"query-input":{"@type":"PropertyValueSpecification","valueRequired":true,"valueName":"search_term_string"}}],"inLanguage":"it-IT"},{"@type":"Organization","@id":"https:\/\/www.kode-solutions.net\/#organization","name":"Kode s.r.l.","url":"https:\/\/www.kode-solutions.net\/","logo":{"@type":"ImageObject","inLanguage":"it-IT","@id":"https:\/\/www.kode-solutions.net\/#\/schema\/logo\/image\/","url":"https:\/\/www.kode-solutions.net\/site\/wp-content\/uploads\/2022\/10\/kode.svg","contentUrl":"https:\/\/www.kode-solutions.net\/site\/wp-content\/uploads\/2022\/10\/kode.svg","width":121,"height":27,"caption":"Kode s.r.l."},"image":{"@id":"https:\/\/www.kode-solutions.net\/#\/schema\/logo\/image\/"},"sameAs":["https:\/\/www.facebook.com\/kode.solutions","https:\/\/x.com\/kode_solutions","https:\/\/www.instagram.com\/kode_solutions\/","https:\/\/www.linkedin.com\/company\/kode\/"]}]}},"_links":{"self":[{"href":"https:\/\/www.kode-solutions.net\/it\/wp-json\/wp\/v2\/pages\/5092","targetHints":{"allow":["GET"]}}],"collection":[{"href":"https:\/\/www.kode-solutions.net\/it\/wp-json\/wp\/v2\/pages"}],"about":[{"href":"https:\/\/www.kode-solutions.net\/it\/wp-json\/wp\/v2\/types\/page"}],"author":[{"embeddable":true,"href":"https:\/\/www.kode-solutions.net\/it\/wp-json\/wp\/v2\/users\/6"}],"replies":[{"embeddable":true,"href":"https:\/\/www.kode-solutions.net\/it\/wp-json\/wp\/v2\/comments?post=5092"}],"version-history":[{"count":2,"href":"https:\/\/www.kode-solutions.net\/it\/wp-json\/wp\/v2\/pages\/5092\/revisions"}],"predecessor-version":[{"id":5118,"href":"https:\/\/www.kode-solutions.net\/it\/wp-json\/wp\/v2\/pages\/5092\/revisions\/5118"}],"up":[{"embeddable":true,"href":"https:\/\/www.kode-solutions.net\/it\/wp-json\/wp\/v2\/pages\/5089"}],"wp:attachment":[{"href":"https:\/\/www.kode-solutions.net\/it\/wp-json\/wp\/v2\/media?parent=5092"}],"curies":[{"name":"wp","href":"https:\/\/api.w.org\/{rel}","templated":true}]}}