{"id":4981,"date":"2022-11-18T12:21:55","date_gmt":"2022-11-18T11:21:55","guid":{"rendered":"https:\/\/www.kode-solutions.net\/?page_id=4981"},"modified":"2024-10-07T12:36:20","modified_gmt":"2024-10-07T10:36:20","slug":"vega-toolkit","status":"publish","type":"page","link":"https:\/\/www.kode-solutions.net\/it\/prodotti-e-framework-di-ai\/vega-toolkit\/","title":{"rendered":"VEGA Toolkit"},"content":{"rendered":"\r\n\t<div class=\"main-column\" data-target=\"\" data-wrap=\"panel\">\r\n\t\t<div data-animate=\"\" class=\"qzr-dynamic-blocks  white-txt verde-chemo-bkg\" data-block=\"panel\" data-fullscreen=\"1\" data-type=\"card\">\r\n\t\t\t\n\n<div class=\"wp-block-columns is-layout-flex wp-container-core-columns-is-layout-9d6595d7 wp-block-columns-is-layout-flex\"><html><body><div class=\"wp-block-column is-layout-flow wp-block-column-is-layout-flow\" style=\"flex-basis:50%\" data-align-wide-vertical=\"1\">\n<div class=\"wp-block-group\"><div class=\"wp-block-group__inner-container is-layout-constrained wp-block-group-is-layout-constrained\">\n<h1 class=\"qzr-add-controls-is-panel-title qzr-add-controls-is-panel-title-true is-style-font-kode-md-128 wp-block-heading\">Green. <br><\/br>By Design.<\/h1>\n\n\n<figure class=\"wp-block-image size-full is-resized\" data-is-product-logo=\"1\"><img loading=\"lazy\" decoding=\"async\" width=\"499\" height=\"128\" src=\"https:\/\/www.kode-solutions.net\/site\/wp-content\/uploads\/2022\/11\/Badge-Presentation-1.png\" alt=\"\" class=\"wp-image-660\" srcset=\"https:\/\/www.kode-solutions.net\/site\/wp-content\/uploads\/2022\/11\/Badge-Presentation-1.png 499w, https:\/\/www.kode-solutions.net\/site\/wp-content\/uploads\/2022\/11\/Badge-Presentation-1-300x77.png 300w\" sizes=\"auto, (max-width: 499px) 100vw, 499px\" \/><\/img><\/figure>\n\n\n\n<p><\/p>\n<\/div><\/div>\n\n\n\n<p class=\"is-style-font-kode-md-24 has-white-color has-text-color\">VEGA Toolkit \u00e8 una potente piattaforma software che offre strumenti per la valutazione delle propriet\u00e0 e delle attivit\u00e0 biologiche delle sostanze chimiche. Grazie al Vega Toolkit \u00e8 possibile migliorare tutte le attivit\u00e0 di ricerca e sviluppo in ambito chimico, farmaceutico e nutraceutico implementando una strategia green-by-design, ovvero valutando preventivamente l\u2019impatto ambientale dei prodotti in sviluppo.<\/p>\n<\/div>\n<\/body><\/html>\n\n\n<div class=\"wp-block-column is-vertically-aligned-center is-layout-flow wp-block-column-is-layout-flow\" style=\"flex-basis:50%\"><html><body><figure class=\"wp-block-image size-full\" data-fullscreen=\"1\" data-has-live-image=\"1\"><img loading=\"lazy\" decoding=\"async\" width=\"816\" height=\"782\" src=\"https:\/\/www.kode-solutions.net\/site\/wp-content\/uploads\/2022\/11\/unsplash_YQvdlkKYT34-1.png\" alt=\"\" class=\"wp-image-369\" srcset=\"https:\/\/www.kode-solutions.net\/site\/wp-content\/uploads\/2022\/11\/unsplash_YQvdlkKYT34-1.png 816w, https:\/\/www.kode-solutions.net\/site\/wp-content\/uploads\/2022\/11\/unsplash_YQvdlkKYT34-1-300x288.png 300w, https:\/\/www.kode-solutions.net\/site\/wp-content\/uploads\/2022\/11\/unsplash_YQvdlkKYT34-1-768x736.png 768w\" sizes=\"auto, (max-width: 816px) 100vw, 816px\" \/><\/img><\/figure>\n<\/body><\/html><\/div>\n<\/div>\n\n\t\t\t\t\t<\/div>\r\n\t<\/div>\r\n\r\n\t\n\n\r\n\t<div class=\"main-column\" data-target=\"\" data-wrap=\"panel\">\r\n\t\t<div data-animate=\"\" class=\"qzr-dynamic-blocks  black-txt white-bkg\" data-block=\"panel\" data-fullscreen=\"\" data-type=\"card\">\r\n\t\t\t\n\n<div class=\"wp-block-columns is-layout-flex wp-container-core-columns-is-layout-9d6595d7 wp-block-columns-is-layout-flex\">\n<div class=\"wp-block-column is-layout-flow wp-block-column-is-layout-flow\" style=\"flex-basis:20%\">\n<h2 class=\"qzr-add-controls-is-panel-title qzr-add-controls-is-panel-title-true is-style-font-kode-md-48 wp-block-heading\">Caratteristiche<\/h2>\n<\/div>\n\n\n\n<div class=\"wp-block-column is-layout-flow wp-block-column-is-layout-flow\" style=\"flex-basis:80%\">\r\n\t<div class=\"qzr-dynamic-blocks\" data-block=\"accordion\">\r\n\t\t<div class=\"accordion\">\r\n\t\t\t\t\t\t\t<div class=\"element  active\">\r\n\t\t\t\t\t<div class=\"element-title\">\r\n\t\t\t\t\t\t\t\t\t\t\t\t<h3 class=\"is-style-font-kode-md-36 fix-font\">\r\n\t\t\t\t\t\t\tEnsemble Workflow\t\t\t\t\t\t\t\t\t\t\t\t\t<\/h3>\r\n\t\t\t\t\t<\/div> \r\n\t\t\t\t\t<div class=\"element-content is-style-font-kode-md-18\">\r\n\t\t\t\t\t\t<p>Nel Toolkit sono disponibili sette endpoint specifici per valutare i composti in base alle propriet\u00e0 di persistenza, bio-accumulazione e tossicit\u00e0 (PBT) e cancerogenicit\u00e0-mutagenicit\u00e0-tossicit\u00e0 per lo sviluppo (CMR). Questi endpoint vengono predetti adottando l&#8217;ensemble workflow sviluppato nel progetto Janus, ogni propriet\u00e0 viene calcolata con un flusso di lavoro che utilizza diversi modelli QSAR e fornisce una valutazione finale insieme al relativo reliability score.<\/p>\t\t\t\t\t\t<div class=\"mobile-only\">\r\n\t\t\t\t\t\t\t\t\t\t\t\t\t<\/div>\r\n\t\t\t\t\t<\/div>\r\n\t\t\t\t<\/div>\r\n\t\t\t\t\t\t\t<div class=\"element  active\">\r\n\t\t\t\t\t<div class=\"element-title\">\r\n\t\t\t\t\t\t\t\t\t\t\t\t<h3 class=\"is-style-font-kode-md-36 fix-font\">\r\n\t\t\t\t\t\t\tStructural Alerts\t\t\t\t\t\t\t\t\t\t\t\t\t<\/h3>\r\n\t\t\t\t\t<\/div> \r\n\t\t\t\t\t<div class=\"element-content is-style-font-kode-md-18\">\r\n\t\t\t\t\t\t<p>Sono gruppi o sottostrutture funzionali, collegate ad una specifica attivit\u00e0 biologica, e quindi la loro presenza indica possibili effetti indesiderati. Una ampia serie di avvisi \u00e8 gi\u00e0 attualmente disponibile per la cancerogenicit\u00e0 e l&#8217;attivit\u00e0 di interferenza endocrina.<\/p>\t\t\t\t\t\t<div class=\"mobile-only\">\r\n\t\t\t\t\t\t\t\t\t\t\t\t\t<\/div>\r\n\t\t\t\t\t<\/div>\r\n\t\t\t\t<\/div>\r\n\t\t\t\t\t\t\t<div class=\"element  active\">\r\n\t\t\t\t\t<div class=\"element-title\">\r\n\t\t\t\t\t\t\t\t\t\t\t\t<h3 class=\"is-style-font-kode-md-36 fix-font\">\r\n\t\t\t\t\t\t\tModelli\t\t\t\t\t\t\t\t\t\t\t\t\t<\/h3>\r\n\t\t\t\t\t<\/div> \r\n\t\t\t\t\t<div class=\"element-content is-style-font-kode-md-18\">\r\n\t\t\t\t\t\t<p>I modelli predittivi disponibili sono sviluppati con tecniche robuste, garantendo un&#8217;elevata accuratezza statistica. Attualmente ne sono disponibili quasi un centinaio, per un&#8217;ampia gamma di propriet\u00e0: Tossicit\u00e0 Umana (mutagenicit\u00e0, cancerogenicit\u00e0, tossicit\u00e0 per lo sviluppo, attivit\u00e0 di vari recettori), Tossicit\u00e0 Ecologica (BCF, tossicit\u00e0 acuta e cronica su varie specie acquatiche), Destino &amp; Distribuzione (biodegradabilit\u00e0 , persistenza in varie matrici), propriet\u00e0 fisico-chimiche (LogP, solubilit\u00e0 in acqua), PBPK umano ed ecologico.&nbsp;<\/p>\t\t\t\t\t\t<div class=\"mobile-only\">\r\n\t\t\t\t\t\t\t\t\t\t\t\t\t<\/div>\r\n\t\t\t\t\t<\/div>\r\n\t\t\t\t<\/div>\r\n\t\t\t\t\t<\/div>\r\n\t<\/div>\r\n\r\n\t<\/div>\n<\/div>\n\n\t\t\t\t\t<\/div>\r\n\t<\/div>\r\n\r\n\t\n\n\r\n\t<div class=\"main-column\" data-target=\"\" data-wrap=\"panel\">\r\n\t\t<div data-animate=\"fade-in\" class=\"qzr-dynamic-blocks  black-txt white-bkg\" data-block=\"panel\" data-fullscreen=\"\" data-type=\"card\">\r\n\t\t\t\n\n<div class=\"wp-block-columns is-layout-flex wp-container-core-columns-is-layout-9d6595d7 wp-block-columns-is-layout-flex\"><html><body><div class=\"wp-block-column is-vertically-aligned-center is-layout-flow wp-block-column-is-layout-flow\" style=\"&#13;&#10;&#9;&#9;&#9;&#9;display: flex; &#13;&#10;&#9;&#9;&#9;&#9;min-height:500px; &#13;&#10;&#9;&#9;&#9;&#9;justify-content: center;&#13;&#10;&#9;&#9;&#9;&#9;flex-direction: column;&#13;&#10;&#9;&#9;&#9;\">\n<h2 class=\"qzr-add-controls-is-panel-title qzr-add-controls-is-panel-title-true is-style-font-kode-md-48 wp-block-heading\">Sostenibile, semplice e facile da usare<\/h2>\n\n\n\n<p class=\"is-style-font-kode-md-18\">VEGA Toolkit consente di valutare molti propriet\u00e0 in modo veloce ed economico (evitando test di laboratorio) implementando un approccio green-by-design. I modelli forniscono informazioni chiare per interpretare i risultati e valutarne l\u2019affidabilit\u00e0. Le soluzioni IT offerte consentono un&#8217;integrazione efficiente e rapida in qualsiasi architettura chemoinformatica, per poter effettuare predizioni in batch anche su numeri molto elevati di molecole.<br><\/br><\/p>\n<\/div>\n<\/body><\/html>\n\n\n<div class=\"wp-block-column is-layout-flow wp-block-column-is-layout-flow\"><html><body><figure class=\"wp-block-image size-full\" data-has-live-image=\"1\"><img decoding=\"async\" src=\"https:\/\/www.kode-solutions.net\/site\/wp-content\/uploads\/2022\/12\/unsplash_qvT_629hapk-6.png\" alt=\"\" class=\"wp-image-1319\"><\/img><\/figure>\n<\/body><\/html><\/div>\n<\/div>\n\n\t\t\t\t\t<\/div>\r\n\t<\/div>\r\n\r\n\t\n\n\r\n\t<div class=\"main-column\" data-target=\"\" data-wrap=\"panel\">\r\n\t\t<div data-animate=\"\" class=\"qzr-dynamic-blocks   \" data-block=\"panel\" data-fullscreen=\"\" data-type=\"\">\r\n\t\t\t\n<html><body><h2 class=\"qzr-add-controls-is-panel-title qzr-add-controls-is-panel-title-true is-style-font-kode-md-80 wp-block-heading\" data-is-panel-title=\"1\">Pi\u00f9 ecologici con VEGA Toolkit<\/h2>\n<\/body><\/html>\n\n\n<p>Ecco alcuni clienti che hanno adottato Vega Toolkit nei loro processi.<\/p>\n\n\n\n<p><\/p>\n\n\n\r\n\t<div class=\"qzr-dynamic-blocks\" data-block=\"customers-grid\">\r\n\t\t\r\n\t\t\t\t\t\t\t<div class=\"row\">\r\n\t\t\t\t\t\t\r\n\t\t\t<div class=\"customer empty-space\"><\/div>\r\n\r\n\t\t\t<a class=\"customer\" href=\"https:\/\/www.marionegri.it\/\" target=\"_blank\" title=\"\">\r\n\t\t\t\t\t\t\t\t<img decoding=\"async\" class=\"background\" src=\"https:\/\/www.kode-solutions.net\/site\/wp-content\/uploads\/2022\/12\/s-1024x715.png\" alt=\"\">\r\n\t\t\t\t<img decoding=\"async\" class=\"logo\" src=\"https:\/\/www.kode-solutions.net\/site\/wp-content\/uploads\/2022\/11\/image-40.png\" alt=\"\">\r\n\t\t\t<\/a>\r\n\t\t\r\n\t\t\t\t\t\r\n\t\t\r\n\t\t\t\t\t\t\r\n\t\t\t<div class=\"customer empty-space\"><\/div>\r\n\r\n\t\t\t<a class=\"customer\" href=\"https:\/\/www.efsa.europa.eu\/it\" target=\"_blank\" title=\"EFSA\">\r\n\t\t\t\t\t\t\t\t<img decoding=\"async\" class=\"background\" src=\"https:\/\/www.kode-solutions.net\/site\/wp-content\/uploads\/2022\/12\/f-1024x715.png\" alt=\"EFSA\">\r\n\t\t\t\t<img decoding=\"async\" class=\"logo\" src=\"https:\/\/www.kode-solutions.net\/site\/wp-content\/uploads\/2024\/04\/EFSA-1.png\" alt=\"EFSA\">\r\n\t\t\t<\/a>\r\n\t\t\r\n\t\t\t\t\t\t\t<\/div>\r\n\t\t\t\t\t\r\n\t\t\r\n\t\t\t\t\t\t\t<div class=\"row\">\r\n\t\t\t\t\t\t\r\n\t\t\t<div class=\"customer empty-space\"><\/div>\r\n\r\n\t\t\t<a class=\"customer\" href=\"https:\/\/www.oecd.org\/italy\/\" target=\"_blank\" title=\"OECD\">\r\n\t\t\t\t\t\t\t\t<img decoding=\"async\" class=\"background\" src=\"https:\/\/www.kode-solutions.net\/site\/wp-content\/uploads\/2022\/12\/g-1024x715.png\" alt=\"OECD\">\r\n\t\t\t\t<img decoding=\"async\" class=\"logo\" src=\"https:\/\/www.kode-solutions.net\/site\/wp-content\/uploads\/2024\/04\/OECD_logo.png\" alt=\"OECD\">\r\n\t\t\t<\/a>\r\n\t\t\r\n\t\t\t\t\t\r\n\t\t\t<\/div>\r\n\r\n\t\n\t\t\t\t\t<\/div>\r\n\t<\/div>\r\n\r\n\t","protected":false},"excerpt":{"rendered":"","protected":false},"author":6,"featured_media":369,"parent":4927,"menu_order":0,"comment_status":"closed","ping_status":"closed","template":"","meta":{"footnotes":""},"class_list":["post-4981","page","type-page","status-publish","has-post-thumbnail","hentry"],"qzr_fp_pages_ids":{"news":{"page_id":5040,"label":"Pagina news"}},"yoast_head":"<!-- This site is optimized with the Yoast SEO plugin v23.4 - https:\/\/yoast.com\/wordpress\/plugins\/seo\/ -->\n<title>VEGA Toolkit per la valutazione delle propriet\u00e0 dei composti - Kode<\/title>\n<meta name=\"description\" content=\"VEGA Toolkit \u00e8 una piattaforma per la valutazione delle propriet\u00e0 e delle attivit\u00e0 biologiche delle sostanze chimiche green-by-design\" \/>\n<meta name=\"robots\" content=\"index, follow, max-snippet:-1, max-image-preview:large, max-video-preview:-1\" \/>\n<link rel=\"canonical\" href=\"https:\/\/www.kode-solutions.net\/it\/prodotti-e-framework-di-ai\/vega-toolkit\/\" \/>\n<meta property=\"og:locale\" content=\"it_IT\" \/>\n<meta property=\"og:type\" content=\"article\" \/>\n<meta property=\"og:title\" content=\"VEGA Toolkit per la valutazione delle propriet\u00e0 dei composti - Kode\" \/>\n<meta property=\"og:description\" content=\"VEGA Toolkit \u00e8 una piattaforma per la valutazione delle propriet\u00e0 e delle attivit\u00e0 biologiche delle sostanze chimiche green-by-design\" \/>\n<meta property=\"og:url\" content=\"https:\/\/www.kode-solutions.net\/it\/prodotti-e-framework-di-ai\/vega-toolkit\/\" \/>\n<meta property=\"og:site_name\" content=\"Kode\" \/>\n<meta property=\"article:publisher\" content=\"https:\/\/www.facebook.com\/kode.solutions\" \/>\n<meta property=\"article:modified_time\" content=\"2024-10-07T10:36:20+00:00\" \/>\n<meta property=\"og:image\" content=\"https:\/\/www.kode-solutions.net\/site\/wp-content\/uploads\/2022\/11\/unsplash_YQvdlkKYT34-1.png\" \/>\n\t<meta property=\"og:image:width\" content=\"816\" \/>\n\t<meta property=\"og:image:height\" content=\"782\" \/>\n\t<meta property=\"og:image:type\" content=\"image\/png\" \/>\n<meta name=\"twitter:card\" content=\"summary_large_image\" \/>\n<meta name=\"twitter:site\" content=\"@kode_solutions\" \/>\n<meta name=\"twitter:label1\" content=\"Tempo di lettura stimato\" \/>\n\t<meta name=\"twitter:data1\" content=\"2 minuti\" \/>\n<script type=\"application\/ld+json\" class=\"yoast-schema-graph\">{\"@context\":\"https:\/\/schema.org\",\"@graph\":[{\"@type\":\"WebPage\",\"@id\":\"https:\/\/www.kode-solutions.net\/it\/prodotti-e-framework-di-ai\/vega-toolkit\/\",\"url\":\"https:\/\/www.kode-solutions.net\/it\/prodotti-e-framework-di-ai\/vega-toolkit\/\",\"name\":\"VEGA Toolkit per la valutazione delle propriet\u00e0 dei composti - Kode\",\"isPartOf\":{\"@id\":\"https:\/\/www.kode-solutions.net\/#website\"},\"primaryImageOfPage\":{\"@id\":\"https:\/\/www.kode-solutions.net\/it\/prodotti-e-framework-di-ai\/vega-toolkit\/#primaryimage\"},\"image\":{\"@id\":\"https:\/\/www.kode-solutions.net\/it\/prodotti-e-framework-di-ai\/vega-toolkit\/#primaryimage\"},\"thumbnailUrl\":\"https:\/\/www.kode-solutions.net\/site\/wp-content\/uploads\/2022\/11\/unsplash_YQvdlkKYT34-1.png\",\"datePublished\":\"2022-11-18T11:21:55+00:00\",\"dateModified\":\"2024-10-07T10:36:20+00:00\",\"description\":\"VEGA Toolkit \u00e8 una piattaforma per la valutazione delle propriet\u00e0 e delle attivit\u00e0 biologiche delle sostanze chimiche green-by-design\",\"breadcrumb\":{\"@id\":\"https:\/\/www.kode-solutions.net\/it\/prodotti-e-framework-di-ai\/vega-toolkit\/#breadcrumb\"},\"inLanguage\":\"it-IT\",\"potentialAction\":[{\"@type\":\"ReadAction\",\"target\":[\"https:\/\/www.kode-solutions.net\/it\/prodotti-e-framework-di-ai\/vega-toolkit\/\"]}]},{\"@type\":\"ImageObject\",\"inLanguage\":\"it-IT\",\"@id\":\"https:\/\/www.kode-solutions.net\/it\/prodotti-e-framework-di-ai\/vega-toolkit\/#primaryimage\",\"url\":\"https:\/\/www.kode-solutions.net\/site\/wp-content\/uploads\/2022\/11\/unsplash_YQvdlkKYT34-1.png\",\"contentUrl\":\"https:\/\/www.kode-solutions.net\/site\/wp-content\/uploads\/2022\/11\/unsplash_YQvdlkKYT34-1.png\",\"width\":816,\"height\":782},{\"@type\":\"BreadcrumbList\",\"@id\":\"https:\/\/www.kode-solutions.net\/it\/prodotti-e-framework-di-ai\/vega-toolkit\/#breadcrumb\",\"itemListElement\":[{\"@type\":\"ListItem\",\"position\":1,\"name\":\"Home\",\"item\":\"https:\/\/www.kode-solutions.net\/it\/\"},{\"@type\":\"ListItem\",\"position\":2,\"name\":\"Prodotti\",\"item\":\"https:\/\/www.kode-solutions.net\/it\/prodotti-e-framework-di-ai\/\"},{\"@type\":\"ListItem\",\"position\":3,\"name\":\"VEGA Toolkit\"}]},{\"@type\":\"WebSite\",\"@id\":\"https:\/\/www.kode-solutions.net\/#website\",\"url\":\"https:\/\/www.kode-solutions.net\/\",\"name\":\"Kode\",\"description\":\"From Data to Knowledge\",\"publisher\":{\"@id\":\"https:\/\/www.kode-solutions.net\/#organization\"},\"potentialAction\":[{\"@type\":\"SearchAction\",\"target\":{\"@type\":\"EntryPoint\",\"urlTemplate\":\"https:\/\/www.kode-solutions.net\/?s={search_term_string}\"},\"query-input\":{\"@type\":\"PropertyValueSpecification\",\"valueRequired\":true,\"valueName\":\"search_term_string\"}}],\"inLanguage\":\"it-IT\"},{\"@type\":\"Organization\",\"@id\":\"https:\/\/www.kode-solutions.net\/#organization\",\"name\":\"Kode s.r.l.\",\"url\":\"https:\/\/www.kode-solutions.net\/\",\"logo\":{\"@type\":\"ImageObject\",\"inLanguage\":\"it-IT\",\"@id\":\"https:\/\/www.kode-solutions.net\/#\/schema\/logo\/image\/\",\"url\":\"https:\/\/www.kode-solutions.net\/site\/wp-content\/uploads\/2022\/10\/kode.svg\",\"contentUrl\":\"https:\/\/www.kode-solutions.net\/site\/wp-content\/uploads\/2022\/10\/kode.svg\",\"width\":121,\"height\":27,\"caption\":\"Kode s.r.l.\"},\"image\":{\"@id\":\"https:\/\/www.kode-solutions.net\/#\/schema\/logo\/image\/\"},\"sameAs\":[\"https:\/\/www.facebook.com\/kode.solutions\",\"https:\/\/x.com\/kode_solutions\",\"https:\/\/www.instagram.com\/kode_solutions\/\",\"https:\/\/www.linkedin.com\/company\/kode\/\"]}]}<\/script>\n<!-- \/ Yoast SEO plugin. -->","yoast_head_json":{"title":"VEGA Toolkit per la valutazione delle propriet\u00e0 dei composti - Kode","description":"VEGA Toolkit \u00e8 una piattaforma per la valutazione delle propriet\u00e0 e delle attivit\u00e0 biologiche delle sostanze chimiche green-by-design","robots":{"index":"index","follow":"follow","max-snippet":"max-snippet:-1","max-image-preview":"max-image-preview:large","max-video-preview":"max-video-preview:-1"},"canonical":"https:\/\/www.kode-solutions.net\/it\/prodotti-e-framework-di-ai\/vega-toolkit\/","og_locale":"it_IT","og_type":"article","og_title":"VEGA Toolkit per la valutazione delle propriet\u00e0 dei composti - Kode","og_description":"VEGA Toolkit \u00e8 una piattaforma per la valutazione delle propriet\u00e0 e delle attivit\u00e0 biologiche delle sostanze chimiche green-by-design","og_url":"https:\/\/www.kode-solutions.net\/it\/prodotti-e-framework-di-ai\/vega-toolkit\/","og_site_name":"Kode","article_publisher":"https:\/\/www.facebook.com\/kode.solutions","article_modified_time":"2024-10-07T10:36:20+00:00","og_image":[{"width":816,"height":782,"url":"https:\/\/www.kode-solutions.net\/site\/wp-content\/uploads\/2022\/11\/unsplash_YQvdlkKYT34-1.png","type":"image\/png"}],"twitter_card":"summary_large_image","twitter_site":"@kode_solutions","twitter_misc":{"Tempo di lettura stimato":"2 minuti"},"schema":{"@context":"https:\/\/schema.org","@graph":[{"@type":"WebPage","@id":"https:\/\/www.kode-solutions.net\/it\/prodotti-e-framework-di-ai\/vega-toolkit\/","url":"https:\/\/www.kode-solutions.net\/it\/prodotti-e-framework-di-ai\/vega-toolkit\/","name":"VEGA Toolkit per la valutazione delle propriet\u00e0 dei composti - Kode","isPartOf":{"@id":"https:\/\/www.kode-solutions.net\/#website"},"primaryImageOfPage":{"@id":"https:\/\/www.kode-solutions.net\/it\/prodotti-e-framework-di-ai\/vega-toolkit\/#primaryimage"},"image":{"@id":"https:\/\/www.kode-solutions.net\/it\/prodotti-e-framework-di-ai\/vega-toolkit\/#primaryimage"},"thumbnailUrl":"https:\/\/www.kode-solutions.net\/site\/wp-content\/uploads\/2022\/11\/unsplash_YQvdlkKYT34-1.png","datePublished":"2022-11-18T11:21:55+00:00","dateModified":"2024-10-07T10:36:20+00:00","description":"VEGA Toolkit \u00e8 una piattaforma per la valutazione delle propriet\u00e0 e delle attivit\u00e0 biologiche delle sostanze chimiche green-by-design","breadcrumb":{"@id":"https:\/\/www.kode-solutions.net\/it\/prodotti-e-framework-di-ai\/vega-toolkit\/#breadcrumb"},"inLanguage":"it-IT","potentialAction":[{"@type":"ReadAction","target":["https:\/\/www.kode-solutions.net\/it\/prodotti-e-framework-di-ai\/vega-toolkit\/"]}]},{"@type":"ImageObject","inLanguage":"it-IT","@id":"https:\/\/www.kode-solutions.net\/it\/prodotti-e-framework-di-ai\/vega-toolkit\/#primaryimage","url":"https:\/\/www.kode-solutions.net\/site\/wp-content\/uploads\/2022\/11\/unsplash_YQvdlkKYT34-1.png","contentUrl":"https:\/\/www.kode-solutions.net\/site\/wp-content\/uploads\/2022\/11\/unsplash_YQvdlkKYT34-1.png","width":816,"height":782},{"@type":"BreadcrumbList","@id":"https:\/\/www.kode-solutions.net\/it\/prodotti-e-framework-di-ai\/vega-toolkit\/#breadcrumb","itemListElement":[{"@type":"ListItem","position":1,"name":"Home","item":"https:\/\/www.kode-solutions.net\/it\/"},{"@type":"ListItem","position":2,"name":"Prodotti","item":"https:\/\/www.kode-solutions.net\/it\/prodotti-e-framework-di-ai\/"},{"@type":"ListItem","position":3,"name":"VEGA Toolkit"}]},{"@type":"WebSite","@id":"https:\/\/www.kode-solutions.net\/#website","url":"https:\/\/www.kode-solutions.net\/","name":"Kode","description":"From Data to Knowledge","publisher":{"@id":"https:\/\/www.kode-solutions.net\/#organization"},"potentialAction":[{"@type":"SearchAction","target":{"@type":"EntryPoint","urlTemplate":"https:\/\/www.kode-solutions.net\/?s={search_term_string}"},"query-input":{"@type":"PropertyValueSpecification","valueRequired":true,"valueName":"search_term_string"}}],"inLanguage":"it-IT"},{"@type":"Organization","@id":"https:\/\/www.kode-solutions.net\/#organization","name":"Kode s.r.l.","url":"https:\/\/www.kode-solutions.net\/","logo":{"@type":"ImageObject","inLanguage":"it-IT","@id":"https:\/\/www.kode-solutions.net\/#\/schema\/logo\/image\/","url":"https:\/\/www.kode-solutions.net\/site\/wp-content\/uploads\/2022\/10\/kode.svg","contentUrl":"https:\/\/www.kode-solutions.net\/site\/wp-content\/uploads\/2022\/10\/kode.svg","width":121,"height":27,"caption":"Kode s.r.l."},"image":{"@id":"https:\/\/www.kode-solutions.net\/#\/schema\/logo\/image\/"},"sameAs":["https:\/\/www.facebook.com\/kode.solutions","https:\/\/x.com\/kode_solutions","https:\/\/www.instagram.com\/kode_solutions\/","https:\/\/www.linkedin.com\/company\/kode\/"]}]}},"_links":{"self":[{"href":"https:\/\/www.kode-solutions.net\/it\/wp-json\/wp\/v2\/pages\/4981","targetHints":{"allow":["GET"]}}],"collection":[{"href":"https:\/\/www.kode-solutions.net\/it\/wp-json\/wp\/v2\/pages"}],"about":[{"href":"https:\/\/www.kode-solutions.net\/it\/wp-json\/wp\/v2\/types\/page"}],"author":[{"embeddable":true,"href":"https:\/\/www.kode-solutions.net\/it\/wp-json\/wp\/v2\/users\/6"}],"replies":[{"embeddable":true,"href":"https:\/\/www.kode-solutions.net\/it\/wp-json\/wp\/v2\/comments?post=4981"}],"version-history":[{"count":5,"href":"https:\/\/www.kode-solutions.net\/it\/wp-json\/wp\/v2\/pages\/4981\/revisions"}],"predecessor-version":[{"id":7719,"href":"https:\/\/www.kode-solutions.net\/it\/wp-json\/wp\/v2\/pages\/4981\/revisions\/7719"}],"up":[{"embeddable":true,"href":"https:\/\/www.kode-solutions.net\/it\/wp-json\/wp\/v2\/pages\/4927"}],"wp:featuredmedia":[{"embeddable":true,"href":"https:\/\/www.kode-solutions.net\/it\/wp-json\/wp\/v2\/media\/369"}],"wp:attachment":[{"href":"https:\/\/www.kode-solutions.net\/it\/wp-json\/wp\/v2\/media?parent=4981"}],"curies":[{"name":"wp","href":"https:\/\/api.w.org\/{rel}","templated":true}]}}