{"id":4970,"date":"2023-11-22T13:55:45","date_gmt":"2023-11-22T12:55:45","guid":{"rendered":"https:\/\/www.kode-solutions.net\/?page_id=4970"},"modified":"2024-10-07T09:43:55","modified_gmt":"2024-10-07T07:43:55","slug":"logistica-ultimo-miglio-e-ftl","status":"publish","type":"page","link":"https:\/\/www.kode-solutions.net\/it\/cosa-facciamo-dati-e-intelligenza-artificiale\/dati-e-ai-per-logistica-mobilita\/logistica-ultimo-miglio-e-ftl\/","title":{"rendered":"Logistica: Ultimo Miglio e FTL"},"content":{"rendered":"\r\n\t<div class=\"main-column\" data-target=\"\" data-wrap=\"panel\">\r\n\t\t<div data-animate=\"\" class=\"qzr-dynamic-blocks  white-txt red-geo-bkg\" data-block=\"panel\" data-fullscreen=\"1\" data-type=\"card\">\r\n\t\t\t\n\n<div class=\"wp-block-columns is-layout-flex wp-container-core-columns-is-layout-9d6595d7 wp-block-columns-is-layout-flex\"><html><body><div class=\"wp-block-column is-layout-flow wp-block-column-is-layout-flow\" style=\"flex-basis:50%\" data-align-wide-vertical=\"1\">\n<div class=\"wp-block-group\"><div class=\"wp-block-group__inner-container is-layout-constrained wp-block-group-is-layout-constrained\">\n<h1 class=\"qzr-add-controls-is-panel-title qzr-add-controls-is-panel-title-true is-style-font-kode-md-128 wp-block-heading\">Kodelivery <\/h1>\n\n\n\n<h1 class=\"qzr-add-controls-is-panel-title qzr-add-controls-is-panel-title-true is-style-font-kode-md-128 wp-block-heading\">per Ultimo Miglio <\/h1>\n\n\n\n<h1 class=\"qzr-add-controls-is-panel-title qzr-add-controls-is-panel-title-true is-style-font-kode-md-128 wp-block-heading\">e FTL<\/h1>\n\n\n\n<h2 class=\"qzr-add-controls-is-panel-title qzr-add-controls-is-panel-title-true wp-block-heading\">Soluzioni logistiche AI-Based<\/h2>\n<\/div><\/div>\n\n\n\n<p class=\"qzr-add-controls-is-panel-title-true is-style-font-kode-md-18\">Il nostro approccio innovativo nella logistica dell\u2019Ultimo Miglio e nell\u2019FTL integra Intelligenza Artificiale e analisi avanzate attraverso una delle nostre soluzioni principali, Kodelivery. Questo sistema eccelle nell\u2019ottimizzazione dei percorsi di consegna e nella gestione della flotta, migliorando significativamente l\u2019efficienza operativa. I nostri algoritmi tengono conto di molteplici variabili: dalle condizioni del traffico e meteorologiche alle priorit\u00e0 di consegna, garantendo l&#8217;uso pi\u00f9 efficiente delle risorse. Ci\u00f2 si traduce in tempi di consegna pi\u00f9 rapidi, consumo di carburante ridotto e costi operativi inferiori.<\/p>\n<\/div>\n<\/body><\/html>\n\n\n<div class=\"wp-block-column is-vertically-aligned-center is-layout-flow wp-block-column-is-layout-flow\" style=\"flex-basis:50%\"><html><body><figure class=\"wp-block-image size-full\" data-fullscreen=\"1\" data-has-live-image=\"1\"><img loading=\"lazy\" decoding=\"async\" width=\"1000\" height=\"627\" src=\"https:\/\/www.kode-solutions.net\/site\/wp-content\/uploads\/2022\/10\/geospatial.b8a5b05f.jpg\" alt=\"\" class=\"wp-image-837\" srcset=\"https:\/\/www.kode-solutions.net\/site\/wp-content\/uploads\/2022\/10\/geospatial.b8a5b05f.jpg 1000w, https:\/\/www.kode-solutions.net\/site\/wp-content\/uploads\/2022\/10\/geospatial.b8a5b05f-300x188.jpg 300w, https:\/\/www.kode-solutions.net\/site\/wp-content\/uploads\/2022\/10\/geospatial.b8a5b05f-768x482.jpg 768w\" sizes=\"auto, (max-width: 1000px) 100vw, 1000px\" \/><\/img><\/figure>\n<\/body><\/html><\/div>\n<\/div>\n\n\t\t\t\t\t<\/div>\r\n\t<\/div>\r\n\r\n\t\n\n\r\n\t<div class=\"main-column\" data-target=\"\" data-wrap=\"panel\">\r\n\t\t<div data-animate=\"\" class=\"qzr-dynamic-blocks  black-txt white-bkg\" data-block=\"panel\" data-fullscreen=\"\" data-type=\"card\">\r\n\t\t\t\n\n<div class=\"wp-block-columns is-layout-flex wp-container-core-columns-is-layout-9d6595d7 wp-block-columns-is-layout-flex\">\n<div class=\"wp-block-column is-layout-flow wp-block-column-is-layout-flow\" style=\"flex-basis:33.33%\">\n<h2 class=\"qzr-add-controls-is-panel-title qzr-add-controls-is-panel-title-true is-style-font-kode-md-48 wp-block-heading\">Razionalizzazione della logistica dell&#8217;ultimo miglio e FTL<\/h2>\n<\/div>\n\n\n\n<div class=\"wp-block-column is-layout-flow wp-block-column-is-layout-flow\" style=\"flex-basis:66.66%\">\r\n\t<div class=\"qzr-dynamic-blocks\" data-block=\"accordion\">\r\n\t\t<div class=\"accordion\">\r\n\t\t\t\t\t\t\t<div class=\"element  active\">\r\n\t\t\t\t\t<div class=\"element-title\">\r\n\t\t\t\t\t\t\t\t\t\t\t\t<h3 class=\"is-style-font-kode-md-36 fix-font\">\r\n\t\t\t\t\t\t\tLa Sfida\t\t\t\t\t\t\t\t\t\t\t\t\t<\/h3>\r\n\t\t\t\t\t<\/div> \r\n\t\t\t\t\t<div class=\"element-content is-style-font-kode-md-18\">\r\n\t\t\t\t\t\t<p>Affrontiamo il complesso compito di migliorare la logistica dell&#8217;ultimo miglio e FTL analizzando set di dati complessi. La nostra strategia combina l\u2019esperienza nel settore con metodi statistici per concentrarsi su variabili cruciali. Questo approccio mirato aiuta a ottimizzare i percorsi e le operazioni di consegna in modo efficiente, soddisfacendo le esigenze specifiche della logistica.<\/p>\t\t\t\t\t\t<div class=\"mobile-only\">\r\n\t\t\t\t\t\t\t\t\t\t\t\t\t<\/div>\r\n\t\t\t\t\t<\/div>\r\n\t\t\t\t<\/div>\r\n\t\t\t\t\t\t\t<div class=\"element  active\">\r\n\t\t\t\t\t<div class=\"element-title\">\r\n\t\t\t\t\t\t\t\t\t\t\t\t<h3 class=\"is-style-font-kode-md-36 fix-font\">\r\n\t\t\t\t\t\t\tCosa facciamo\t\t\t\t\t\t\t\t\t\t\t\t\t<\/h3>\r\n\t\t\t\t\t<\/div> \r\n\t\t\t\t\t<div class=\"element-content is-style-font-kode-md-18\">\r\n\t\t\t\t\t\t<p>Collaborando con i clienti, il nostro team specializzato per la logistica identifica i fattori chiave che influenzano la logistica dell&#8217;ultimo miglio e l\u2019FTL. Selezioniamo quindi i metodi pi\u00f9 adatti per le nostre strategie di analisi e ottimizzazione.<\/p>\n<p>La scelta della metodologia per i nostri modelli logistici dipende da vari elementi, come il numero di variabili nelle rotte di consegna e nella gestione della flotta, la gamma di scenari che ciascuna variabile pu\u00f2 comprendere e la natura di queste variabili. Ad esempio, nell\u2019ottimizzare i percorsi di consegna, dobbiamo considerare vincoli come il traffico, le finestre di consegna e la capacit\u00e0 di carico dei veicoli.<\/p>\n<p>Il nostro approccio tailor-made alla logistica non solo fa risparmiare tempo e risorse, ma produce anche risultati altamente informativi. Guidando i nostri clienti attraverso l\u2019intricato processo di ottimizzazione della logistica, acceleriamo l\u2019evoluzione aziendale verso sistemi di consegna pi\u00f9 efficienti ed economici.<\/p>\t\t\t\t\t\t<div class=\"mobile-only\">\r\n\t\t\t\t\t\t\t\t\t\t\t\t\t<\/div>\r\n\t\t\t\t\t<\/div>\r\n\t\t\t\t<\/div>\r\n\t\t\t\t\t<\/div>\r\n\t<\/div>\r\n\r\n\t<\/div>\n<\/div>\n\n\t\t\t\t\t<\/div>\r\n\t<\/div>\r\n\r\n\t\n\n\t\t<div class=\"main-column\">\r\n\t\t\t<div data-animate=\"\" class=\"qzr-dynamic-blocks white-txt black-bkg\" data-block=\"call-to-action\">\r\n\t\t\t\t<div class=\"content\">\r\n\t\t\t\t\t\t\t\t\t\t\t<div class=\"icon\"><img decoding=\"async\" src=\"https:\/\/www.kode-solutions.net\/site\/wp-content\/uploads\/2022\/11\/search.png\" alt=\"Call to action\"\/><\/div>\r\n\t\t\t\t\t\t\t\t\t\t<div class=\"is-style-font-kode-md-36\">\r\n\t\t\t\t\t\t<p>Le potenti funzionalit\u00e0 di Kodelivery si applicano a molti altri aspetti della logistica.&nbsp;<\/p>\t\t\t\t\t<\/div>\r\n\t\t\t\t<\/div>\r\n\t\t\t\t<div class=\"actions\">\r\n\t\t\t\t\t\t\t\t\t\t\t\t\t\t\t\t\t\t<div class=\"action\">\r\n\t\t\t\t\t\t\t\t<a class=\"button white-bkg black-txt\" href=\"https:\/\/www.kode-solutions.net\/what-we-do-data-driven-and-ai-based-solutions\/data-and-ai-for-logistics-and-mobility-optimisation\/\" title=\"Scopri di pi\u00f9\" target=\"_blank\">\r\n\t\t\t\t\t\t\t\t\t\t\t\t\t\t\t\t\t\tScopri di pi\u00f9\t\t\t\t\t\t\t\t<\/a>\r\n\t\t\t\t\t\t\t<\/div>\r\n\t\t\t\t\t\t\t\t\t\t\t\t\t\t\t<\/div>\r\n\t\t\t<\/div>\r\n\t\t<\/div>\r\n\r\n\t\n\n\t\t<div class=\"main-column\">\r\n\t\t\t<div data-animate=\"\" class=\"qzr-dynamic-blocks black-txt white-bkg\" data-block=\"call-to-action\">\r\n\t\t\t\t<div class=\"content\">\r\n\t\t\t\t\t\t\t\t\t\t<div class=\"is-style-font-kode-md-36\">\r\n\t\t\t\t\t\t<p>Vuoi saperne di pi\u00f9 sui nostri progetti per il settore Logistico?<\/p>\n<p>Mandaci un messaggio!<\/p>\t\t\t\t\t<\/div>\r\n\t\t\t\t<\/div>\r\n\t\t\t\t<div class=\"actions\">\r\n\t\t\t\t\t\t\t\t\t\t\t\t\t\t\t\t\t\t<div class=\"action\">\r\n\t\t\t\t\t\t\t\t<a class=\"button purple-bkg gray-txt\" href=\"#contactus\" title=\"Contattaci\" target=\"_blank\">\r\n\t\t\t\t\t\t\t\t\t\t\t\t\t\t\t\t\t\tContattaci\t\t\t\t\t\t\t\t<\/a>\r\n\t\t\t\t\t\t\t<\/div>\r\n\t\t\t\t\t\t\t\t\t\t\t\t\t\t\t<\/div>\r\n\t\t\t<\/div>\r\n\t\t<\/div>\r\n\r\n\t","protected":false},"excerpt":{"rendered":"","protected":false},"author":6,"featured_media":837,"parent":4968,"menu_order":0,"comment_status":"closed","ping_status":"closed","template":"","meta":{"footnotes":""},"class_list":["post-4970","page","type-page","status-publish","has-post-thumbnail","hentry"],"qzr_fp_pages_ids":{"news":{"page_id":5040,"label":"Pagina news"}},"yoast_head":"<!-- This site is optimized with the Yoast SEO plugin v27.4 - https:\/\/yoast.com\/product\/yoast-seo-wordpress\/ -->\n<title>Logistica: Ultimo Miglio e FTL - soluzioni logistiche AI-based - Kode<\/title>\n<meta name=\"description\" content=\"Soluzioni AI-based e data-driven per ottimizzare i percorsi di consegna e la gestione della flotta per l\u2019Ultimo Miglio e l\u2019FTL.\" \/>\n<meta name=\"robots\" content=\"index, follow, max-snippet:-1, max-image-preview:large, max-video-preview:-1\" \/>\n<link rel=\"canonical\" href=\"https:\/\/www.kode-solutions.net\/it\/cosa-facciamo-dati-e-intelligenza-artificiale\/dati-e-ai-per-logistica-mobilita\/logistica-ultimo-miglio-e-ftl\/\" \/>\n<meta property=\"og:locale\" content=\"it_IT\" \/>\n<meta property=\"og:type\" content=\"article\" \/>\n<meta property=\"og:title\" content=\"Logistica: Ultimo Miglio e FTL - soluzioni logistiche AI-based - Kode\" \/>\n<meta property=\"og:description\" content=\"Soluzioni AI-based e data-driven per ottimizzare i percorsi di consegna e la gestione della flotta per l\u2019Ultimo Miglio e l\u2019FTL.\" \/>\n<meta property=\"og:url\" content=\"https:\/\/www.kode-solutions.net\/it\/cosa-facciamo-dati-e-intelligenza-artificiale\/dati-e-ai-per-logistica-mobilita\/logistica-ultimo-miglio-e-ftl\/\" \/>\n<meta property=\"og:site_name\" content=\"Kode\" \/>\n<meta property=\"article:publisher\" content=\"https:\/\/www.facebook.com\/kode.solutions\" \/>\n<meta property=\"article:modified_time\" content=\"2024-10-07T07:43:55+00:00\" \/>\n<meta property=\"og:image\" content=\"https:\/\/www.kode-solutions.net\/site\/wp-content\/uploads\/2022\/10\/geospatial.b8a5b05f.jpg\" \/>\n\t<meta property=\"og:image:width\" content=\"1000\" \/>\n\t<meta property=\"og:image:height\" content=\"627\" \/>\n\t<meta property=\"og:image:type\" content=\"image\/jpeg\" \/>\n<meta name=\"twitter:card\" content=\"summary_large_image\" \/>\n<meta name=\"twitter:site\" content=\"@kode_solutions\" \/>\n<meta name=\"twitter:label1\" content=\"Tempo di lettura stimato\" \/>\n\t<meta name=\"twitter:data1\" content=\"1 minuto\" \/>\n<script type=\"application\/ld+json\" class=\"yoast-schema-graph\">{\"@context\":\"https:\\\/\\\/schema.org\",\"@graph\":[{\"@type\":\"WebPage\",\"@id\":\"https:\\\/\\\/www.kode-solutions.net\\\/it\\\/cosa-facciamo-dati-e-intelligenza-artificiale\\\/dati-e-ai-per-logistica-mobilita\\\/logistica-ultimo-miglio-e-ftl\\\/\",\"url\":\"https:\\\/\\\/www.kode-solutions.net\\\/it\\\/cosa-facciamo-dati-e-intelligenza-artificiale\\\/dati-e-ai-per-logistica-mobilita\\\/logistica-ultimo-miglio-e-ftl\\\/\",\"name\":\"Logistica: Ultimo Miglio e FTL - soluzioni logistiche AI-based - Kode\",\"isPartOf\":{\"@id\":\"https:\\\/\\\/www.kode-solutions.net\\\/#website\"},\"primaryImageOfPage\":{\"@id\":\"https:\\\/\\\/www.kode-solutions.net\\\/it\\\/cosa-facciamo-dati-e-intelligenza-artificiale\\\/dati-e-ai-per-logistica-mobilita\\\/logistica-ultimo-miglio-e-ftl\\\/#primaryimage\"},\"image\":{\"@id\":\"https:\\\/\\\/www.kode-solutions.net\\\/it\\\/cosa-facciamo-dati-e-intelligenza-artificiale\\\/dati-e-ai-per-logistica-mobilita\\\/logistica-ultimo-miglio-e-ftl\\\/#primaryimage\"},\"thumbnailUrl\":\"https:\\\/\\\/www.kode-solutions.net\\\/site\\\/wp-content\\\/uploads\\\/2022\\\/10\\\/geospatial.b8a5b05f.jpg\",\"datePublished\":\"2023-11-22T12:55:45+00:00\",\"dateModified\":\"2024-10-07T07:43:55+00:00\",\"description\":\"Soluzioni AI-based e data-driven per ottimizzare i percorsi di consegna e la gestione della flotta per l\u2019Ultimo Miglio e l\u2019FTL.\",\"breadcrumb\":{\"@id\":\"https:\\\/\\\/www.kode-solutions.net\\\/it\\\/cosa-facciamo-dati-e-intelligenza-artificiale\\\/dati-e-ai-per-logistica-mobilita\\\/logistica-ultimo-miglio-e-ftl\\\/#breadcrumb\"},\"inLanguage\":\"it-IT\",\"potentialAction\":[{\"@type\":\"ReadAction\",\"target\":[\"https:\\\/\\\/www.kode-solutions.net\\\/it\\\/cosa-facciamo-dati-e-intelligenza-artificiale\\\/dati-e-ai-per-logistica-mobilita\\\/logistica-ultimo-miglio-e-ftl\\\/\"]}]},{\"@type\":\"ImageObject\",\"inLanguage\":\"it-IT\",\"@id\":\"https:\\\/\\\/www.kode-solutions.net\\\/it\\\/cosa-facciamo-dati-e-intelligenza-artificiale\\\/dati-e-ai-per-logistica-mobilita\\\/logistica-ultimo-miglio-e-ftl\\\/#primaryimage\",\"url\":\"https:\\\/\\\/www.kode-solutions.net\\\/site\\\/wp-content\\\/uploads\\\/2022\\\/10\\\/geospatial.b8a5b05f.jpg\",\"contentUrl\":\"https:\\\/\\\/www.kode-solutions.net\\\/site\\\/wp-content\\\/uploads\\\/2022\\\/10\\\/geospatial.b8a5b05f.jpg\",\"width\":1000,\"height\":627},{\"@type\":\"BreadcrumbList\",\"@id\":\"https:\\\/\\\/www.kode-solutions.net\\\/it\\\/cosa-facciamo-dati-e-intelligenza-artificiale\\\/dati-e-ai-per-logistica-mobilita\\\/logistica-ultimo-miglio-e-ftl\\\/#breadcrumb\",\"itemListElement\":[{\"@type\":\"ListItem\",\"position\":1,\"name\":\"Home\",\"item\":\"https:\\\/\\\/www.kode-solutions.net\\\/it\\\/\"},{\"@type\":\"ListItem\",\"position\":2,\"name\":\"Cosa Facciamo\",\"item\":\"https:\\\/\\\/www.kode-solutions.net\\\/it\\\/cosa-facciamo-dati-e-intelligenza-artificiale\\\/\"},{\"@type\":\"ListItem\",\"position\":3,\"name\":\"Logistica e mobilita\",\"item\":\"https:\\\/\\\/www.kode-solutions.net\\\/it\\\/cosa-facciamo-dati-e-intelligenza-artificiale\\\/dati-e-ai-per-logistica-mobilita\\\/\"},{\"@type\":\"ListItem\",\"position\":4,\"name\":\"Logistica: Ultimo Miglio e FTL\"}]},{\"@type\":\"WebSite\",\"@id\":\"https:\\\/\\\/www.kode-solutions.net\\\/#website\",\"url\":\"https:\\\/\\\/www.kode-solutions.net\\\/\",\"name\":\"Kode\",\"description\":\"From Data to Knowledge\",\"publisher\":{\"@id\":\"https:\\\/\\\/www.kode-solutions.net\\\/#organization\"},\"potentialAction\":[{\"@type\":\"SearchAction\",\"target\":{\"@type\":\"EntryPoint\",\"urlTemplate\":\"https:\\\/\\\/www.kode-solutions.net\\\/?s={search_term_string}\"},\"query-input\":{\"@type\":\"PropertyValueSpecification\",\"valueRequired\":true,\"valueName\":\"search_term_string\"}}],\"inLanguage\":\"it-IT\"},{\"@type\":\"Organization\",\"@id\":\"https:\\\/\\\/www.kode-solutions.net\\\/#organization\",\"name\":\"Kode s.r.l.\",\"url\":\"https:\\\/\\\/www.kode-solutions.net\\\/\",\"logo\":{\"@type\":\"ImageObject\",\"inLanguage\":\"it-IT\",\"@id\":\"https:\\\/\\\/www.kode-solutions.net\\\/#\\\/schema\\\/logo\\\/image\\\/\",\"url\":\"https:\\\/\\\/www.kode-solutions.net\\\/site\\\/wp-content\\\/uploads\\\/2022\\\/10\\\/kode.svg\",\"contentUrl\":\"https:\\\/\\\/www.kode-solutions.net\\\/site\\\/wp-content\\\/uploads\\\/2022\\\/10\\\/kode.svg\",\"width\":121,\"height\":27,\"caption\":\"Kode s.r.l.\"},\"image\":{\"@id\":\"https:\\\/\\\/www.kode-solutions.net\\\/#\\\/schema\\\/logo\\\/image\\\/\"},\"sameAs\":[\"https:\\\/\\\/www.facebook.com\\\/kode.solutions\",\"https:\\\/\\\/x.com\\\/kode_solutions\",\"https:\\\/\\\/www.instagram.com\\\/kode_solutions\\\/\",\"https:\\\/\\\/www.linkedin.com\\\/company\\\/kode\\\/\"]}]}<\/script>\n<!-- \/ Yoast SEO plugin. -->","yoast_head_json":{"title":"Logistica: Ultimo Miglio e FTL - soluzioni logistiche AI-based - Kode","description":"Soluzioni AI-based e data-driven per ottimizzare i percorsi di consegna e la gestione della flotta per l\u2019Ultimo Miglio e l\u2019FTL.","robots":{"index":"index","follow":"follow","max-snippet":"max-snippet:-1","max-image-preview":"max-image-preview:large","max-video-preview":"max-video-preview:-1"},"canonical":"https:\/\/www.kode-solutions.net\/it\/cosa-facciamo-dati-e-intelligenza-artificiale\/dati-e-ai-per-logistica-mobilita\/logistica-ultimo-miglio-e-ftl\/","og_locale":"it_IT","og_type":"article","og_title":"Logistica: Ultimo Miglio e FTL - soluzioni logistiche AI-based - Kode","og_description":"Soluzioni AI-based e data-driven per ottimizzare i percorsi di consegna e la gestione della flotta per l\u2019Ultimo Miglio e l\u2019FTL.","og_url":"https:\/\/www.kode-solutions.net\/it\/cosa-facciamo-dati-e-intelligenza-artificiale\/dati-e-ai-per-logistica-mobilita\/logistica-ultimo-miglio-e-ftl\/","og_site_name":"Kode","article_publisher":"https:\/\/www.facebook.com\/kode.solutions","article_modified_time":"2024-10-07T07:43:55+00:00","og_image":[{"width":1000,"height":627,"url":"https:\/\/www.kode-solutions.net\/site\/wp-content\/uploads\/2022\/10\/geospatial.b8a5b05f.jpg","type":"image\/jpeg"}],"twitter_card":"summary_large_image","twitter_site":"@kode_solutions","twitter_misc":{"Tempo di lettura stimato":"1 minuto"},"schema":{"@context":"https:\/\/schema.org","@graph":[{"@type":"WebPage","@id":"https:\/\/www.kode-solutions.net\/it\/cosa-facciamo-dati-e-intelligenza-artificiale\/dati-e-ai-per-logistica-mobilita\/logistica-ultimo-miglio-e-ftl\/","url":"https:\/\/www.kode-solutions.net\/it\/cosa-facciamo-dati-e-intelligenza-artificiale\/dati-e-ai-per-logistica-mobilita\/logistica-ultimo-miglio-e-ftl\/","name":"Logistica: Ultimo Miglio e FTL - soluzioni logistiche AI-based - Kode","isPartOf":{"@id":"https:\/\/www.kode-solutions.net\/#website"},"primaryImageOfPage":{"@id":"https:\/\/www.kode-solutions.net\/it\/cosa-facciamo-dati-e-intelligenza-artificiale\/dati-e-ai-per-logistica-mobilita\/logistica-ultimo-miglio-e-ftl\/#primaryimage"},"image":{"@id":"https:\/\/www.kode-solutions.net\/it\/cosa-facciamo-dati-e-intelligenza-artificiale\/dati-e-ai-per-logistica-mobilita\/logistica-ultimo-miglio-e-ftl\/#primaryimage"},"thumbnailUrl":"https:\/\/www.kode-solutions.net\/site\/wp-content\/uploads\/2022\/10\/geospatial.b8a5b05f.jpg","datePublished":"2023-11-22T12:55:45+00:00","dateModified":"2024-10-07T07:43:55+00:00","description":"Soluzioni AI-based e data-driven per ottimizzare i percorsi di consegna e la gestione della flotta per l\u2019Ultimo Miglio e l\u2019FTL.","breadcrumb":{"@id":"https:\/\/www.kode-solutions.net\/it\/cosa-facciamo-dati-e-intelligenza-artificiale\/dati-e-ai-per-logistica-mobilita\/logistica-ultimo-miglio-e-ftl\/#breadcrumb"},"inLanguage":"it-IT","potentialAction":[{"@type":"ReadAction","target":["https:\/\/www.kode-solutions.net\/it\/cosa-facciamo-dati-e-intelligenza-artificiale\/dati-e-ai-per-logistica-mobilita\/logistica-ultimo-miglio-e-ftl\/"]}]},{"@type":"ImageObject","inLanguage":"it-IT","@id":"https:\/\/www.kode-solutions.net\/it\/cosa-facciamo-dati-e-intelligenza-artificiale\/dati-e-ai-per-logistica-mobilita\/logistica-ultimo-miglio-e-ftl\/#primaryimage","url":"https:\/\/www.kode-solutions.net\/site\/wp-content\/uploads\/2022\/10\/geospatial.b8a5b05f.jpg","contentUrl":"https:\/\/www.kode-solutions.net\/site\/wp-content\/uploads\/2022\/10\/geospatial.b8a5b05f.jpg","width":1000,"height":627},{"@type":"BreadcrumbList","@id":"https:\/\/www.kode-solutions.net\/it\/cosa-facciamo-dati-e-intelligenza-artificiale\/dati-e-ai-per-logistica-mobilita\/logistica-ultimo-miglio-e-ftl\/#breadcrumb","itemListElement":[{"@type":"ListItem","position":1,"name":"Home","item":"https:\/\/www.kode-solutions.net\/it\/"},{"@type":"ListItem","position":2,"name":"Cosa Facciamo","item":"https:\/\/www.kode-solutions.net\/it\/cosa-facciamo-dati-e-intelligenza-artificiale\/"},{"@type":"ListItem","position":3,"name":"Logistica e mobilita","item":"https:\/\/www.kode-solutions.net\/it\/cosa-facciamo-dati-e-intelligenza-artificiale\/dati-e-ai-per-logistica-mobilita\/"},{"@type":"ListItem","position":4,"name":"Logistica: Ultimo Miglio e FTL"}]},{"@type":"WebSite","@id":"https:\/\/www.kode-solutions.net\/#website","url":"https:\/\/www.kode-solutions.net\/","name":"Kode","description":"From Data to Knowledge","publisher":{"@id":"https:\/\/www.kode-solutions.net\/#organization"},"potentialAction":[{"@type":"SearchAction","target":{"@type":"EntryPoint","urlTemplate":"https:\/\/www.kode-solutions.net\/?s={search_term_string}"},"query-input":{"@type":"PropertyValueSpecification","valueRequired":true,"valueName":"search_term_string"}}],"inLanguage":"it-IT"},{"@type":"Organization","@id":"https:\/\/www.kode-solutions.net\/#organization","name":"Kode s.r.l.","url":"https:\/\/www.kode-solutions.net\/","logo":{"@type":"ImageObject","inLanguage":"it-IT","@id":"https:\/\/www.kode-solutions.net\/#\/schema\/logo\/image\/","url":"https:\/\/www.kode-solutions.net\/site\/wp-content\/uploads\/2022\/10\/kode.svg","contentUrl":"https:\/\/www.kode-solutions.net\/site\/wp-content\/uploads\/2022\/10\/kode.svg","width":121,"height":27,"caption":"Kode s.r.l."},"image":{"@id":"https:\/\/www.kode-solutions.net\/#\/schema\/logo\/image\/"},"sameAs":["https:\/\/www.facebook.com\/kode.solutions","https:\/\/x.com\/kode_solutions","https:\/\/www.instagram.com\/kode_solutions\/","https:\/\/www.linkedin.com\/company\/kode\/"]}]}},"_links":{"self":[{"href":"https:\/\/www.kode-solutions.net\/it\/wp-json\/wp\/v2\/pages\/4970","targetHints":{"allow":["GET"]}}],"collection":[{"href":"https:\/\/www.kode-solutions.net\/it\/wp-json\/wp\/v2\/pages"}],"about":[{"href":"https:\/\/www.kode-solutions.net\/it\/wp-json\/wp\/v2\/types\/page"}],"author":[{"embeddable":true,"href":"https:\/\/www.kode-solutions.net\/it\/wp-json\/wp\/v2\/users\/6"}],"replies":[{"embeddable":true,"href":"https:\/\/www.kode-solutions.net\/it\/wp-json\/wp\/v2\/comments?post=4970"}],"version-history":[{"count":5,"href":"https:\/\/www.kode-solutions.net\/it\/wp-json\/wp\/v2\/pages\/4970\/revisions"}],"predecessor-version":[{"id":5909,"href":"https:\/\/www.kode-solutions.net\/it\/wp-json\/wp\/v2\/pages\/4970\/revisions\/5909"}],"up":[{"embeddable":true,"href":"https:\/\/www.kode-solutions.net\/it\/wp-json\/wp\/v2\/pages\/4968"}],"wp:featuredmedia":[{"embeddable":true,"href":"https:\/\/www.kode-solutions.net\/it\/wp-json\/wp\/v2\/media\/837"}],"wp:attachment":[{"href":"https:\/\/www.kode-solutions.net\/it\/wp-json\/wp\/v2\/media?parent=4970"}],"curies":[{"name":"wp","href":"https:\/\/api.w.org\/{rel}","templated":true}]}}