{"id":4963,"date":"2024-03-18T09:55:57","date_gmt":"2024-03-18T08:55:57","guid":{"rendered":"https:\/\/www.kode-solutions.net\/?page_id=4963"},"modified":"2024-10-09T15:49:17","modified_gmt":"2024-10-09T13:49:17","slug":"fedrigoni-calcolo-delloee-e-sistema-di-controllo-degli-impianti","status":"publish","type":"page","link":"https:\/\/www.kode-solutions.net\/it\/progetti-e-case-studies\/fedrigoni-calcolo-delloee-e-sistema-di-controllo-degli-impianti\/","title":{"rendered":"Fedrigoni: Calcolo dell&#8217;OEE e sistema di controllo degli impianti"},"content":{"rendered":"\r\n\t<div class=\"main-column\" data-target=\"\" data-wrap=\"panel\">\r\n\t\t<div data-animate=\"\" class=\"qzr-dynamic-blocks  white-txt dark-gray-bkg\" data-block=\"panel\" data-fullscreen=\"1\" data-type=\"card\">\r\n\t\t\t\n\n<div class=\"wp-block-columns is-layout-flex wp-container-core-columns-is-layout-9d6595d7 wp-block-columns-is-layout-flex\"><html><body><div class=\"wp-block-column is-layout-flow wp-block-column-is-layout-flow\" style=\"flex-basis:50%\" data-align-wide-vertical=\"1\">\n<div class=\"wp-block-group\"><div class=\"wp-block-group__inner-container is-layout-constrained wp-block-group-is-layout-constrained\">\n<h1 class=\"qzr-add-controls-is-panel-title qzr-add-controls-is-panel-title-true is-style-font-kode-md-128 has-black-color has-text-color has-link-color wp-block-heading wp-elements-0c8e1f2d28e84ba1201d2e9bf8bae023\">Fedrigoni<\/h1>\n<\/div><\/div>\n\n\n\n<h3 class=\"qzr-add-controls-is-panel-title qzr-add-controls-is-panel-title-true has-black-color has-text-color has-link-color wp-block-heading wp-elements-31b2bb313498fc2165c85ca8ccd48cef\">Digitalizzazione e standardizzazione del sistema di calcolo e controllo dell&#8217;OEE per tutti gli impianti del gruppo<\/h3>\n\n\n\n<p class=\"qzr-add-controls-is-panel-title-true is-style-font-kode-md-18 has-black-color has-text-color has-link-color wp-elements-4baceb5abcd27fbc4d12b0e9cda90df3\">Fedrigoni \u00e8 uno dei maggiori produttori al mondo di carte speciali per imballaggi di lusso e altre soluzioni creative, oltre a etichette premium e materiali autoadesivi. Con oltre 70 stabilimenti di produzione, centri di taglio e distribuzione, il Gruppo Fedrigoni raccoglie un&#8217;ampia quantit\u00e0 di dati e informazioni di diversa tipologia.<\/p>\n\n\n\n<p class=\"qzr-add-controls-is-panel-title-true is-style-font-kode-md-18 has-black-color has-text-color has-link-color wp-elements-891d187023e195f7ddaea59bfa5012c9\">Trasformare queste enormi masse di dati grezzi e non strutturati in informazioni chiare e snelle \u00e8 fondamentale per creare conoscenza utile e prendere decisioni informate per una gestione strategica dell\u2019azienda.<\/p>\n<\/div>\n<\/body><\/html>\n\n\n<div class=\"wp-block-column is-vertically-aligned-center is-layout-flow wp-block-column-is-layout-flow\" style=\"flex-basis:50%\"><html><body><figure class=\"wp-block-image size-large\" data-fullscreen=\"1\" data-has-live-image=\"1\"><img loading=\"lazy\" decoding=\"async\" width=\"1024\" height=\"937\" src=\"https:\/\/www.kode-solutions.net\/site\/wp-content\/uploads\/2024\/03\/Verona_2-1024x937.jpg\" alt=\"\" class=\"wp-image-4177\" srcset=\"https:\/\/www.kode-solutions.net\/site\/wp-content\/uploads\/2024\/03\/Verona_2-1024x937.jpg 1024w, https:\/\/www.kode-solutions.net\/site\/wp-content\/uploads\/2024\/03\/Verona_2-300x274.jpg 300w, https:\/\/www.kode-solutions.net\/site\/wp-content\/uploads\/2024\/03\/Verona_2-768x703.jpg 768w, https:\/\/www.kode-solutions.net\/site\/wp-content\/uploads\/2024\/03\/Verona_2-1536x1405.jpg 1536w, https:\/\/www.kode-solutions.net\/site\/wp-content\/uploads\/2024\/03\/Verona_2-2048x1874.jpg 2048w, https:\/\/www.kode-solutions.net\/site\/wp-content\/uploads\/2024\/03\/Verona_2-1181x1080.jpg 1181w, https:\/\/www.kode-solutions.net\/site\/wp-content\/uploads\/2024\/03\/Verona_2-36x33.jpg 36w, https:\/\/www.kode-solutions.net\/site\/wp-content\/uploads\/2024\/03\/Verona_2-64x59.jpg 64w\" sizes=\"auto, (max-width: 1024px) 100vw, 1024px\" \/><\/img><\/figure>\n<\/body><\/html><\/div>\n<\/div>\n\n\t\t\t\t\t<\/div>\r\n\t<\/div>\r\n\r\n\t\n\n\r\n\t<div class=\"main-column\" data-target=\"\" data-wrap=\"panel\">\r\n\t\t<div data-animate=\"\" class=\"qzr-dynamic-blocks  black-txt white-bkg\" data-block=\"panel\" data-fullscreen=\"\" data-type=\"card\">\r\n\t\t\t\n\n<div class=\"wp-block-columns is-layout-flex wp-container-core-columns-is-layout-9d6595d7 wp-block-columns-is-layout-flex\">\n<div class=\"wp-block-column is-layout-flow wp-block-column-is-layout-flow\" style=\"flex-basis:33.33%\">\n<h2 class=\"qzr-add-controls-is-panel-title qzr-add-controls-is-panel-title-true is-style-font-kode-md-48 wp-block-heading\">La Nostra Soluzione<\/h2>\n<\/div>\n\n\n\n<div class=\"wp-block-column is-layout-flow wp-block-column-is-layout-flow\" style=\"flex-basis:66.66%\">\r\n\t<div class=\"qzr-dynamic-blocks\" data-block=\"accordion\">\r\n\t\t<div class=\"accordion\">\r\n\t\t\t\t\t\t\t<div class=\"element  \">\r\n\t\t\t\t\t<div class=\"element-title\">\r\n\t\t\t\t\t\t\t\t\t\t\t\t<h3 class=\"is-style-font-kode-md-36 fix-font\">\r\n\t\t\t\t\t\t\tLa Sfida\t\t\t\t\t\t\t\t\t\t\t\t\t<\/h3>\r\n\t\t\t\t\t<\/div> \r\n\t\t\t\t\t<div class=\"element-content is-style-font-kode-md-18\">\r\n\t\t\t\t\t\t<p>Fedrigoni produce moltissime tipologie diverse di prodotti di carta speciale: alcuni dei loro stabilimenti si concentrano su pochi di essi, mentre altri spesso variano la produzione. Queste differenze hanno un impatto enorme sulla rispettiva produttivit\u00e0.<\/p>\n<p><br><\/p>\n<p>I macchinari di ogni stabilimento, inoltre, adottano sistemi diversi per la raccolta dei dati. Ciononostante, Fedrigoni deve essere in grado di analizzare le prestazioni degli impianti e di aumentare e semplificare il controllo sulla produzione attraverso:<\/p>\n<ul>\n  <li>Integrazione e normalizzazione di tutti i dati provenienti da diversi impianti in un&#8217;unica piattaforma digitale<\/li>\n  <li>Estrazione degli stessi KPI per tutti gli stabilimenti, al fine di ottimizzare il controllo delle performance produttive<\/li>\n<\/ul>\n<p>Per questo progetto sono state coinvolte 13 macchine (di cui 10 a produzione continua), distribuite in 7 stabilimenti in tutta Italia.<\/p>\t\t\t\t\t\t<div class=\"mobile-only\">\r\n\t\t\t\t\t\t\t\t\t\t\t\t\t<\/div>\r\n\t\t\t\t\t<\/div>\r\n\t\t\t\t<\/div>\r\n\t\t\t\t\t\t\t<div class=\"element  \">\r\n\t\t\t\t\t<div class=\"element-title\">\r\n\t\t\t\t\t\t\t\t\t\t\t\t<h3 class=\"is-style-font-kode-md-36 fix-font\">\r\n\t\t\t\t\t\t\tData Understanding\t\t\t\t\t\t\t\t\t\t\t\t\t<\/h3>\r\n\t\t\t\t\t<\/div> \r\n\t\t\t\t\t<div class=\"element-content is-style-font-kode-md-18\">\r\n\t\t\t\t\t\t<p>Ogni impianto espone da 3.000 a 5.000 segnali; un sottoinsieme di questi tag \u00e8 stato verificato, storicizzato, analizzato e normalizzato per creare un sistema comune di etichettatura e raccolta.<\/p>\n<p><br><\/p>\n<p>In realt\u00e0, bench\u00e9 ogni macchina abbia il suo sistema di controllo, nessuno di essi espone chiaramente la correlazione tra i suoi indicatori e i segnali della macchina; questa situazione rende impossibile qualsiasi controllo e confronto oggettivo fra gli indicatori delle diverse macchine, &nbsp;oltre che l\u2019analisi delle cause profonde.&nbsp;<\/p>\n<p>I tag, invece, sono puntuali e, una volta compresi, confrontati con i dati estratti dal sistema di controllo integrato della macchina e normalizzati (pulizia dei dati, gestione di scale diverse o di frequenze di segnali diverse), consentono di estrarre dati uniformi e calcolare indicatori affidabili.<\/p>\n<p><br><\/p>\n<p>Sui dati dei macchinari \u00e8 stata poi aggiunta la possibilit\u00e0 per gli operatori dell&#8217;impianto di aggiungere manualmente informazioni sulla produzione (come il tipo di produzione, la grammatura della carta, il motivo di ogni fermo produttivo\u2026), che sono necessarie per le analisi di approfondimento ex-post.<\/p>\n<p><br><\/p>\n<p>Grazie a questa elaborazione, abbiamo potuto identificare e tradurre il significato di ciascun tag relativo al processo di produzione e creare un&#8217;ontologia comune per elaborare una visione complessiva di tutti gli stabilimenti coinvolti in un&#8217;unica piattaforma.<\/p>\t\t\t\t\t\t<div class=\"mobile-only\">\r\n\t\t\t\t\t\t\t\t\t\t\t\t\t<\/div>\r\n\t\t\t\t\t<\/div>\r\n\t\t\t\t<\/div>\r\n\t\t\t\t\t\t\t<div class=\"element  \">\r\n\t\t\t\t\t<div class=\"element-title\">\r\n\t\t\t\t\t\t\t\t\t\t\t\t<h3 class=\"is-style-font-kode-md-36 fix-font\">\r\n\t\t\t\t\t\t\tStatistical Process Control\t\t\t\t\t\t\t\t\t\t\t\t\t<\/h3>\r\n\t\t\t\t\t<\/div> \r\n\t\t\t\t\t<div class=\"element-content is-style-font-kode-md-18\">\r\n\t\t\t\t\t\t<p>L&#8217;obiettivo principale di Fedrigoni era quello di estrarre gli indicatori chiave dell&#8217;OEE: efficienza temporale, efficienza dei materiali ed efficienza della velocit\u00e0.<\/p>\n<p><br><\/p>\n<p>Oltre ad algoritmi specifici sviluppati per ogni macchinario (costruiti al fine di ottenere indicatori comparabili a partire da tipologie diverse di tag), il modulo di SPC \u00e8 stato integrato con un algoritmo personalizzato che consente di distinguere, all\u2019interno delle serie temporali dei segnali di produzione, i dati di fine produzione dai tag relativi alla nuova bobina di carta.<\/p>\n<p><br><\/p>\n<p>Questa attribuzione \u00e8 stata fondamentale per generare l&#8217;analisi per tipologia di prodotto, nonch\u00e9 per tipologia di produzione (e non solo per orario o time stamp), consentendo l&#8217;analisi delle fluttuazioni della produzione.<\/p>\n<p>Ecco quindi che in Fedrigoni il controllo delle prestazioni \u00e8 diventato la chiave per l\u2019ottimizzazione dei processi.<\/p>\t\t\t\t\t\t<div class=\"mobile-only\">\r\n\t\t\t\t\t\t\t\t\t\t\t\t\t<\/div>\r\n\t\t\t\t\t<\/div>\r\n\t\t\t\t<\/div>\r\n\t\t\t\t\t<\/div>\r\n\t<\/div>\r\n\r\n\t\n\n\n<p><\/p>\n<\/div>\n<\/div>\n\n\t\t\t\t\t<\/div>\r\n\t<\/div>\r\n\r\n\t\n\n\r\n\t<div class=\"main-column\" data-target=\"\" data-wrap=\"panel\">\r\n\t\t<div data-animate=\"fade-in\" class=\"qzr-dynamic-blocks  black-txt dark-gray-bkg\" data-block=\"panel\" data-fullscreen=\"\" data-type=\"card\">\r\n\t\t\t\n\n<div class=\"wp-block-columns is-layout-flex wp-container-core-columns-is-layout-9d6595d7 wp-block-columns-is-layout-flex\"><html><body><div class=\"wp-block-column is-vertically-aligned-center is-layout-flow wp-block-column-is-layout-flow\" style=\"&#13;&#10;&#9;&#9;&#9;&#9;display: flex; &#13;&#10;&#9;&#9;&#9;&#9;min-height:500px; &#13;&#10;&#9;&#9;&#9;&#9;justify-content: center;&#13;&#10;&#9;&#9;&#9;&#9;flex-direction: column;&#13;&#10;&#9;&#9;&#9;\">\n<h2 class=\"qzr-add-controls-is-panel-title qzr-add-controls-is-panel-title-true is-style-font-kode-md-48 wp-block-heading\">I Risultati<\/h2>\n\n\n\n<p class=\"is-style-font-kode-md-18\">Il sistema di monitoraggio ha supportato l\u2019identificazione degli aspetti chiave da ottimizzare in 7 stabilimenti e 13 macchine integrate in soli 3 anni, generando:<\/p>\n\n\n\n<ul class=\"wp-block-list\">\n<li class=\"is-style-font-kode-md-18\">+1,88% medio anno-su-anno rispetto agli OEE target negli ultimi 3 anni*<\/li>\n\n\n\n<li class=\"is-style-font-kode-md-18\">riduzione dell&#8217;1% dei tempi di inattivit\u00e0<\/li>\n<\/ul>\n\n\n\n<div style=\"height:16px\" aria-hidden=\"true\" class=\"wp-block-spacer\"><\/div>\n\n\n\n<p class=\"is-style-font-kode-md-18\">La visione di Fedrigoni del processo di digitalizzazione dell\u2019intero gruppo \u00e8 la chiave per garantire quella qualit\u00e0 ed efficienza che rendono il gruppo leader nel settore della carta di alta qualit\u00e0.<\/p>\n\n\n\n<div style=\"height:27px\" aria-hidden=\"true\" class=\"wp-block-spacer\"><\/div>\n\n\n\n<p class=\"is-style-font-kode-md-18\">*Livello medio di OEE di tutti gli impianti coinvolti all&#8217;inizio del progetto: 90%<\/p>\n<\/div>\n<\/body><\/html>\n\n\n<div class=\"wp-block-column is-layout-flow wp-block-column-is-layout-flow\">\n<figure class=\"wp-block-image size-full\"><img loading=\"lazy\" decoding=\"async\" width=\"2560\" height=\"1707\" src=\"https:\/\/www.kode-solutions.net\/site\/wp-content\/uploads\/2024\/03\/DSC_2369-scaled.jpg\" alt=\"\" class=\"wp-image-4180\" srcset=\"https:\/\/www.kode-solutions.net\/site\/wp-content\/uploads\/2024\/03\/DSC_2369-scaled.jpg 2560w, https:\/\/www.kode-solutions.net\/site\/wp-content\/uploads\/2024\/03\/DSC_2369-300x200.jpg 300w, https:\/\/www.kode-solutions.net\/site\/wp-content\/uploads\/2024\/03\/DSC_2369-1024x683.jpg 1024w, https:\/\/www.kode-solutions.net\/site\/wp-content\/uploads\/2024\/03\/DSC_2369-768x512.jpg 768w, https:\/\/www.kode-solutions.net\/site\/wp-content\/uploads\/2024\/03\/DSC_2369-1536x1024.jpg 1536w, https:\/\/www.kode-solutions.net\/site\/wp-content\/uploads\/2024\/03\/DSC_2369-2048x1365.jpg 2048w, https:\/\/www.kode-solutions.net\/site\/wp-content\/uploads\/2024\/03\/DSC_2369-1620x1080.jpg 1620w, https:\/\/www.kode-solutions.net\/site\/wp-content\/uploads\/2024\/03\/DSC_2369-36x24.jpg 36w, https:\/\/www.kode-solutions.net\/site\/wp-content\/uploads\/2024\/03\/DSC_2369-64x43.jpg 64w\" sizes=\"auto, (max-width: 2560px) 100vw, 2560px\" \/><\/figure>\n<\/div>\n<\/div>\n\n\n\n<p><\/p>\n\n\t\t\t\t\t<\/div>\r\n\t<\/div>\r\n\r\n\t\n\n\t\t<div class=\"main-column\">\r\n\t\t\t<div data-animate=\"\" class=\"qzr-dynamic-blocks black-txt white-bkg\" data-block=\"call-to-action\">\r\n\t\t\t\t<div class=\"content\">\r\n\t\t\t\t\t\t\t\t\t\t<div class=\"is-style-font-kode-md-36\">\r\n\t\t\t\t\t\t<p>Vuoi saperne di pi\u00f9 su questo progetto?<\/p>\n<p>Mandaci un messaggio!<\/p>\t\t\t\t\t<\/div>\r\n\t\t\t\t<\/div>\r\n\t\t\t\t<div class=\"actions\">\r\n\t\t\t\t\t\t\t\t\t\t\t\t\t\t\t\t\t\t<div class=\"action\">\r\n\t\t\t\t\t\t\t\t<a class=\"button purple-bkg gray-txt\" href=\"#contactus\" title=\"Contattaci\" target=\"_blank\">\r\n\t\t\t\t\t\t\t\t\t\t\t\t\t\t\t\t\t\tContattaci\t\t\t\t\t\t\t\t<\/a>\r\n\t\t\t\t\t\t\t<\/div>\r\n\t\t\t\t\t\t\t\t\t\t\t\t\t\t\t<\/div>\r\n\t\t\t<\/div>\r\n\t\t<\/div>\r\n\r\n\t","protected":false},"excerpt":{"rendered":"","protected":false},"author":6,"featured_media":4177,"parent":5042,"menu_order":0,"comment_status":"closed","ping_status":"closed","template":"","meta":{"footnotes":""},"class_list":["post-4963","page","type-page","status-publish","has-post-thumbnail","hentry"],"qzr_fp_pages_ids":{"news":{"page_id":5040,"label":"Pagina news"}},"yoast_head":"<!-- This site is optimized with the Yoast SEO plugin v27.4 - https:\/\/yoast.com\/product\/yoast-seo-wordpress\/ -->\n<title>Fedrigoni: Calcolo dell&#039;OEE e sistema di controllo degli impianti - Kode<\/title>\n<meta name=\"description\" content=\"Digitalizzazione e standardizzazione del calcolo e controllo dell&#039;OEE in tutti gli impianti del gruppo per l&#039;ottimizzazione delle performance\" \/>\n<meta name=\"robots\" content=\"index, follow, max-snippet:-1, max-image-preview:large, max-video-preview:-1\" \/>\n<link rel=\"canonical\" href=\"https:\/\/www.kode-solutions.net\/it\/progetti-e-case-studies\/fedrigoni-calcolo-delloee-e-sistema-di-controllo-degli-impianti\/\" \/>\n<meta property=\"og:locale\" content=\"it_IT\" \/>\n<meta property=\"og:type\" content=\"article\" \/>\n<meta property=\"og:title\" content=\"Fedrigoni: Calcolo dell&#039;OEE e sistema di controllo degli impianti - Kode\" \/>\n<meta property=\"og:description\" content=\"Digitalizzazione e standardizzazione del calcolo e controllo dell&#039;OEE in tutti gli impianti del gruppo per l&#039;ottimizzazione delle performance\" \/>\n<meta property=\"og:url\" content=\"https:\/\/www.kode-solutions.net\/it\/progetti-e-case-studies\/fedrigoni-calcolo-delloee-e-sistema-di-controllo-degli-impianti\/\" \/>\n<meta property=\"og:site_name\" content=\"Kode\" \/>\n<meta property=\"article:publisher\" content=\"https:\/\/www.facebook.com\/kode.solutions\" \/>\n<meta property=\"article:modified_time\" content=\"2024-10-09T13:49:17+00:00\" \/>\n<meta property=\"og:image\" content=\"https:\/\/www.kode-solutions.net\/site\/wp-content\/uploads\/2024\/03\/Verona_2-1024x937.jpg\" \/>\n\t<meta property=\"og:image:width\" content=\"1024\" \/>\n\t<meta property=\"og:image:height\" content=\"937\" \/>\n\t<meta property=\"og:image:type\" content=\"image\/jpeg\" \/>\n<meta name=\"twitter:card\" content=\"summary_large_image\" \/>\n<meta name=\"twitter:site\" content=\"@kode_solutions\" \/>\n<meta name=\"twitter:label1\" content=\"Tempo di lettura stimato\" \/>\n\t<meta name=\"twitter:data1\" content=\"2 minuti\" \/>\n<script type=\"application\/ld+json\" class=\"yoast-schema-graph\">{\"@context\":\"https:\\\/\\\/schema.org\",\"@graph\":[{\"@type\":\"WebPage\",\"@id\":\"https:\\\/\\\/www.kode-solutions.net\\\/it\\\/progetti-e-case-studies\\\/fedrigoni-calcolo-delloee-e-sistema-di-controllo-degli-impianti\\\/\",\"url\":\"https:\\\/\\\/www.kode-solutions.net\\\/it\\\/progetti-e-case-studies\\\/fedrigoni-calcolo-delloee-e-sistema-di-controllo-degli-impianti\\\/\",\"name\":\"Fedrigoni: Calcolo dell'OEE e sistema di controllo degli impianti - Kode\",\"isPartOf\":{\"@id\":\"https:\\\/\\\/www.kode-solutions.net\\\/#website\"},\"primaryImageOfPage\":{\"@id\":\"https:\\\/\\\/www.kode-solutions.net\\\/it\\\/progetti-e-case-studies\\\/fedrigoni-calcolo-delloee-e-sistema-di-controllo-degli-impianti\\\/#primaryimage\"},\"image\":{\"@id\":\"https:\\\/\\\/www.kode-solutions.net\\\/it\\\/progetti-e-case-studies\\\/fedrigoni-calcolo-delloee-e-sistema-di-controllo-degli-impianti\\\/#primaryimage\"},\"thumbnailUrl\":\"https:\\\/\\\/www.kode-solutions.net\\\/site\\\/wp-content\\\/uploads\\\/2024\\\/03\\\/Verona_2.jpg\",\"datePublished\":\"2024-03-18T08:55:57+00:00\",\"dateModified\":\"2024-10-09T13:49:17+00:00\",\"description\":\"Digitalizzazione e standardizzazione del calcolo e controllo dell'OEE in tutti gli impianti del gruppo per l'ottimizzazione delle performance\",\"breadcrumb\":{\"@id\":\"https:\\\/\\\/www.kode-solutions.net\\\/it\\\/progetti-e-case-studies\\\/fedrigoni-calcolo-delloee-e-sistema-di-controllo-degli-impianti\\\/#breadcrumb\"},\"inLanguage\":\"it-IT\",\"potentialAction\":[{\"@type\":\"ReadAction\",\"target\":[\"https:\\\/\\\/www.kode-solutions.net\\\/it\\\/progetti-e-case-studies\\\/fedrigoni-calcolo-delloee-e-sistema-di-controllo-degli-impianti\\\/\"]}]},{\"@type\":\"ImageObject\",\"inLanguage\":\"it-IT\",\"@id\":\"https:\\\/\\\/www.kode-solutions.net\\\/it\\\/progetti-e-case-studies\\\/fedrigoni-calcolo-delloee-e-sistema-di-controllo-degli-impianti\\\/#primaryimage\",\"url\":\"https:\\\/\\\/www.kode-solutions.net\\\/site\\\/wp-content\\\/uploads\\\/2024\\\/03\\\/Verona_2.jpg\",\"contentUrl\":\"https:\\\/\\\/www.kode-solutions.net\\\/site\\\/wp-content\\\/uploads\\\/2024\\\/03\\\/Verona_2.jpg\",\"width\":2500,\"height\":2287},{\"@type\":\"BreadcrumbList\",\"@id\":\"https:\\\/\\\/www.kode-solutions.net\\\/it\\\/progetti-e-case-studies\\\/fedrigoni-calcolo-delloee-e-sistema-di-controllo-degli-impianti\\\/#breadcrumb\",\"itemListElement\":[{\"@type\":\"ListItem\",\"position\":1,\"name\":\"Home\",\"item\":\"https:\\\/\\\/www.kode-solutions.net\\\/it\\\/\"},{\"@type\":\"ListItem\",\"position\":2,\"name\":\"Progetti\",\"item\":\"https:\\\/\\\/www.kode-solutions.net\\\/it\\\/progetti-e-case-studies\\\/\"},{\"@type\":\"ListItem\",\"position\":3,\"name\":\"Fedrigoni: Calcolo dell&#8217;OEE e sistema di controllo degli impianti\"}]},{\"@type\":\"WebSite\",\"@id\":\"https:\\\/\\\/www.kode-solutions.net\\\/#website\",\"url\":\"https:\\\/\\\/www.kode-solutions.net\\\/\",\"name\":\"Kode\",\"description\":\"From Data to Knowledge\",\"publisher\":{\"@id\":\"https:\\\/\\\/www.kode-solutions.net\\\/#organization\"},\"potentialAction\":[{\"@type\":\"SearchAction\",\"target\":{\"@type\":\"EntryPoint\",\"urlTemplate\":\"https:\\\/\\\/www.kode-solutions.net\\\/?s={search_term_string}\"},\"query-input\":{\"@type\":\"PropertyValueSpecification\",\"valueRequired\":true,\"valueName\":\"search_term_string\"}}],\"inLanguage\":\"it-IT\"},{\"@type\":\"Organization\",\"@id\":\"https:\\\/\\\/www.kode-solutions.net\\\/#organization\",\"name\":\"Kode s.r.l.\",\"url\":\"https:\\\/\\\/www.kode-solutions.net\\\/\",\"logo\":{\"@type\":\"ImageObject\",\"inLanguage\":\"it-IT\",\"@id\":\"https:\\\/\\\/www.kode-solutions.net\\\/#\\\/schema\\\/logo\\\/image\\\/\",\"url\":\"https:\\\/\\\/www.kode-solutions.net\\\/site\\\/wp-content\\\/uploads\\\/2022\\\/10\\\/kode.svg\",\"contentUrl\":\"https:\\\/\\\/www.kode-solutions.net\\\/site\\\/wp-content\\\/uploads\\\/2022\\\/10\\\/kode.svg\",\"width\":121,\"height\":27,\"caption\":\"Kode s.r.l.\"},\"image\":{\"@id\":\"https:\\\/\\\/www.kode-solutions.net\\\/#\\\/schema\\\/logo\\\/image\\\/\"},\"sameAs\":[\"https:\\\/\\\/www.facebook.com\\\/kode.solutions\",\"https:\\\/\\\/x.com\\\/kode_solutions\",\"https:\\\/\\\/www.instagram.com\\\/kode_solutions\\\/\",\"https:\\\/\\\/www.linkedin.com\\\/company\\\/kode\\\/\"]}]}<\/script>\n<!-- \/ Yoast SEO plugin. -->","yoast_head_json":{"title":"Fedrigoni: Calcolo dell'OEE e sistema di controllo degli impianti - Kode","description":"Digitalizzazione e standardizzazione del calcolo e controllo dell'OEE in tutti gli impianti del gruppo per l'ottimizzazione delle performance","robots":{"index":"index","follow":"follow","max-snippet":"max-snippet:-1","max-image-preview":"max-image-preview:large","max-video-preview":"max-video-preview:-1"},"canonical":"https:\/\/www.kode-solutions.net\/it\/progetti-e-case-studies\/fedrigoni-calcolo-delloee-e-sistema-di-controllo-degli-impianti\/","og_locale":"it_IT","og_type":"article","og_title":"Fedrigoni: Calcolo dell'OEE e sistema di controllo degli impianti - Kode","og_description":"Digitalizzazione e standardizzazione del calcolo e controllo dell'OEE in tutti gli impianti del gruppo per l'ottimizzazione delle performance","og_url":"https:\/\/www.kode-solutions.net\/it\/progetti-e-case-studies\/fedrigoni-calcolo-delloee-e-sistema-di-controllo-degli-impianti\/","og_site_name":"Kode","article_publisher":"https:\/\/www.facebook.com\/kode.solutions","article_modified_time":"2024-10-09T13:49:17+00:00","og_image":[{"width":1024,"height":937,"url":"https:\/\/www.kode-solutions.net\/site\/wp-content\/uploads\/2024\/03\/Verona_2-1024x937.jpg","type":"image\/jpeg"}],"twitter_card":"summary_large_image","twitter_site":"@kode_solutions","twitter_misc":{"Tempo di lettura stimato":"2 minuti"},"schema":{"@context":"https:\/\/schema.org","@graph":[{"@type":"WebPage","@id":"https:\/\/www.kode-solutions.net\/it\/progetti-e-case-studies\/fedrigoni-calcolo-delloee-e-sistema-di-controllo-degli-impianti\/","url":"https:\/\/www.kode-solutions.net\/it\/progetti-e-case-studies\/fedrigoni-calcolo-delloee-e-sistema-di-controllo-degli-impianti\/","name":"Fedrigoni: Calcolo dell'OEE e sistema di controllo degli impianti - Kode","isPartOf":{"@id":"https:\/\/www.kode-solutions.net\/#website"},"primaryImageOfPage":{"@id":"https:\/\/www.kode-solutions.net\/it\/progetti-e-case-studies\/fedrigoni-calcolo-delloee-e-sistema-di-controllo-degli-impianti\/#primaryimage"},"image":{"@id":"https:\/\/www.kode-solutions.net\/it\/progetti-e-case-studies\/fedrigoni-calcolo-delloee-e-sistema-di-controllo-degli-impianti\/#primaryimage"},"thumbnailUrl":"https:\/\/www.kode-solutions.net\/site\/wp-content\/uploads\/2024\/03\/Verona_2.jpg","datePublished":"2024-03-18T08:55:57+00:00","dateModified":"2024-10-09T13:49:17+00:00","description":"Digitalizzazione e standardizzazione del calcolo e controllo dell'OEE in tutti gli impianti del gruppo per l'ottimizzazione delle performance","breadcrumb":{"@id":"https:\/\/www.kode-solutions.net\/it\/progetti-e-case-studies\/fedrigoni-calcolo-delloee-e-sistema-di-controllo-degli-impianti\/#breadcrumb"},"inLanguage":"it-IT","potentialAction":[{"@type":"ReadAction","target":["https:\/\/www.kode-solutions.net\/it\/progetti-e-case-studies\/fedrigoni-calcolo-delloee-e-sistema-di-controllo-degli-impianti\/"]}]},{"@type":"ImageObject","inLanguage":"it-IT","@id":"https:\/\/www.kode-solutions.net\/it\/progetti-e-case-studies\/fedrigoni-calcolo-delloee-e-sistema-di-controllo-degli-impianti\/#primaryimage","url":"https:\/\/www.kode-solutions.net\/site\/wp-content\/uploads\/2024\/03\/Verona_2.jpg","contentUrl":"https:\/\/www.kode-solutions.net\/site\/wp-content\/uploads\/2024\/03\/Verona_2.jpg","width":2500,"height":2287},{"@type":"BreadcrumbList","@id":"https:\/\/www.kode-solutions.net\/it\/progetti-e-case-studies\/fedrigoni-calcolo-delloee-e-sistema-di-controllo-degli-impianti\/#breadcrumb","itemListElement":[{"@type":"ListItem","position":1,"name":"Home","item":"https:\/\/www.kode-solutions.net\/it\/"},{"@type":"ListItem","position":2,"name":"Progetti","item":"https:\/\/www.kode-solutions.net\/it\/progetti-e-case-studies\/"},{"@type":"ListItem","position":3,"name":"Fedrigoni: Calcolo dell&#8217;OEE e sistema di controllo degli impianti"}]},{"@type":"WebSite","@id":"https:\/\/www.kode-solutions.net\/#website","url":"https:\/\/www.kode-solutions.net\/","name":"Kode","description":"From Data to Knowledge","publisher":{"@id":"https:\/\/www.kode-solutions.net\/#organization"},"potentialAction":[{"@type":"SearchAction","target":{"@type":"EntryPoint","urlTemplate":"https:\/\/www.kode-solutions.net\/?s={search_term_string}"},"query-input":{"@type":"PropertyValueSpecification","valueRequired":true,"valueName":"search_term_string"}}],"inLanguage":"it-IT"},{"@type":"Organization","@id":"https:\/\/www.kode-solutions.net\/#organization","name":"Kode s.r.l.","url":"https:\/\/www.kode-solutions.net\/","logo":{"@type":"ImageObject","inLanguage":"it-IT","@id":"https:\/\/www.kode-solutions.net\/#\/schema\/logo\/image\/","url":"https:\/\/www.kode-solutions.net\/site\/wp-content\/uploads\/2022\/10\/kode.svg","contentUrl":"https:\/\/www.kode-solutions.net\/site\/wp-content\/uploads\/2022\/10\/kode.svg","width":121,"height":27,"caption":"Kode s.r.l."},"image":{"@id":"https:\/\/www.kode-solutions.net\/#\/schema\/logo\/image\/"},"sameAs":["https:\/\/www.facebook.com\/kode.solutions","https:\/\/x.com\/kode_solutions","https:\/\/www.instagram.com\/kode_solutions\/","https:\/\/www.linkedin.com\/company\/kode\/"]}]}},"_links":{"self":[{"href":"https:\/\/www.kode-solutions.net\/it\/wp-json\/wp\/v2\/pages\/4963","targetHints":{"allow":["GET"]}}],"collection":[{"href":"https:\/\/www.kode-solutions.net\/it\/wp-json\/wp\/v2\/pages"}],"about":[{"href":"https:\/\/www.kode-solutions.net\/it\/wp-json\/wp\/v2\/types\/page"}],"author":[{"embeddable":true,"href":"https:\/\/www.kode-solutions.net\/it\/wp-json\/wp\/v2\/users\/6"}],"replies":[{"embeddable":true,"href":"https:\/\/www.kode-solutions.net\/it\/wp-json\/wp\/v2\/comments?post=4963"}],"version-history":[{"count":9,"href":"https:\/\/www.kode-solutions.net\/it\/wp-json\/wp\/v2\/pages\/4963\/revisions"}],"predecessor-version":[{"id":6094,"href":"https:\/\/www.kode-solutions.net\/it\/wp-json\/wp\/v2\/pages\/4963\/revisions\/6094"}],"up":[{"embeddable":true,"href":"https:\/\/www.kode-solutions.net\/it\/wp-json\/wp\/v2\/pages\/5042"}],"wp:featuredmedia":[{"embeddable":true,"href":"https:\/\/www.kode-solutions.net\/it\/wp-json\/wp\/v2\/media\/4177"}],"wp:attachment":[{"href":"https:\/\/www.kode-solutions.net\/it\/wp-json\/wp\/v2\/media?parent=4963"}],"curies":[{"name":"wp","href":"https:\/\/api.w.org\/{rel}","templated":true}]}}