{"id":4945,"date":"2024-02-23T12:41:33","date_gmt":"2024-02-23T11:41:33","guid":{"rendered":"https:\/\/www.kode-solutions.net\/?page_id=4945"},"modified":"2024-10-09T16:03:27","modified_gmt":"2024-10-09T14:03:27","slug":"mixer-sviluppo-di-un-sistema-avanzato-di-controllo-di-processo","status":"publish","type":"page","link":"https:\/\/www.kode-solutions.net\/it\/progetti-e-case-studies\/mixer-sviluppo-di-un-sistema-avanzato-di-controllo-di-processo\/","title":{"rendered":"Mixer: Sviluppo di un sistema avanzato di controllo di processo"},"content":{"rendered":"\r\n\t<div class=\"main-column\" data-target=\"\" data-wrap=\"panel\">\r\n\t\t<div data-animate=\"\" class=\"qzr-dynamic-blocks  white-txt turquoise-health-bkg\" data-block=\"panel\" data-fullscreen=\"1\" data-type=\"card\">\r\n\t\t\t\n\n<div class=\"wp-block-columns is-layout-flex wp-container-core-columns-is-layout-9d6595d7 wp-block-columns-is-layout-flex\"><html><body><div class=\"wp-block-column is-layout-flow wp-block-column-is-layout-flow\" style=\"flex-basis:50%\" data-align-wide-vertical=\"1\">\n<div class=\"wp-block-group\"><div class=\"wp-block-group__inner-container is-layout-constrained wp-block-group-is-layout-constrained\">\n<h1 class=\"qzr-add-controls-is-panel-title qzr-add-controls-is-panel-title-true is-style-font-kode-md-128 wp-block-heading\">Mixer<\/h1>\n<\/div><\/div>\n\n\n\n<h2 class=\"qzr-add-controls-is-panel-title qzr-add-controls-is-panel-title-true is-style-font-kode-md-28 wp-block-heading\">Sviluppo di un sistema avanzato di controllo di processo<\/h2>\n\n\n\n<p class=\"qzr-add-controls-is-panel-title-true is-style-font-kode-md-18\">Fin dalla sua fondazione nel 1996, <a href=\"https:\/\/www.mixercompounds.com\/\" target=\"_blank\" rel=\"noreferrer noopener\">Mixer S.p.A.<\/a> produce materie plastiche esclusivamente per l&#8217;industria dei cavi, fornendo soluzioni coerenti e prodotti innovativi grazie alla sua visione pioneristica. Tutti i composti si basano su tecnologia proprietaria dalla formulazione alla produzione; inoltre, l&#8217;impianto per la realizzazione dei composti \u00e8 stato progettato e allestito con attrezzature su misura. L\u2019innovazione in Mixer ha permeato tutti i livelli, compresa l\u2019automazione e la digitalizzazione del processo produttivo, con un\u2019attenzione particolare all\u2019ottimizzazione complessiva.<\/p>\n<\/div>\n<\/body><\/html>\n\n\n<div class=\"wp-block-column is-vertically-aligned-center is-layout-flow wp-block-column-is-layout-flow\" style=\"flex-basis:50%\"><html><body><figure class=\"wp-block-image size-large\" data-fullscreen=\"1\" data-has-live-image=\"1\"><img loading=\"lazy\" decoding=\"async\" width=\"1024\" height=\"599\" src=\"https:\/\/www.kode-solutions.net\/site\/wp-content\/uploads\/2024\/02\/Mixer_products-1024x599.jpg\" alt=\"\" class=\"wp-image-4025\" srcset=\"https:\/\/www.kode-solutions.net\/site\/wp-content\/uploads\/2024\/02\/Mixer_products-1024x599.jpg 1024w, https:\/\/www.kode-solutions.net\/site\/wp-content\/uploads\/2024\/02\/Mixer_products-300x175.jpg 300w, https:\/\/www.kode-solutions.net\/site\/wp-content\/uploads\/2024\/02\/Mixer_products-768x449.jpg 768w, https:\/\/www.kode-solutions.net\/site\/wp-content\/uploads\/2024\/02\/Mixer_products-1536x898.jpg 1536w, https:\/\/www.kode-solutions.net\/site\/wp-content\/uploads\/2024\/02\/Mixer_products-2048x1197.jpg 2048w, https:\/\/www.kode-solutions.net\/site\/wp-content\/uploads\/2024\/02\/Mixer_products-1848x1080.jpg 1848w, https:\/\/www.kode-solutions.net\/site\/wp-content\/uploads\/2024\/02\/Mixer_products-36x21.jpg 36w, https:\/\/www.kode-solutions.net\/site\/wp-content\/uploads\/2024\/02\/Mixer_products-64x37.jpg 64w\" sizes=\"auto, (max-width: 1024px) 100vw, 1024px\" \/><\/img><\/figure>\n<\/body><\/html><\/div>\n<\/div>\n\n\t\t\t\t\t<\/div>\r\n\t<\/div>\r\n\r\n\t\n\n\r\n\t<div class=\"main-column\" data-target=\"\" data-wrap=\"panel\">\r\n\t\t<div data-animate=\"\" class=\"qzr-dynamic-blocks  black-txt white-bkg\" data-block=\"panel\" data-fullscreen=\"\" data-type=\"card\">\r\n\t\t\t\n\n<div class=\"wp-block-columns is-layout-flex wp-container-core-columns-is-layout-9d6595d7 wp-block-columns-is-layout-flex\">\n<div class=\"wp-block-column is-layout-flow wp-block-column-is-layout-flow\" style=\"flex-basis:33.33%\">\n<h2 class=\"qzr-add-controls-is-panel-title qzr-add-controls-is-panel-title-true is-style-font-kode-md-48 wp-block-heading\">La nostra soluzione<\/h2>\n<\/div>\n\n\n\n<div class=\"wp-block-column is-layout-flow wp-block-column-is-layout-flow\" style=\"flex-basis:66.66%\">\r\n\t<div class=\"qzr-dynamic-blocks\" data-block=\"accordion\">\r\n\t\t<div class=\"accordion\">\r\n\t\t\t\t\t\t\t<div class=\"element  active\">\r\n\t\t\t\t\t<div class=\"element-title\">\r\n\t\t\t\t\t\t\t\t\t\t\t\t<h3 class=\"is-style-font-kode-md-36 fix-font\">\r\n\t\t\t\t\t\t\tLa Sfida\t\t\t\t\t\t\t\t\t\t\t\t\t<\/h3>\r\n\t\t\t\t\t<\/div> \r\n\t\t\t\t\t<div class=\"element-content is-style-font-kode-md-18\">\r\n\t\t\t\t\t\t<p>Con processi produttivi lunghi e lotti di produzione molto grandi, la sfida in Mixer sta nel ridurre al minimo gli scarti di produzione.<\/p>\n<p>&nbsp;<\/p>\n<p>Si \u00e8 quindi sentita l\u2019esigenza di un applicativo software che permettesse il monitoraggio, il controllo e la predizione della qualit\u00e0 del prodotto finito, oltre ad altri parametri di efficienza e produttivit\u00e0 dell\u2019impianto stesso, al fine di:<\/p>\n<p>&nbsp;<\/p>\n<ul>\n  <li>Intercettare derive di produzione in corso d\u2019opera, per correggere tempestivamente il processo produttivo;<\/li>\n  <li>ridurre gli scarti ed ottimizzare la resa (con evidenti ricadute positive sulla produttivit\u00e0 complessiva).<\/li>\n<\/ul>\t\t\t\t\t\t<div class=\"mobile-only\">\r\n\t\t\t\t\t\t\t\t\t\t\t\t\t<\/div>\r\n\t\t\t\t\t<\/div>\r\n\t\t\t\t<\/div>\r\n\t\t\t\t\t\t\t<div class=\"element  active\">\r\n\t\t\t\t\t<div class=\"element-title\">\r\n\t\t\t\t\t\t\t\t\t\t\t\t<h3 class=\"is-style-font-kode-md-36 fix-font\">\r\n\t\t\t\t\t\t\tData Understanding\t\t\t\t\t\t\t\t\t\t\t\t\t<\/h3>\r\n\t\t\t\t\t<\/div> \r\n\t\t\t\t\t<div class=\"element-content is-style-font-kode-md-18\">\r\n\t\t\t\t\t\t<p>A seguito di una prima fase esplorativa dei dati trasmessi dai macchinari e storicizzati su sistemi esistenti, si \u00e8 proceduto ad una importante fase di pulizia e preprocessing. Le anomalie identificate hanno infatti richiesto correttivi importanti, grazie ai quali abbiamo garantito, fra l\u2019altro, la congruenza delle informazioni registrate in ciascuno step produttivo (passaggio indispensabile per procedere alla modellizzazione con la PCA).<\/p>\n<p>&nbsp;<\/p>\n<p>I dati ripuliti e riorganizzati sono stati raccolti in un database relazionale &nbsp;sviluppato in modo da poter modellare la struttura, le entit\u00e0 e le relazioni necessari a salvare, in seguito, i dati ed i modelli di produzione.&nbsp;<\/p>\n<p>Questa fase del progetto ha consentito cos\u00ec di avere una visione organica e organizzata dei dati di produzione<\/p>\t\t\t\t\t\t<div class=\"mobile-only\">\r\n\t\t\t\t\t\t\t\t\t\t\t\t\t<\/div>\r\n\t\t\t\t\t<\/div>\r\n\t\t\t\t<\/div>\r\n\t\t\t\t\t\t\t<div class=\"element  active\">\r\n\t\t\t\t\t<div class=\"element-title\">\r\n\t\t\t\t\t\t\t\t\t\t\t\t<h3 class=\"is-style-font-kode-md-36 fix-font\">\r\n\t\t\t\t\t\t\tStatistical Process Control\t\t\t\t\t\t\t\t\t\t\t\t\t<\/h3>\r\n\t\t\t\t\t<\/div> \r\n\t\t\t\t\t<div class=\"element-content is-style-font-kode-md-18\">\r\n\t\t\t\t\t\t<p>In questa seconda fase, l\u2019inserimento di tecniche di &nbsp;MSPC (Multivariate Statistical Process Control) on top del loro sistema MES (Manufacturing Execution System) ha permesso di estrarre i parametri di efficienza e produttivit\u00e0 dell\u2019impianto, migliorando profondamente il controllo dell\u2019intero processo produttivo, sia in chiave descrittiva che predittiva.<\/p>\n<p>Il controllo viene eseguito tramite analisi delle componenti principali dei dati (PCA), presentata come:&nbsp;<\/p>\n<ul>\n  <li>carte di controllo multivariate (che permettono di individuare eventuali errori negli scarichi dei dati con focus sui tag che hanno contribuito agli errori stessi, isolando quelli maggiormente responsabili);&nbsp;<\/li>\n  <li>analisi degli scores e dei loadings (con cui monitorare il trend delle componenti principali o il loro scatter plot, distinguendo il comportamento dei singoli scarichi e dei tag che lo hanno determinato).<\/li>\n<\/ul>\n<p><br><\/p>\n<p>A monte dell\u2019analisi delle componenti principali, viene generato un report tecnico di diagnostica ODP (Ordine di Produzione). Questo passaggio, volto a verificare la qualit\u00e0 e la consistenza dei dati, condizione necessaria per la corretta esecuzione dei successivi task di creazione dei modelli e validit\u00e0 degli stessi.&nbsp;<\/p>\t\t\t\t\t\t<div class=\"mobile-only\">\r\n\t\t\t\t\t\t\t\t\t\t\t\t\t<\/div>\r\n\t\t\t\t\t<\/div>\r\n\t\t\t\t<\/div>\r\n\t\t\t\t\t\t\t<div class=\"element  active\">\r\n\t\t\t\t\t<div class=\"element-title\">\r\n\t\t\t\t\t\t\t\t\t\t\t\t<h3 class=\"is-style-font-kode-md-36 fix-font\">\r\n\t\t\t\t\t\t\tPredictive Process Control\t\t\t\t\t\t\t\t\t\t\t\t\t<\/h3>\r\n\t\t\t\t\t<\/div> \r\n\t\t\t\t\t<div class=\"element-content is-style-font-kode-md-18\">\r\n\t\t\t\t\t\t<p>Per consentire non solo un controllo di processo ex-post ma anche l\u2019opportunit\u00e0 di intervenire in tempo reale sulla produzione \u00e8 stato implementato un modulo in grado di proiettare ogni 5 minuti i dati di produzione su modelli di riferimento.<\/p>\n<p>Questo approccio consente di prevenire errori che potrebbero portare a derive dai livelli di qualit\u00e0 richiesti.<\/p>\n<p>L&#8217;applicativo software sviluppato permette infatti non solo di di monitorare &nbsp;l\u2019intero processo produttivo ma anche di creare:<\/p>\n<ul>\n  <li>un modello alla fine di ogni ciclo di produzione (chiusura ODP);&nbsp;<\/li>\n  <li>un modello per ogni scarico di prodotto (chiusura scarico).<\/li>\n<\/ul>\n<p><br><\/p>\n<p>La proiezione in near-real time dei dati di produzione su questi modelli di riferimento, calcolati con tecniche di machine learning, consentono di intercettare e correggere eventuali derive di produzione in corso d\u2019opera.&nbsp;<\/p>\n<p><br><\/p>\n<p>La selezione del modello di riferimento per ogni ODP viene fatta attraverso indici non solo di affinit\u00e0 di prodotto ma anche di qualit\u00e0 del modello stesso, consentendo al sistema di garantire predizioni sempre pi\u00f9 efficaci.<\/p>\t\t\t\t\t\t<div class=\"mobile-only\">\r\n\t\t\t\t\t\t\t\t\t\t\t\t\t<\/div>\r\n\t\t\t\t\t<\/div>\r\n\t\t\t\t<\/div>\r\n\t\t\t\t\t<\/div>\r\n\t<\/div>\r\n\r\n\t\n\n\n<p><\/p>\n<\/div>\n<\/div>\n\n\t\t\t\t\t<\/div>\r\n\t<\/div>\r\n\r\n\t\n\n\r\n\t<div class=\"main-column\" data-target=\"\" data-wrap=\"panel\">\r\n\t\t<div data-animate=\"fade-in\" class=\"qzr-dynamic-blocks  black-txt dark-gray-bkg\" data-block=\"panel\" data-fullscreen=\"\" data-type=\"card\">\r\n\t\t\t\n\n<div class=\"wp-block-columns is-layout-flex wp-container-core-columns-is-layout-9d6595d7 wp-block-columns-is-layout-flex\"><html><body><div class=\"wp-block-column is-vertically-aligned-center is-layout-flow wp-block-column-is-layout-flow\" style=\"&#13;&#10;&#9;&#9;&#9;&#9;display: flex; &#13;&#10;&#9;&#9;&#9;&#9;min-height:500px; &#13;&#10;&#9;&#9;&#9;&#9;justify-content: center;&#13;&#10;&#9;&#9;&#9;&#9;flex-direction: column;&#13;&#10;&#9;&#9;&#9;\">\n<h2 class=\"qzr-add-controls-is-panel-title qzr-add-controls-is-panel-title-true is-style-font-kode-md-48 wp-block-heading\">I Risultati<\/h2>\n\n\n\n<p class=\"is-style-font-kode-md-24\">L&#8217;avvio in produzione di questo sistema di controllo ha creato le condizioni per garantire una maggiore tempestivit\u00e0 di intervento sugli errori generati dalle variabili di impianto. La possibilit\u00e0 di intercettare le deviazioni del processo in tempo reale permette una grossa riduzione degli scarti e, di conseguenza, importanti economie di processo.<\/p>\n<\/div>\n<\/body><\/html>\n\n\n<div class=\"wp-block-column is-layout-flow wp-block-column-is-layout-flow\">\n<figure class=\"wp-block-image size-full\"><img loading=\"lazy\" decoding=\"async\" width=\"700\" height=\"703\" src=\"https:\/\/www.kode-solutions.net\/site\/wp-content\/uploads\/2023\/10\/unsplash_DEFUnReSvgM.png\" alt=\"\" class=\"wp-image-3043\" srcset=\"https:\/\/www.kode-solutions.net\/site\/wp-content\/uploads\/2023\/10\/unsplash_DEFUnReSvgM.png 700w, https:\/\/www.kode-solutions.net\/site\/wp-content\/uploads\/2023\/10\/unsplash_DEFUnReSvgM-300x300.png 300w, https:\/\/www.kode-solutions.net\/site\/wp-content\/uploads\/2023\/10\/unsplash_DEFUnReSvgM-150x150.png 150w, https:\/\/www.kode-solutions.net\/site\/wp-content\/uploads\/2023\/10\/unsplash_DEFUnReSvgM-36x36.png 36w, https:\/\/www.kode-solutions.net\/site\/wp-content\/uploads\/2023\/10\/unsplash_DEFUnReSvgM-64x64.png 64w\" sizes=\"auto, (max-width: 700px) 100vw, 700px\" \/><\/figure>\n<\/div>\n<\/div>\n\n\t\t\t\t\t<\/div>\r\n\t<\/div>\r\n\r\n\t\n\n\t\t<div class=\"main-column\">\r\n\t\t\t<div data-animate=\"\" class=\"qzr-dynamic-blocks black-txt white-bkg\" data-block=\"call-to-action\">\r\n\t\t\t\t<div class=\"content\">\r\n\t\t\t\t\t\t\t\t\t\t<div class=\"is-style-font-kode-md-36\">\r\n\t\t\t\t\t\t<p>Vuoi saperne di pi\u00f9 su questo progetto?<\/p>\n<p>Mandaci un messaggio!<\/p>\t\t\t\t\t<\/div>\r\n\t\t\t\t<\/div>\r\n\t\t\t\t<div class=\"actions\">\r\n\t\t\t\t\t\t\t\t\t\t\t\t\t\t\t\t\t\t<div class=\"action\">\r\n\t\t\t\t\t\t\t\t<a class=\"button purple-bkg gray-txt\" href=\"#contactus\" title=\"Contattaci\" target=\"_blank\">\r\n\t\t\t\t\t\t\t\t\t\t\t\t\t\t\t\t\t\tContattaci\t\t\t\t\t\t\t\t<\/a>\r\n\t\t\t\t\t\t\t<\/div>\r\n\t\t\t\t\t\t\t\t\t\t\t\t\t\t\t<\/div>\r\n\t\t\t<\/div>\r\n\t\t<\/div>\r\n\r\n\t","protected":false},"excerpt":{"rendered":"","protected":false},"author":6,"featured_media":4025,"parent":5042,"menu_order":0,"comment_status":"closed","ping_status":"closed","template":"","meta":{"footnotes":""},"class_list":["post-4945","page","type-page","status-publish","has-post-thumbnail","hentry"],"qzr_fp_pages_ids":{"news":{"page_id":5040,"label":"Pagina news"}},"yoast_head":"<!-- This site is optimized with the Yoast SEO plugin v27.4 - https:\/\/yoast.com\/product\/yoast-seo-wordpress\/ -->\n<title>Mixer: Sviluppo di un sistema avanzato di controllo di processo - Kode<\/title>\n<meta name=\"description\" content=\"Un sistema avanzato di controllo di processo basato su modelli predittivi per ridurre gi sprechi e ottimizzare la produzione.\" \/>\n<meta name=\"robots\" content=\"index, follow, max-snippet:-1, max-image-preview:large, max-video-preview:-1\" \/>\n<link rel=\"canonical\" href=\"https:\/\/www.kode-solutions.net\/it\/progetti-e-case-studies\/mixer-sviluppo-di-un-sistema-avanzato-di-controllo-di-processo\/\" \/>\n<meta property=\"og:locale\" content=\"it_IT\" \/>\n<meta property=\"og:type\" content=\"article\" \/>\n<meta property=\"og:title\" content=\"Mixer: Sviluppo di un sistema avanzato di controllo di processo - Kode\" \/>\n<meta property=\"og:description\" content=\"Un sistema avanzato di controllo di processo basato su modelli predittivi per ridurre gi sprechi e ottimizzare la produzione.\" \/>\n<meta property=\"og:url\" content=\"https:\/\/www.kode-solutions.net\/it\/progetti-e-case-studies\/mixer-sviluppo-di-un-sistema-avanzato-di-controllo-di-processo\/\" \/>\n<meta property=\"og:site_name\" content=\"Kode\" \/>\n<meta property=\"article:publisher\" content=\"https:\/\/www.facebook.com\/kode.solutions\" \/>\n<meta property=\"article:modified_time\" content=\"2024-10-09T14:03:27+00:00\" \/>\n<meta property=\"og:image\" content=\"https:\/\/www.kode-solutions.net\/site\/wp-content\/uploads\/2024\/02\/Mixer_products.jpg\" \/>\n\t<meta property=\"og:image:width\" content=\"2549\" \/>\n\t<meta property=\"og:image:height\" content=\"1490\" \/>\n\t<meta property=\"og:image:type\" content=\"image\/jpeg\" \/>\n<meta name=\"twitter:card\" content=\"summary_large_image\" \/>\n<meta name=\"twitter:site\" content=\"@kode_solutions\" \/>\n<meta name=\"twitter:label1\" content=\"Tempo di lettura stimato\" \/>\n\t<meta name=\"twitter:data1\" content=\"2 minuti\" \/>\n<script type=\"application\/ld+json\" class=\"yoast-schema-graph\">{\"@context\":\"https:\\\/\\\/schema.org\",\"@graph\":[{\"@type\":\"WebPage\",\"@id\":\"https:\\\/\\\/www.kode-solutions.net\\\/it\\\/progetti-e-case-studies\\\/mixer-sviluppo-di-un-sistema-avanzato-di-controllo-di-processo\\\/\",\"url\":\"https:\\\/\\\/www.kode-solutions.net\\\/it\\\/progetti-e-case-studies\\\/mixer-sviluppo-di-un-sistema-avanzato-di-controllo-di-processo\\\/\",\"name\":\"Mixer: Sviluppo di un sistema avanzato di controllo di processo - Kode\",\"isPartOf\":{\"@id\":\"https:\\\/\\\/www.kode-solutions.net\\\/#website\"},\"primaryImageOfPage\":{\"@id\":\"https:\\\/\\\/www.kode-solutions.net\\\/it\\\/progetti-e-case-studies\\\/mixer-sviluppo-di-un-sistema-avanzato-di-controllo-di-processo\\\/#primaryimage\"},\"image\":{\"@id\":\"https:\\\/\\\/www.kode-solutions.net\\\/it\\\/progetti-e-case-studies\\\/mixer-sviluppo-di-un-sistema-avanzato-di-controllo-di-processo\\\/#primaryimage\"},\"thumbnailUrl\":\"https:\\\/\\\/www.kode-solutions.net\\\/site\\\/wp-content\\\/uploads\\\/2024\\\/02\\\/Mixer_products.jpg\",\"datePublished\":\"2024-02-23T11:41:33+00:00\",\"dateModified\":\"2024-10-09T14:03:27+00:00\",\"description\":\"Un sistema avanzato di controllo di processo basato su modelli predittivi per ridurre gi sprechi e ottimizzare la produzione.\",\"breadcrumb\":{\"@id\":\"https:\\\/\\\/www.kode-solutions.net\\\/it\\\/progetti-e-case-studies\\\/mixer-sviluppo-di-un-sistema-avanzato-di-controllo-di-processo\\\/#breadcrumb\"},\"inLanguage\":\"it-IT\",\"potentialAction\":[{\"@type\":\"ReadAction\",\"target\":[\"https:\\\/\\\/www.kode-solutions.net\\\/it\\\/progetti-e-case-studies\\\/mixer-sviluppo-di-un-sistema-avanzato-di-controllo-di-processo\\\/\"]}]},{\"@type\":\"ImageObject\",\"inLanguage\":\"it-IT\",\"@id\":\"https:\\\/\\\/www.kode-solutions.net\\\/it\\\/progetti-e-case-studies\\\/mixer-sviluppo-di-un-sistema-avanzato-di-controllo-di-processo\\\/#primaryimage\",\"url\":\"https:\\\/\\\/www.kode-solutions.net\\\/site\\\/wp-content\\\/uploads\\\/2024\\\/02\\\/Mixer_products.jpg\",\"contentUrl\":\"https:\\\/\\\/www.kode-solutions.net\\\/site\\\/wp-content\\\/uploads\\\/2024\\\/02\\\/Mixer_products.jpg\",\"width\":2549,\"height\":1490,\"caption\":\"All-focus\"},{\"@type\":\"BreadcrumbList\",\"@id\":\"https:\\\/\\\/www.kode-solutions.net\\\/it\\\/progetti-e-case-studies\\\/mixer-sviluppo-di-un-sistema-avanzato-di-controllo-di-processo\\\/#breadcrumb\",\"itemListElement\":[{\"@type\":\"ListItem\",\"position\":1,\"name\":\"Home\",\"item\":\"https:\\\/\\\/www.kode-solutions.net\\\/it\\\/\"},{\"@type\":\"ListItem\",\"position\":2,\"name\":\"Progetti\",\"item\":\"https:\\\/\\\/www.kode-solutions.net\\\/it\\\/progetti-e-case-studies\\\/\"},{\"@type\":\"ListItem\",\"position\":3,\"name\":\"Mixer: Sviluppo di un sistema avanzato di controllo di processo\"}]},{\"@type\":\"WebSite\",\"@id\":\"https:\\\/\\\/www.kode-solutions.net\\\/#website\",\"url\":\"https:\\\/\\\/www.kode-solutions.net\\\/\",\"name\":\"Kode\",\"description\":\"From Data to Knowledge\",\"publisher\":{\"@id\":\"https:\\\/\\\/www.kode-solutions.net\\\/#organization\"},\"potentialAction\":[{\"@type\":\"SearchAction\",\"target\":{\"@type\":\"EntryPoint\",\"urlTemplate\":\"https:\\\/\\\/www.kode-solutions.net\\\/?s={search_term_string}\"},\"query-input\":{\"@type\":\"PropertyValueSpecification\",\"valueRequired\":true,\"valueName\":\"search_term_string\"}}],\"inLanguage\":\"it-IT\"},{\"@type\":\"Organization\",\"@id\":\"https:\\\/\\\/www.kode-solutions.net\\\/#organization\",\"name\":\"Kode s.r.l.\",\"url\":\"https:\\\/\\\/www.kode-solutions.net\\\/\",\"logo\":{\"@type\":\"ImageObject\",\"inLanguage\":\"it-IT\",\"@id\":\"https:\\\/\\\/www.kode-solutions.net\\\/#\\\/schema\\\/logo\\\/image\\\/\",\"url\":\"https:\\\/\\\/www.kode-solutions.net\\\/site\\\/wp-content\\\/uploads\\\/2022\\\/10\\\/kode.svg\",\"contentUrl\":\"https:\\\/\\\/www.kode-solutions.net\\\/site\\\/wp-content\\\/uploads\\\/2022\\\/10\\\/kode.svg\",\"width\":121,\"height\":27,\"caption\":\"Kode s.r.l.\"},\"image\":{\"@id\":\"https:\\\/\\\/www.kode-solutions.net\\\/#\\\/schema\\\/logo\\\/image\\\/\"},\"sameAs\":[\"https:\\\/\\\/www.facebook.com\\\/kode.solutions\",\"https:\\\/\\\/x.com\\\/kode_solutions\",\"https:\\\/\\\/www.instagram.com\\\/kode_solutions\\\/\",\"https:\\\/\\\/www.linkedin.com\\\/company\\\/kode\\\/\"]}]}<\/script>\n<!-- \/ Yoast SEO plugin. -->","yoast_head_json":{"title":"Mixer: Sviluppo di un sistema avanzato di controllo di processo - Kode","description":"Un sistema avanzato di controllo di processo basato su modelli predittivi per ridurre gi sprechi e ottimizzare la produzione.","robots":{"index":"index","follow":"follow","max-snippet":"max-snippet:-1","max-image-preview":"max-image-preview:large","max-video-preview":"max-video-preview:-1"},"canonical":"https:\/\/www.kode-solutions.net\/it\/progetti-e-case-studies\/mixer-sviluppo-di-un-sistema-avanzato-di-controllo-di-processo\/","og_locale":"it_IT","og_type":"article","og_title":"Mixer: Sviluppo di un sistema avanzato di controllo di processo - Kode","og_description":"Un sistema avanzato di controllo di processo basato su modelli predittivi per ridurre gi sprechi e ottimizzare la produzione.","og_url":"https:\/\/www.kode-solutions.net\/it\/progetti-e-case-studies\/mixer-sviluppo-di-un-sistema-avanzato-di-controllo-di-processo\/","og_site_name":"Kode","article_publisher":"https:\/\/www.facebook.com\/kode.solutions","article_modified_time":"2024-10-09T14:03:27+00:00","og_image":[{"width":2549,"height":1490,"url":"https:\/\/www.kode-solutions.net\/site\/wp-content\/uploads\/2024\/02\/Mixer_products.jpg","type":"image\/jpeg"}],"twitter_card":"summary_large_image","twitter_site":"@kode_solutions","twitter_misc":{"Tempo di lettura stimato":"2 minuti"},"schema":{"@context":"https:\/\/schema.org","@graph":[{"@type":"WebPage","@id":"https:\/\/www.kode-solutions.net\/it\/progetti-e-case-studies\/mixer-sviluppo-di-un-sistema-avanzato-di-controllo-di-processo\/","url":"https:\/\/www.kode-solutions.net\/it\/progetti-e-case-studies\/mixer-sviluppo-di-un-sistema-avanzato-di-controllo-di-processo\/","name":"Mixer: Sviluppo di un sistema avanzato di controllo di processo - Kode","isPartOf":{"@id":"https:\/\/www.kode-solutions.net\/#website"},"primaryImageOfPage":{"@id":"https:\/\/www.kode-solutions.net\/it\/progetti-e-case-studies\/mixer-sviluppo-di-un-sistema-avanzato-di-controllo-di-processo\/#primaryimage"},"image":{"@id":"https:\/\/www.kode-solutions.net\/it\/progetti-e-case-studies\/mixer-sviluppo-di-un-sistema-avanzato-di-controllo-di-processo\/#primaryimage"},"thumbnailUrl":"https:\/\/www.kode-solutions.net\/site\/wp-content\/uploads\/2024\/02\/Mixer_products.jpg","datePublished":"2024-02-23T11:41:33+00:00","dateModified":"2024-10-09T14:03:27+00:00","description":"Un sistema avanzato di controllo di processo basato su modelli predittivi per ridurre gi sprechi e ottimizzare la produzione.","breadcrumb":{"@id":"https:\/\/www.kode-solutions.net\/it\/progetti-e-case-studies\/mixer-sviluppo-di-un-sistema-avanzato-di-controllo-di-processo\/#breadcrumb"},"inLanguage":"it-IT","potentialAction":[{"@type":"ReadAction","target":["https:\/\/www.kode-solutions.net\/it\/progetti-e-case-studies\/mixer-sviluppo-di-un-sistema-avanzato-di-controllo-di-processo\/"]}]},{"@type":"ImageObject","inLanguage":"it-IT","@id":"https:\/\/www.kode-solutions.net\/it\/progetti-e-case-studies\/mixer-sviluppo-di-un-sistema-avanzato-di-controllo-di-processo\/#primaryimage","url":"https:\/\/www.kode-solutions.net\/site\/wp-content\/uploads\/2024\/02\/Mixer_products.jpg","contentUrl":"https:\/\/www.kode-solutions.net\/site\/wp-content\/uploads\/2024\/02\/Mixer_products.jpg","width":2549,"height":1490,"caption":"All-focus"},{"@type":"BreadcrumbList","@id":"https:\/\/www.kode-solutions.net\/it\/progetti-e-case-studies\/mixer-sviluppo-di-un-sistema-avanzato-di-controllo-di-processo\/#breadcrumb","itemListElement":[{"@type":"ListItem","position":1,"name":"Home","item":"https:\/\/www.kode-solutions.net\/it\/"},{"@type":"ListItem","position":2,"name":"Progetti","item":"https:\/\/www.kode-solutions.net\/it\/progetti-e-case-studies\/"},{"@type":"ListItem","position":3,"name":"Mixer: Sviluppo di un sistema avanzato di controllo di processo"}]},{"@type":"WebSite","@id":"https:\/\/www.kode-solutions.net\/#website","url":"https:\/\/www.kode-solutions.net\/","name":"Kode","description":"From Data to Knowledge","publisher":{"@id":"https:\/\/www.kode-solutions.net\/#organization"},"potentialAction":[{"@type":"SearchAction","target":{"@type":"EntryPoint","urlTemplate":"https:\/\/www.kode-solutions.net\/?s={search_term_string}"},"query-input":{"@type":"PropertyValueSpecification","valueRequired":true,"valueName":"search_term_string"}}],"inLanguage":"it-IT"},{"@type":"Organization","@id":"https:\/\/www.kode-solutions.net\/#organization","name":"Kode s.r.l.","url":"https:\/\/www.kode-solutions.net\/","logo":{"@type":"ImageObject","inLanguage":"it-IT","@id":"https:\/\/www.kode-solutions.net\/#\/schema\/logo\/image\/","url":"https:\/\/www.kode-solutions.net\/site\/wp-content\/uploads\/2022\/10\/kode.svg","contentUrl":"https:\/\/www.kode-solutions.net\/site\/wp-content\/uploads\/2022\/10\/kode.svg","width":121,"height":27,"caption":"Kode s.r.l."},"image":{"@id":"https:\/\/www.kode-solutions.net\/#\/schema\/logo\/image\/"},"sameAs":["https:\/\/www.facebook.com\/kode.solutions","https:\/\/x.com\/kode_solutions","https:\/\/www.instagram.com\/kode_solutions\/","https:\/\/www.linkedin.com\/company\/kode\/"]}]}},"_links":{"self":[{"href":"https:\/\/www.kode-solutions.net\/it\/wp-json\/wp\/v2\/pages\/4945","targetHints":{"allow":["GET"]}}],"collection":[{"href":"https:\/\/www.kode-solutions.net\/it\/wp-json\/wp\/v2\/pages"}],"about":[{"href":"https:\/\/www.kode-solutions.net\/it\/wp-json\/wp\/v2\/types\/page"}],"author":[{"embeddable":true,"href":"https:\/\/www.kode-solutions.net\/it\/wp-json\/wp\/v2\/users\/6"}],"replies":[{"embeddable":true,"href":"https:\/\/www.kode-solutions.net\/it\/wp-json\/wp\/v2\/comments?post=4945"}],"version-history":[{"count":8,"href":"https:\/\/www.kode-solutions.net\/it\/wp-json\/wp\/v2\/pages\/4945\/revisions"}],"predecessor-version":[{"id":6101,"href":"https:\/\/www.kode-solutions.net\/it\/wp-json\/wp\/v2\/pages\/4945\/revisions\/6101"}],"up":[{"embeddable":true,"href":"https:\/\/www.kode-solutions.net\/it\/wp-json\/wp\/v2\/pages\/5042"}],"wp:featuredmedia":[{"embeddable":true,"href":"https:\/\/www.kode-solutions.net\/it\/wp-json\/wp\/v2\/media\/4025"}],"wp:attachment":[{"href":"https:\/\/www.kode-solutions.net\/it\/wp-json\/wp\/v2\/media?parent=4945"}],"curies":[{"name":"wp","href":"https:\/\/api.w.org\/{rel}","templated":true}]}}