{"id":4927,"date":"2022-10-05T16:07:32","date_gmt":"2022-10-05T14:07:32","guid":{"rendered":"https:\/\/www.kode-solutions.net\/?page_id=4927"},"modified":"2026-04-28T09:25:56","modified_gmt":"2026-04-28T07:25:56","slug":"prodotti-e-framework-di-ai","status":"publish","type":"page","link":"https:\/\/www.kode-solutions.net\/it\/prodotti-e-framework-di-ai\/","title":{"rendered":"Prodotti"},"content":{"rendered":"\r\n\t<div class=\"main-column\" data-target=\"\" data-wrap=\"panel\">\r\n\t\t<div data-animate=\"\" class=\"qzr-dynamic-blocks   white-bkg\" data-block=\"panel\" data-fullscreen=\"\" data-type=\"card\">\r\n\t\t\t\n\n<div class=\"wp-block-columns is-layout-flex wp-container-core-columns-is-layout-9d6595d7 wp-block-columns-is-layout-flex\">\n<div class=\"wp-block-column is-layout-flow wp-block-column-is-layout-flow\" style=\"flex-basis:50%\">\n<h1 class=\"qzr-add-controls-is-panel-title is-style-font-kode-md-92 wp-block-heading\">I nostri prodotti e framework per te.<\/h1>\n\n\n\n<p class=\"is-style-font-kode-md-18\">Grazie alla nostra lunga esperienza in alcuni settori, abbiamo trasformato le richieste di business pi\u00f9 frequenti e pressanti, in prodotti pronti all&#8217;uso e in soluzioni da adattare velocemente, in base al contesto, per progetti pi\u00f9 efficienti.<\/p>\n\n\n\n<p><\/p>\n\n\n\n<p class=\"is-style-font-kode-md-18\">Grazie al nostro framework proprietario, Princess, siamo in grado di semplificare e accelerare lo sviluppo, la gestione e il monitoraggio dei progetti di Data Science.<br><a href=\"https:\/\/www.kode-solutions.net\/it\/prodotti\/princess\/\">Scopri di pi\u00f9 su Princess<\/a><\/p>\n<\/div>\n\n\n\n<div class=\"wp-block-column is-layout-flow wp-block-column-is-layout-flow\" style=\"flex-basis:50%\"><html><body><figure class=\"wp-block-post-featured-image\" data-has-live-image=\"1\"><img loading=\"lazy\" decoding=\"async\" width=\"769\" height=\"638\" src=\"https:\/\/www.kode-solutions.net\/site\/wp-content\/uploads\/2022\/11\/IMG_0580-1-1.png\" class=\"attachment-post-thumbnail size-post-thumbnail wp-post-image\" alt=\"\" style=\"object-fit:cover;\" srcset=\"https:\/\/www.kode-solutions.net\/site\/wp-content\/uploads\/2022\/11\/IMG_0580-1-1.png 769w, https:\/\/www.kode-solutions.net\/site\/wp-content\/uploads\/2022\/11\/IMG_0580-1-1-300x249.png 300w\" sizes=\"auto, (max-width: 769px) 100vw, 769px\"><\/img><\/figure><\/body><\/html><\/div>\n<\/div>\n\n\t\t\t\t\t<\/div>\r\n\t<\/div>\r\n\r\n\t\n\n\r\n\t<div class=\"main-column\" data-target=\"\" data-wrap=\"panel\">\r\n\t\t<div data-animate=\"text-animation\" class=\"qzr-dynamic-blocks   \" data-block=\"panel\" data-fullscreen=\"\" data-type=\"\">\r\n\t\t\t\n\n<h2 class=\"qzr-add-controls-is-panel-title is-style-font-kode-md-92 wp-block-heading\">I nostri prodotti principali<\/h2>\n\n\n\t\r\n\t<div data-animate=\"\" class=\"qzr-dynamic-blocks black-bkg white-txt\" data-block=\"card\">\r\n\t\t\t\t\t<div class=\"image-thumbnail-variant\" style=\"background-image: url(https:\/\/www.kode-solutions.net\/site\/wp-content\/uploads\/2026\/03\/img-blocco-3-definizione-1024x603.png)\"><\/div>\r\n\t\t\t<img decoding=\"async\" class=\"image-thumbnail\" alt=\"Dialogo\" src=\"https:\/\/www.kode-solutions.net\/site\/wp-content\/uploads\/2026\/03\/img-blocco-3-definizione-1024x603.png\">\r\n\t\t\r\n\t\t<div class=\"content-card has-icon\">\r\n\t\t\t\t\t<h3 class=\"is-style-font-kode-md-36 square-icon  has-icon\">\r\n\t\t\t\t\t\t\t\t\t<img decoding=\"async\" src=\"https:\/\/www.kode-solutions.net\/site\/wp-content\/uploads\/2025\/07\/Dialogo-icon.png\" class=\"card-icon\">\r\n\t\t\t\t\t\t\t\t<span>Dialogo<\/span>\r\n\t\t\t<\/h3>\r\n\t\t\t\t\t\t\t<h4 class=\"is-style-font-kode-md-24\">Operational Knowledge Intelligence<\/h4>\r\n\t\t\t\t\t\t<div class=\"description is-style-font-kode-md-16\">\r\n\t\t\t\t<p>Dialogo \u00e8 una soluzione di Operational Knowledge Intelligence che unisce la capacit\u00e0 di comprensione e reasoning dei modelli linguistici (SLM\/LLM\/VLM), il recupero affidabile delle informazioni chiave (RAG), Agenti operativi in grado di agire sui sistemi e algoritmi di data science per supportare analisi e decisioni, automatizzando l&#8217;operativit\u00e0 quotidiana e mantenendo il controllo nelle mani delle persone.<\/p>\n\t\t\t<\/div>\r\n\t\t\t\r\n\t\t\t\t\t\t\t\t\t\t\t\t<\/div>\r\n\t\t\r\n\t\t\t\t\t\t\t\t\t<div class=\"wrapper-icon\">\r\n\t\t\t\t\t<a class=\"icon\" title=\"DIALOGO\" data-label=\"\" href=\"https:\/\/www.kode-solutions.net\/it\/prodotti-e-framework-di-ai\/dialogo\/\"><\/a>\r\n\t\t\t\t<\/div>\r\n\t\t\t\t\t\t<\/div>\r\n\r\n\r\n\t\n\n\t\r\n\t<div data-animate=\"\" class=\"qzr-dynamic-blocks black-bkg white-txt\" data-block=\"card\">\r\n\t\t\t\t\t<div class=\"image-thumbnail-variant\" style=\"background-image: url(https:\/\/www.kode-solutions.net\/site\/wp-content\/uploads\/2022\/12\/unsplash_qvT_629hapk-6.png)\"><\/div>\r\n\t\t\t<img decoding=\"async\" class=\"image-thumbnail\" alt=\"Junes\" src=\"https:\/\/www.kode-solutions.net\/site\/wp-content\/uploads\/2022\/12\/unsplash_qvT_629hapk-6.png\">\r\n\t\t\r\n\t\t<div class=\"content-card has-icon\">\r\n\t\t\t\t\t<h3 class=\"is-style-font-kode-md-36  white-txt has-icon\">\r\n\t\t\t\t\t\t\t\t\t<img decoding=\"async\" src=\"https:\/\/www.kode-solutions.net\/site\/wp-content\/uploads\/2025\/02\/Junes_Logo4.png\" class=\"card-icon\">\r\n\t\t\t\t\t\t\t\t<span>Junes<\/span>\r\n\t\t\t<\/h3>\r\n\t\t\t\t\t\t\t<h4 class=\"is-style-font-kode-md-24\">La pi\u00f9 completa toolbox di chemoinformatica per R&#038;D<\/h4>\r\n\t\t\t\t\t\t<div class=\"description is-style-font-kode-md-16\">\r\n\t\t\t\t<p>Junes \u00e8 la risposta pi\u00f9 completa per accompagnare, con tutte le feature chemoinformatiche accessibili tramite un\u2019interfaccia grafica semplice ed intuitiva, l\u2019intero progetto di R&amp;D in ambito chimico farmaceutico, nutraceutico e chimico industriale per Design e scoperta di nuovi composti.&nbsp;<\/p>\n\t\t\t<\/div>\r\n\t\t\t\r\n\t\t\t\t\t\t\t\t\t\t\t\t<\/div>\r\n\t\t\r\n\t\t\t\t\t\t\t\t\t<div class=\"wrapper-icon\">\r\n\t\t\t\t\t<a class=\"icon\" title=\"Junes\" data-label=\"\" href=\"https:\/\/www.kode-solutions.net\/it\/prodotti-e-framework-di-ai\/junes\/\"><\/a>\r\n\t\t\t\t<\/div>\r\n\t\t\t\t\t\t<\/div>\r\n\r\n\r\n\t\n\n\t\r\n\t<div data-animate=\"\" class=\"qzr-dynamic-blocks black-bkg white-txt\" data-block=\"card\">\r\n\t\t\t\t\t<div class=\"image-thumbnail-variant\" style=\"background-image: url(https:\/\/www.kode-solutions.net\/site\/wp-content\/uploads\/2022\/12\/factorAI-immagine-1024x813.png)\"><\/div>\r\n\t\t\t<img decoding=\"async\" class=\"image-thumbnail\" alt=\"FactorAI\" src=\"https:\/\/www.kode-solutions.net\/site\/wp-content\/uploads\/2022\/12\/factorAI-immagine-1024x813.png\">\r\n\t\t\r\n\t\t<div class=\"content-card has-icon\">\r\n\t\t\t\t\t<h3 class=\"is-style-font-kode-md-36 square-icon  has-icon\">\r\n\t\t\t\t\t\t\t\t\t<img decoding=\"async\" src=\"https:\/\/www.kode-solutions.net\/site\/wp-content\/uploads\/2023\/01\/Icon-FactorAI.png\" class=\"card-icon\">\r\n\t\t\t\t\t\t\t\t<span>FactorAI<\/span>\r\n\t\t\t<\/h3>\r\n\t\t\t\t\t\t\t<h4 class=\"is-style-font-kode-md-24\">I processi industriali diventano pi\u00f9 semplici.<\/h4>\r\n\t\t\t\t\t\t<div class=\"description is-style-font-kode-md-16\">\r\n\t\t\t\t<p>La tua azienda fa molti sforzi per tenere insieme le informazioni industriali attraverso diversi software, suite, fogli Excel e note sparse? FactorAI \u00e8 la dashboard fondamentale per qualsiasi azienda che desideri utilizzare i dati all&#8217;interno dei propri processi industriali, per ottimizzarli, monitorarli e prevederli in modo coerente.&nbsp;<\/p>\n\t\t\t<\/div>\r\n\t\t\t\r\n\t\t\t\t\t\t\t\t\t\t\t\t<\/div>\r\n\t\t\r\n\t\t\t\t\t\t\t\t\t<div class=\"wrapper-icon\">\r\n\t\t\t\t\t<a class=\"icon\" title=\"FactorAI\" data-label=\"\" href=\"https:\/\/www.kode-solutions.net\/it\/prodotti-e-framework-di-ai\/factorai\/\"><\/a>\r\n\t\t\t\t<\/div>\r\n\t\t\t\t\t\t<\/div>\r\n\r\n\r\n\t\n\n\t\r\n\t<div data-animate=\"\" class=\"qzr-dynamic-blocks black-bkg white-txt\" data-block=\"card\">\r\n\t\t\t\t\t<div class=\"image-thumbnail-variant\" style=\"background-image: url(https:\/\/www.kode-solutions.net\/site\/wp-content\/uploads\/2024\/05\/unsplash_Oh9LImmiq34-1024x682.png)\"><\/div>\r\n\t\t\t<img decoding=\"async\" class=\"image-thumbnail\" alt=\"SpectralizeR\" src=\"https:\/\/www.kode-solutions.net\/site\/wp-content\/uploads\/2024\/05\/unsplash_Oh9LImmiq34-1024x682.png\">\r\n\t\t\r\n\t\t<div class=\"content-card \">\r\n\t\t\t\t\t<h3 class=\"is-style-font-kode-md-36   \">\r\n\t\t\t\t\t\t\t\t<span>SpectralizeR<\/span>\r\n\t\t\t<\/h3>\r\n\t\t\t\t\t\t\t<h4 class=\"is-style-font-kode-md-24\">L&#8217;anello mancante tra processo e dati spettroscopici.<\/h4>\r\n\t\t\t\t\t\t<div class=\"description is-style-font-kode-md-16\">\r\n\t\t\t\t<p>SpectralizeR crea un punto di contatto tra qualsiasi analisi spettroscopica applicata in contesti industriali e il processo produttivo stesso, consentendo di implementare l&#8217;automazione dei processi, l&#8217;analisi delle cause profonde e il supporto alle decisioni. Pu\u00f2 essere utilizzato on premise o in remoto, risultando di grande aiuto non solo per i responsabili dei processi ma anche per i produttori di strumenti analitici.&nbsp;<\/p>\n\t\t\t<\/div>\r\n\t\t\t\r\n\t\t\t\t\t\t\t\t\t\t\t\t<\/div>\r\n\t\t\r\n\t\t\t\t\t\t\t\t\t<div class=\"wrapper-icon\">\r\n\t\t\t\t\t<a class=\"icon\" title=\"SpectralizeR\" data-label=\"\" href=\"https:\/\/www.kode-solutions.net\/it\/prodotti-e-framework-di-ai\/spectralizer\/\"><\/a>\r\n\t\t\t\t<\/div>\r\n\t\t\t\t\t\t<\/div>\r\n\r\n\r\n\t\n\n\t\r\n\t<div data-animate=\"\" class=\"qzr-dynamic-blocks black-bkg white-txt\" data-block=\"card\">\r\n\t\t\t\t\t<div class=\"image-thumbnail-variant\" style=\"background-image: url(https:\/\/www.kode-solutions.net\/site\/wp-content\/uploads\/2022\/11\/unsplash_YQvdlkKYT34-1.png)\"><\/div>\r\n\t\t\t<img decoding=\"async\" class=\"image-thumbnail\" alt=\"Vega Toolkit\" src=\"https:\/\/www.kode-solutions.net\/site\/wp-content\/uploads\/2022\/11\/unsplash_YQvdlkKYT34-1.png\">\r\n\t\t\r\n\t\t<div class=\"content-card has-icon\">\r\n\t\t\t\t\t<h3 class=\"is-style-font-kode-md-36 square-icon  has-icon\">\r\n\t\t\t\t\t\t\t\t\t<img decoding=\"async\" src=\"https:\/\/www.kode-solutions.net\/site\/wp-content\/uploads\/2022\/11\/Group-148.png\" class=\"card-icon\">\r\n\t\t\t\t\t\t\t\t<span>Vega Toolkit<\/span>\r\n\t\t\t<\/h3>\r\n\t\t\t\t\t\t\t<h4 class=\"is-style-font-kode-md-24\">Processi Chimici, green by design.<\/h4>\r\n\t\t\t\t\t\t<div class=\"description is-style-font-kode-md-16\">\r\n\t\t\t\t<p>VEGA Toolkit \u00e8 una potente piattaforma software che offre strumenti per valutare le propriet\u00e0 biologiche e le attivit\u00e0 delle sostanze chimiche. Grazie a Vega Toolkit \u00e8 possibile migliorare tutte le attivit\u00e0 di ricerca e sviluppo in ambito chimico, farmaceutico e nutraceutico implementando una strategia green-by-design, ovvero valutando preventivamente l&#8217;impatto ambientale dei prodotti in sviluppo.<\/p>\n\t\t\t<\/div>\r\n\t\t\t\r\n\t\t\t\t\t\t\t\t\t\t\t\t<\/div>\r\n\t\t\r\n\t\t\t\t\t\t\t\t\t<div class=\"wrapper-icon\">\r\n\t\t\t\t\t<a class=\"icon\" title=\"VEGA Toolkit\" data-label=\"\" href=\"https:\/\/www.kode-solutions.net\/ai-products-solutions\/vega-toolkit-chemicals-activities-evalutaion-green-by-design\/\"><\/a>\r\n\t\t\t\t<\/div>\r\n\t\t\t\t\t\t<\/div>\r\n\r\n\r\n\t\n\n\t\r\n\t<div data-animate=\"\" class=\"qzr-dynamic-blocks black-bkg white-txt\" data-block=\"card\">\r\n\t\t\t\t\t<div class=\"image-thumbnail-variant\" style=\"background-image: url(https:\/\/www.kode-solutions.net\/site\/wp-content\/uploads\/2023\/11\/unsplash_At-LUvX6Eto-757x1024.png)\"><\/div>\r\n\t\t\t<img decoding=\"async\" class=\"image-thumbnail\" alt=\"Kodemetrics\" src=\"https:\/\/www.kode-solutions.net\/site\/wp-content\/uploads\/2023\/11\/unsplash_At-LUvX6Eto-757x1024.png\">\r\n\t\t\r\n\t\t<div class=\"content-card \">\r\n\t\t\t\t\t<h3 class=\"is-style-font-kode-md-36  white-txt \">\r\n\t\t\t\t\t\t\t\t<span>Kodemetrics<\/span>\r\n\t\t\t<\/h3>\r\n\t\t\t\t\t\t\t<h4 class=\"is-style-font-kode-md-24\">Lo strumento no-code e facile da usare per analizzare i dati sperimentali.<\/h4>\r\n\t\t\t\t\t\t<div class=\"description is-style-font-kode-md-16\">\r\n\t\t\t\t<p>Vuoi semplificare le tue routine analitiche? Kodemetrics \u00e8 lo strumento che consente l&#8217;analisi statistica esplorativa e predittiva e la generazione di progetti sperimentali (DoE) senza la necessit\u00e0 di padroneggiare un linguaggio di programmazione specifico.&nbsp;<\/p>\n\t\t\t<\/div>\r\n\t\t\t\r\n\t\t\t\t\t\t\t\t\t\t\t\t<\/div>\r\n\t\t\r\n\t\t\t\t\t\t\t\t\t<div class=\"wrapper-icon\">\r\n\t\t\t\t\t<a class=\"icon\" title=\"Kodemetrics\" data-label=\"\" href=\"https:\/\/www.kode-solutions.net\/ai-products-solutions\/kodemetrics\/\"><\/a>\r\n\t\t\t\t<\/div>\r\n\t\t\t\t\t\t<\/div>\r\n\r\n\r\n\t\n\t\t\t\t\t<\/div>\r\n\t<\/div>\r\n\r\n\t\n\n\t\t<div class=\"main-column\">\r\n\t\t\t<div data-animate=\"\" class=\"qzr-dynamic-blocks black-txt white-bkg\" data-block=\"call-to-action\">\r\n\t\t\t\t<div class=\"content\">\r\n\t\t\t\t\t\t\t\t\t\t<div class=\"is-style-font-kode-md-36\">\r\n\t\t\t\t\t\t<p>Domande sui nostri prodotti?<\/p>\n<p>Scrivici una email!<\/p>\t\t\t\t\t<\/div>\r\n\t\t\t\t<\/div>\r\n\t\t\t\t<div class=\"actions\">\r\n\t\t\t\t\t\t\t\t\t\t\t\t\t\t\t\t\t\t<div class=\"action\">\r\n\t\t\t\t\t\t\t\t<a class=\"button purple-bkg gray-txt\" href=\"#contactus\" title=\"Contattaci\" target=\"_blank\">\r\n\t\t\t\t\t\t\t\t\t\t\t\t\t\t\t\t\t\tContattaci\t\t\t\t\t\t\t\t<\/a>\r\n\t\t\t\t\t\t\t<\/div>\r\n\t\t\t\t\t\t\t\t\t\t\t\t\t\t\t<\/div>\r\n\t\t\t<\/div>\r\n\t\t<\/div>\r\n\r\n\t\n\n\t\t<div data-animate=\"fade-in\" class=\"main-column\">\r\n\t\t\t<div style=\"background-image: url(https:\/\/www.kode-solutions.net\/site\/wp-content\/uploads\/2022\/12\/unsplash_qvT_629hapk-2.png)\" class=\"qzr-dynamic-blocks\" data-block=\"quote-image\">\r\n\t\t\t\t<div class=\"col-6 white-txt is-style-font-kode-md-40\"><span>\u201c<\/span><p>Grazie all\u2019individuazione delle relazioni esistenti tra diversi processi, Kode ha costruito una visione multidimensionale della nostra attivit\u00e0, spingendo anche noi verso una crescita non solo tecnica ma anche immaginativa&nbsp;<\/p><span>\u201d<\/span><\/div>\r\n\t\t\t\t<div class=\"author white-txt is-style-font-kode-md-40\">Dott. Andrea Galanti, Mixer Spa<\/div>\r\n\t\t\t<\/div>\r\n\t\t<\/div>\r\n\r\n\t","protected":false},"excerpt":{"rendered":"","protected":false},"author":6,"featured_media":345,"parent":0,"menu_order":2,"comment_status":"closed","ping_status":"closed","template":"","meta":{"footnotes":""},"class_list":["post-4927","page","type-page","status-publish","has-post-thumbnail","hentry"],"qzr_fp_pages_ids":{"news":{"page_id":5040,"label":"Pagina news"}},"yoast_head":"<!-- This site is optimized with the Yoast SEO plugin v27.4 - https:\/\/yoast.com\/product\/yoast-seo-wordpress\/ -->\n<title>I nostri Prodotti e framework di Intelligenza Artificiale - Kode<\/title>\n<meta name=\"description\" content=\"La nostra esperienza trasformata in prodotti e framework di Intelligenza Artificiale pronti all&#039;uso per progetti pi\u00f9 efficienti\" \/>\n<meta name=\"robots\" content=\"index, follow, max-snippet:-1, max-image-preview:large, max-video-preview:-1\" \/>\n<link rel=\"canonical\" href=\"https:\/\/www.kode-solutions.net\/it\/prodotti-e-framework-di-ai\/\" \/>\n<meta property=\"og:locale\" content=\"it_IT\" \/>\n<meta property=\"og:type\" content=\"article\" \/>\n<meta property=\"og:title\" content=\"I nostri Prodotti e framework di Intelligenza Artificiale - Kode\" \/>\n<meta property=\"og:description\" content=\"La nostra esperienza trasformata in prodotti e framework di Intelligenza Artificiale pronti all&#039;uso per progetti pi\u00f9 efficienti\" \/>\n<meta property=\"og:url\" content=\"https:\/\/www.kode-solutions.net\/it\/prodotti-e-framework-di-ai\/\" \/>\n<meta property=\"og:site_name\" content=\"Kode\" \/>\n<meta property=\"article:publisher\" content=\"https:\/\/www.facebook.com\/kode.solutions\" \/>\n<meta property=\"article:modified_time\" content=\"2026-04-28T07:25:56+00:00\" \/>\n<meta property=\"og:image\" content=\"https:\/\/www.kode-solutions.net\/site\/wp-content\/uploads\/2022\/11\/IMG_0580-1-1.png\" \/>\n\t<meta property=\"og:image:width\" content=\"769\" \/>\n\t<meta property=\"og:image:height\" content=\"638\" \/>\n\t<meta property=\"og:image:type\" content=\"image\/png\" \/>\n<meta name=\"twitter:card\" content=\"summary_large_image\" \/>\n<meta name=\"twitter:site\" content=\"@kode_solutions\" \/>\n<meta name=\"twitter:label1\" content=\"Tempo di lettura stimato\" \/>\n\t<meta name=\"twitter:data1\" content=\"1 minuto\" \/>\n<script type=\"application\/ld+json\" class=\"yoast-schema-graph\">{\"@context\":\"https:\\\/\\\/schema.org\",\"@graph\":[{\"@type\":\"WebPage\",\"@id\":\"https:\\\/\\\/www.kode-solutions.net\\\/it\\\/prodotti-e-framework-di-ai\\\/\",\"url\":\"https:\\\/\\\/www.kode-solutions.net\\\/it\\\/prodotti-e-framework-di-ai\\\/\",\"name\":\"I nostri Prodotti e framework di Intelligenza Artificiale - Kode\",\"isPartOf\":{\"@id\":\"https:\\\/\\\/www.kode-solutions.net\\\/#website\"},\"primaryImageOfPage\":{\"@id\":\"https:\\\/\\\/www.kode-solutions.net\\\/it\\\/prodotti-e-framework-di-ai\\\/#primaryimage\"},\"image\":{\"@id\":\"https:\\\/\\\/www.kode-solutions.net\\\/it\\\/prodotti-e-framework-di-ai\\\/#primaryimage\"},\"thumbnailUrl\":\"https:\\\/\\\/www.kode-solutions.net\\\/site\\\/wp-content\\\/uploads\\\/2022\\\/11\\\/IMG_0580-1-1.png\",\"datePublished\":\"2022-10-05T14:07:32+00:00\",\"dateModified\":\"2026-04-28T07:25:56+00:00\",\"description\":\"La nostra esperienza trasformata in prodotti e framework di Intelligenza Artificiale pronti all'uso per progetti pi\u00f9 efficienti\",\"breadcrumb\":{\"@id\":\"https:\\\/\\\/www.kode-solutions.net\\\/it\\\/prodotti-e-framework-di-ai\\\/#breadcrumb\"},\"inLanguage\":\"it-IT\",\"potentialAction\":[{\"@type\":\"ReadAction\",\"target\":[\"https:\\\/\\\/www.kode-solutions.net\\\/it\\\/prodotti-e-framework-di-ai\\\/\"]}]},{\"@type\":\"ImageObject\",\"inLanguage\":\"it-IT\",\"@id\":\"https:\\\/\\\/www.kode-solutions.net\\\/it\\\/prodotti-e-framework-di-ai\\\/#primaryimage\",\"url\":\"https:\\\/\\\/www.kode-solutions.net\\\/site\\\/wp-content\\\/uploads\\\/2022\\\/11\\\/IMG_0580-1-1.png\",\"contentUrl\":\"https:\\\/\\\/www.kode-solutions.net\\\/site\\\/wp-content\\\/uploads\\\/2022\\\/11\\\/IMG_0580-1-1.png\",\"width\":769,\"height\":638},{\"@type\":\"BreadcrumbList\",\"@id\":\"https:\\\/\\\/www.kode-solutions.net\\\/it\\\/prodotti-e-framework-di-ai\\\/#breadcrumb\",\"itemListElement\":[{\"@type\":\"ListItem\",\"position\":1,\"name\":\"Home\",\"item\":\"https:\\\/\\\/www.kode-solutions.net\\\/it\\\/\"},{\"@type\":\"ListItem\",\"position\":2,\"name\":\"Prodotti\"}]},{\"@type\":\"WebSite\",\"@id\":\"https:\\\/\\\/www.kode-solutions.net\\\/#website\",\"url\":\"https:\\\/\\\/www.kode-solutions.net\\\/\",\"name\":\"Kode\",\"description\":\"From Data to Knowledge\",\"publisher\":{\"@id\":\"https:\\\/\\\/www.kode-solutions.net\\\/#organization\"},\"potentialAction\":[{\"@type\":\"SearchAction\",\"target\":{\"@type\":\"EntryPoint\",\"urlTemplate\":\"https:\\\/\\\/www.kode-solutions.net\\\/?s={search_term_string}\"},\"query-input\":{\"@type\":\"PropertyValueSpecification\",\"valueRequired\":true,\"valueName\":\"search_term_string\"}}],\"inLanguage\":\"it-IT\"},{\"@type\":\"Organization\",\"@id\":\"https:\\\/\\\/www.kode-solutions.net\\\/#organization\",\"name\":\"Kode s.r.l.\",\"url\":\"https:\\\/\\\/www.kode-solutions.net\\\/\",\"logo\":{\"@type\":\"ImageObject\",\"inLanguage\":\"it-IT\",\"@id\":\"https:\\\/\\\/www.kode-solutions.net\\\/#\\\/schema\\\/logo\\\/image\\\/\",\"url\":\"https:\\\/\\\/www.kode-solutions.net\\\/site\\\/wp-content\\\/uploads\\\/2022\\\/10\\\/kode.svg\",\"contentUrl\":\"https:\\\/\\\/www.kode-solutions.net\\\/site\\\/wp-content\\\/uploads\\\/2022\\\/10\\\/kode.svg\",\"width\":121,\"height\":27,\"caption\":\"Kode s.r.l.\"},\"image\":{\"@id\":\"https:\\\/\\\/www.kode-solutions.net\\\/#\\\/schema\\\/logo\\\/image\\\/\"},\"sameAs\":[\"https:\\\/\\\/www.facebook.com\\\/kode.solutions\",\"https:\\\/\\\/x.com\\\/kode_solutions\",\"https:\\\/\\\/www.instagram.com\\\/kode_solutions\\\/\",\"https:\\\/\\\/www.linkedin.com\\\/company\\\/kode\\\/\"]}]}<\/script>\n<!-- \/ Yoast SEO plugin. -->","yoast_head_json":{"title":"I nostri Prodotti e framework di Intelligenza Artificiale - Kode","description":"La nostra esperienza trasformata in prodotti e framework di Intelligenza Artificiale pronti all'uso per progetti pi\u00f9 efficienti","robots":{"index":"index","follow":"follow","max-snippet":"max-snippet:-1","max-image-preview":"max-image-preview:large","max-video-preview":"max-video-preview:-1"},"canonical":"https:\/\/www.kode-solutions.net\/it\/prodotti-e-framework-di-ai\/","og_locale":"it_IT","og_type":"article","og_title":"I nostri Prodotti e framework di Intelligenza Artificiale - Kode","og_description":"La nostra esperienza trasformata in prodotti e framework di Intelligenza Artificiale pronti all'uso per progetti pi\u00f9 efficienti","og_url":"https:\/\/www.kode-solutions.net\/it\/prodotti-e-framework-di-ai\/","og_site_name":"Kode","article_publisher":"https:\/\/www.facebook.com\/kode.solutions","article_modified_time":"2026-04-28T07:25:56+00:00","og_image":[{"width":769,"height":638,"url":"https:\/\/www.kode-solutions.net\/site\/wp-content\/uploads\/2022\/11\/IMG_0580-1-1.png","type":"image\/png"}],"twitter_card":"summary_large_image","twitter_site":"@kode_solutions","twitter_misc":{"Tempo di lettura stimato":"1 minuto"},"schema":{"@context":"https:\/\/schema.org","@graph":[{"@type":"WebPage","@id":"https:\/\/www.kode-solutions.net\/it\/prodotti-e-framework-di-ai\/","url":"https:\/\/www.kode-solutions.net\/it\/prodotti-e-framework-di-ai\/","name":"I nostri Prodotti e framework di Intelligenza Artificiale - Kode","isPartOf":{"@id":"https:\/\/www.kode-solutions.net\/#website"},"primaryImageOfPage":{"@id":"https:\/\/www.kode-solutions.net\/it\/prodotti-e-framework-di-ai\/#primaryimage"},"image":{"@id":"https:\/\/www.kode-solutions.net\/it\/prodotti-e-framework-di-ai\/#primaryimage"},"thumbnailUrl":"https:\/\/www.kode-solutions.net\/site\/wp-content\/uploads\/2022\/11\/IMG_0580-1-1.png","datePublished":"2022-10-05T14:07:32+00:00","dateModified":"2026-04-28T07:25:56+00:00","description":"La nostra esperienza trasformata in prodotti e framework di Intelligenza Artificiale pronti all'uso per progetti pi\u00f9 efficienti","breadcrumb":{"@id":"https:\/\/www.kode-solutions.net\/it\/prodotti-e-framework-di-ai\/#breadcrumb"},"inLanguage":"it-IT","potentialAction":[{"@type":"ReadAction","target":["https:\/\/www.kode-solutions.net\/it\/prodotti-e-framework-di-ai\/"]}]},{"@type":"ImageObject","inLanguage":"it-IT","@id":"https:\/\/www.kode-solutions.net\/it\/prodotti-e-framework-di-ai\/#primaryimage","url":"https:\/\/www.kode-solutions.net\/site\/wp-content\/uploads\/2022\/11\/IMG_0580-1-1.png","contentUrl":"https:\/\/www.kode-solutions.net\/site\/wp-content\/uploads\/2022\/11\/IMG_0580-1-1.png","width":769,"height":638},{"@type":"BreadcrumbList","@id":"https:\/\/www.kode-solutions.net\/it\/prodotti-e-framework-di-ai\/#breadcrumb","itemListElement":[{"@type":"ListItem","position":1,"name":"Home","item":"https:\/\/www.kode-solutions.net\/it\/"},{"@type":"ListItem","position":2,"name":"Prodotti"}]},{"@type":"WebSite","@id":"https:\/\/www.kode-solutions.net\/#website","url":"https:\/\/www.kode-solutions.net\/","name":"Kode","description":"From Data to Knowledge","publisher":{"@id":"https:\/\/www.kode-solutions.net\/#organization"},"potentialAction":[{"@type":"SearchAction","target":{"@type":"EntryPoint","urlTemplate":"https:\/\/www.kode-solutions.net\/?s={search_term_string}"},"query-input":{"@type":"PropertyValueSpecification","valueRequired":true,"valueName":"search_term_string"}}],"inLanguage":"it-IT"},{"@type":"Organization","@id":"https:\/\/www.kode-solutions.net\/#organization","name":"Kode s.r.l.","url":"https:\/\/www.kode-solutions.net\/","logo":{"@type":"ImageObject","inLanguage":"it-IT","@id":"https:\/\/www.kode-solutions.net\/#\/schema\/logo\/image\/","url":"https:\/\/www.kode-solutions.net\/site\/wp-content\/uploads\/2022\/10\/kode.svg","contentUrl":"https:\/\/www.kode-solutions.net\/site\/wp-content\/uploads\/2022\/10\/kode.svg","width":121,"height":27,"caption":"Kode s.r.l."},"image":{"@id":"https:\/\/www.kode-solutions.net\/#\/schema\/logo\/image\/"},"sameAs":["https:\/\/www.facebook.com\/kode.solutions","https:\/\/x.com\/kode_solutions","https:\/\/www.instagram.com\/kode_solutions\/","https:\/\/www.linkedin.com\/company\/kode\/"]}]}},"_links":{"self":[{"href":"https:\/\/www.kode-solutions.net\/it\/wp-json\/wp\/v2\/pages\/4927","targetHints":{"allow":["GET"]}}],"collection":[{"href":"https:\/\/www.kode-solutions.net\/it\/wp-json\/wp\/v2\/pages"}],"about":[{"href":"https:\/\/www.kode-solutions.net\/it\/wp-json\/wp\/v2\/types\/page"}],"author":[{"embeddable":true,"href":"https:\/\/www.kode-solutions.net\/it\/wp-json\/wp\/v2\/users\/6"}],"replies":[{"embeddable":true,"href":"https:\/\/www.kode-solutions.net\/it\/wp-json\/wp\/v2\/comments?post=4927"}],"version-history":[{"count":47,"href":"https:\/\/www.kode-solutions.net\/it\/wp-json\/wp\/v2\/pages\/4927\/revisions"}],"predecessor-version":[{"id":8866,"href":"https:\/\/www.kode-solutions.net\/it\/wp-json\/wp\/v2\/pages\/4927\/revisions\/8866"}],"wp:featuredmedia":[{"embeddable":true,"href":"https:\/\/www.kode-solutions.net\/it\/wp-json\/wp\/v2\/media\/345"}],"wp:attachment":[{"href":"https:\/\/www.kode-solutions.net\/it\/wp-json\/wp\/v2\/media?parent=4927"}],"curies":[{"name":"wp","href":"https:\/\/api.w.org\/{rel}","templated":true}]}}